{"id":5155,"date":"2025-09-17T11:11:07","date_gmt":"2025-09-17T09:11:07","guid":{"rendered":"https:\/\/boreait.com\/hu\/?post_type=product&#038;p=5155"},"modified":"2026-01-19T06:43:34","modified_gmt":"2026-01-19T05:43:34","slug":"eredeti-smart-card-olvaso-thinkpad-fru-04w3694-0b46412-04w2084-0b46411-2","status":"publish","type":"product","link":"https:\/\/boreait.com\/hu\/termek\/eredeti-smart-card-olvaso-thinkpad-fru-04w3694-0b46412-04w2084-0b46411-2\/","title":{"rendered":"Eredeti Smart Card olvas\u00f3 ThinkPad FRU 04W3694 0B46412 04W2084 0B46411"},"content":{"rendered":"<p>FRU 04W3694, 0B46412, 04W2084 \u00e9s 0B46411 azonos\u00edt\u00f3j\u00fa ThinkPad modellekhez k\u00e9sz\u00fclt eredeti Smart Card Readerrel n\u00f6velheti a ThinkPad biztons\u00e1g\u00e1t. Ez az eredeti intelligensk\u00e1rtya-olvas\u00f3 egy tov\u00e1bbi v\u00e9delmi r\u00e9teget k\u00edn\u00e1l, amely biztos\u00edtja az eszk\u00f6z biztons\u00e1gos hiteles\u00edt\u00e9s\u00e9t.<\/p>\n<p>F\u0151bb jellemz\u0151k:<\/p>\n<ul>\n<li>Eredeti intelligensk\u00e1rtya-olvas\u00f3<\/li>\n<li>A k\u00f6vetkez\u0151 ThinkPad modellekkel kompatibilis: FRU 04W3694, 0B46412, 04W2084, 0B46411<\/li>\n<li>Jav\u00edtja az eszk\u00f6z biztons\u00e1g\u00e1t<\/li>\n<li>K\u00f6nnyen telep\u00edthet\u0151 a biztons\u00e1gos hiteles\u00edt\u00e9s \u00e9rdek\u00e9ben<\/li>\n<\/ul>\n<p>Gy\u0151z\u0151dj\u00f6n meg a ThinkPad s\u00e9rtetlens\u00e9g\u00e9r\u0151l az eredeti intelligensk\u00e1rtya-olvas\u00f3 hozz\u00e1ad\u00e1s\u00e1val. K\u00e9nyelmes \u00e9s biztons\u00e1gos m\u00f3dot biztos\u00edt a hiteles\u00edt\u00e9sre, \u00e9s tov\u00e1bbi v\u00e9delmi r\u00e9teget ad eszk\u00f6z\u00e9hez.<\/p>\n<p>K\u00e9rj\u00fck, vegye figyelembe, hogy ez a lista val\u00f3s f\u00e9nyk\u00e9peket tartalmaz a ThinkPad FRU 04W3694 &#8211; 0B46412 04W2084 0B46411 eredeti intelligensk\u00e1rtya-olvas\u00f3j\u00e1r\u00f3l. Nincsenek telep\u00edt\u00e9si utas\u00edt\u00e1sok. Ha b\u00e1rmilyen k\u00e9rd\u00e9se van, vagy tov\u00e1bbi inform\u00e1ci\u00f3ra van sz\u00fcks\u00e9ge, forduljon bizalommal. N\u00f6velje ThinkPad biztons\u00e1g\u00e1t ezzel az eredeti intelligens k\u00e1rtyaolvas\u00f3val.<\/p>\n","protected":false},"excerpt":{"rendered":"<p>Fokozza ThinkPad biztons\u00e1gi funkci\u00f3it az eredeti Smart Card Reader (FRU 04W3694) seg\u00edts\u00e9g\u00e9vel. Ez az eredeti olvas\u00f3, amely kompatibilis az FRU 0B46412, 04W2084 \u00e9s 0B46411 szabv\u00e1nyokkal, tov\u00e1bbi v\u00e9delmet ny\u00fajt az eszk\u00f6z sz\u00e1m\u00e1ra. K\u00f6nnyen telep\u00edtheti ezt az intelligens k\u00e1rtyaolvas\u00f3t a biztons\u00e1gos hiteles\u00edt\u00e9s \u00e9s a nyugalom \u00e9rdek\u00e9ben.<\/p>\n","protected":false},"featured_media":5196,"template":"","meta":[],"product_brand":[],"product_cat":[27],"product_tag":[26],"class_list":{"0":"post-5155","1":"product","2":"type-product","3":"status-publish","4":"has-post-thumbnail","6":"product_cat-motherboards-board-parts","7":"product_tag-lenovo","9":"first","10":"instock","11":"taxable","12":"shipping-taxable","13":"purchasable","14":"product-type-simple"},"_links":{"self":[{"href":"https:\/\/boreait.com\/hu\/wp-json\/wp\/v2\/product\/5155","targetHints":{"allow":["GET"]}}],"collection":[{"href":"https:\/\/boreait.com\/hu\/wp-json\/wp\/v2\/product"}],"about":[{"href":"https:\/\/boreait.com\/hu\/wp-json\/wp\/v2\/types\/product"}],"wp:featuredmedia":[{"embeddable":true,"href":"https:\/\/boreait.com\/hu\/wp-json\/wp\/v2\/media\/5196"}],"wp:attachment":[{"href":"https:\/\/boreait.com\/hu\/wp-json\/wp\/v2\/media?parent=5155"}],"wp:term":[{"taxonomy":"product_brand","embeddable":true,"href":"https:\/\/boreait.com\/hu\/wp-json\/wp\/v2\/product_brand?post=5155"},{"taxonomy":"product_cat","embeddable":true,"href":"https:\/\/boreait.com\/hu\/wp-json\/wp\/v2\/product_cat?post=5155"},{"taxonomy":"product_tag","embeddable":true,"href":"https:\/\/boreait.com\/hu\/wp-json\/wp\/v2\/product_tag?post=5155"}],"curies":[{"name":"wp","href":"https:\/\/api.w.org\/{rel}","templated":true}]}}