{"id":5154,"date":"2025-09-17T11:11:06","date_gmt":"2025-09-17T09:11:06","guid":{"rendered":"https:\/\/boreait.com\/hu\/?post_type=product&#038;p=5154"},"modified":"2026-01-19T06:43:17","modified_gmt":"2026-01-19T05:43:17","slug":"eredeti-smart-card-olvaso-thinkpad-fru-04w3694-0b46412-04w2084-0b46411","status":"publish","type":"product","link":"https:\/\/boreait.com\/hu\/termek\/eredeti-smart-card-olvaso-thinkpad-fru-04w3694-0b46412-04w2084-0b46411\/","title":{"rendered":"Eredeti Smart Card olvas\u00f3 ThinkPad FRU 04W3694 &#8211; 0B46412 04W2084 0B46411"},"content":{"rendered":"<p>Friss\u00edtse ThinkPad biztons\u00e1gi funkci\u00f3it az eredeti intelligensk\u00e1rtya-olvas\u00f3val (FRU 04W3694 &#8211; 0B46412 04W2084 0B46411). Ez az eredeti tartoz\u00e9k, amelyet \u00fagy terveztek, hogy biztons\u00e1gos hozz\u00e1f\u00e9r\u00e9st biztos\u00edtson az eszk\u00f6zh\u00f6z, elengedhetetlen kieg\u00e9sz\u00edt\u0151 azok sz\u00e1m\u00e1ra, akik az adatv\u00e9delmet helyezik el\u0151t\u00e9rbe.<\/p>\n<p>F\u0151bb jellemz\u0151k:<\/p>\n<ul>\n<li>Eredeti Smart Card Reader for ThinkPad<\/li>\n<li>FRU (Helysz\u00ednen cser\u00e9lhet\u0151 egys\u00e9g) sz\u00e1m: 04W3694<\/li>\n<li>A k\u00f6vetkez\u0151 cikksz\u00e1mokkal kompatibilis: 0B46412, 04W2084, 0B46411<\/li>\n<li>Jav\u00edtja az eszk\u00f6z biztons\u00e1g\u00e1t<\/li>\n<li>K\u00f6nnyen telep\u00edthet\u0151<\/li>\n<li>K\u00fcl\u00f6nb\u00f6z\u0151 ThinkPad modellekkel kompatibilis<\/li>\n<\/ul>\n<p>Ak\u00e1r s\u00e9r\u00fclt k\u00e1rtyaolvas\u00f3t cser\u00e9l, ak\u00e1r egy extra biztons\u00e1gi r\u00e9teget ad a ThinkPadhez, ez az eredeti Smart Card Reader megb\u00edzhat\u00f3 \u00e9s biztons\u00e1gos hozz\u00e1f\u00e9r\u00e9st biztos\u00edt eszk\u00f6z\u00e9hez. Az FRU 04W3694 garant\u00e1lja a kompatibilit\u00e1st, \u00e9s a tov\u00e1bbi 0B46412, 04W2084 \u00e9s 0B46411 cikksz\u00e1mokkal a ThinkPad modellek sz\u00e9les sk\u00e1l\u00e1j\u00e1t fedi le.<\/p>\n<p>K\u00e9rj\u00fck, vegye figyelembe, hogy ez a lista val\u00f3di term\u00e9kfot\u00f3kat tartalmaz. A telep\u00edt\u00e9si utas\u00edt\u00e1sokat nem tartalmazza, de ha k\u00e9rd\u00e9se van, vagy seg\u00edts\u00e9gre van sz\u00fcks\u00e9ge, forduljon bizalommal. N\u00f6velje ThinkPadj\u00e9nek biztons\u00e1g\u00e1t ezzel az eredeti intelligensk\u00e1rtya-olvas\u00f3val, amelyet az eredeti ThinkPad tartoz\u00e9kok min\u0151s\u00e9gbiztos\u00edt\u00e1sa t\u00e1mogat.<\/p>\n","protected":false},"excerpt":{"rendered":"<p>N\u00f6velje ThinkPadj\u00e9nek biztons\u00e1g\u00e1t az eredeti intelligensk\u00e1rtya-olvas\u00f3val (FRU 04W3694 &#8211; 0B46412 04W2084 0B46411). Ez az eredeti tartoz\u00e9k biztons\u00e1gos hozz\u00e1f\u00e9r\u00e9st biztos\u00edt az eszk\u00f6zh\u00f6z, \u00e9s tov\u00e1bbi v\u00e9delmi r\u00e9teget ad hozz\u00e1. K\u00f6nnyen telep\u00edthet\u0151 \u00e9s kompatibilis a k\u00fcl\u00f6nb\u00f6z\u0151 ThinkPad modellekkel, t\u00f6k\u00e9letes v\u00e1laszt\u00e1s azok sz\u00e1m\u00e1ra, akik az adatbiztons\u00e1got fontosnak tartj\u00e1k.<\/p>\n","protected":false},"featured_media":5195,"template":"","meta":[],"product_brand":[],"product_cat":[27],"product_tag":[26],"class_list":{"0":"post-5154","1":"product","2":"type-product","3":"status-publish","4":"has-post-thumbnail","6":"product_cat-motherboards-board-parts","7":"product_tag-lenovo","9":"first","10":"instock","11":"taxable","12":"shipping-taxable","13":"purchasable","14":"product-type-simple"},"_links":{"self":[{"href":"https:\/\/boreait.com\/hu\/wp-json\/wp\/v2\/product\/5154","targetHints":{"allow":["GET"]}}],"collection":[{"href":"https:\/\/boreait.com\/hu\/wp-json\/wp\/v2\/product"}],"about":[{"href":"https:\/\/boreait.com\/hu\/wp-json\/wp\/v2\/types\/product"}],"wp:featuredmedia":[{"embeddable":true,"href":"https:\/\/boreait.com\/hu\/wp-json\/wp\/v2\/media\/5195"}],"wp:attachment":[{"href":"https:\/\/boreait.com\/hu\/wp-json\/wp\/v2\/media?parent=5154"}],"wp:term":[{"taxonomy":"product_brand","embeddable":true,"href":"https:\/\/boreait.com\/hu\/wp-json\/wp\/v2\/product_brand?post=5154"},{"taxonomy":"product_cat","embeddable":true,"href":"https:\/\/boreait.com\/hu\/wp-json\/wp\/v2\/product_cat?post=5154"},{"taxonomy":"product_tag","embeddable":true,"href":"https:\/\/boreait.com\/hu\/wp-json\/wp\/v2\/product_tag?post=5154"}],"curies":[{"name":"wp","href":"https:\/\/api.w.org\/{rel}","templated":true}]}}