{"id":5129,"date":"2025-09-17T11:10:42","date_gmt":"2025-09-17T09:10:42","guid":{"rendered":"https:\/\/boreait.com\/hu\/?post_type=product&#038;p=5129"},"modified":"2026-01-19T06:42:42","modified_gmt":"2026-01-19T05:42:42","slug":"lenovo-thinkpad-t460s-sc10h11228-a-szalagkabel-eredeti-cserealkatresz","status":"publish","type":"product","link":"https:\/\/boreait.com\/hu\/termek\/lenovo-thinkpad-t460s-sc10h11228-a-szalagkabel-eredeti-cserealkatresz\/","title":{"rendered":"Lenovo ThinkPad T460s SC10H11228 A szalagk\u00e1bel \u2013 Eredeti cserealkatr\u00e9sz"},"content":{"rendered":"<p>Revitaliz\u00e1lja Lenovo ThinkPad T460s k\u00e9sz\u00fcl\u00e9k\u00e9t az eredeti SC10H11228 A szalagk\u00e1bellel. Ha csatlakoz\u00e1si vagy m\u0171k\u00f6d\u00e9si probl\u00e9m\u00e1kat tapasztal, ez a cserealkatr\u00e9sz a megold\u00e1s, amire sz\u00fcks\u00e9ge van.<\/p>\n<p>F\u0151bb jellemz\u0151k:<\/p>\n<ul>\n<li>Modell: Lenovo ThinkPad T460s SC10H11228 A szalagk\u00e1bel<\/li>\n<li>Eredeti Lenovo alkatr\u00e9sz<\/li>\n<li>Az optim\u00e1lis csatlakoz\u00e1s \u00e9s teljes\u00edtm\u00e9ny biztos\u00edt\u00e1sa<\/li>\n<li>T\u00f6k\u00e9letes a s\u00e9r\u00fclt vagy hib\u00e1s k\u00e1belek cser\u00e9j\u00e9re<\/li>\n<li>Kompatibilis a Lenovo ThinkPad T460s laptopokkal<\/li>\n<\/ul>\n<p>Vissza\u00e1ll\u00edthatja laptopja m\u0171k\u00f6d\u00e9s\u00e9t ezzel a kiv\u00e1l\u00f3 min\u0151s\u00e9g\u0171 szalagk\u00e1bellel. A Lenovo szigor\u00fa szabv\u00e1nyainak megfelel\u0151en tervezett eredeti alkatr\u00e9sz z\u00f6kken\u0151mentes csatlakoztathat\u00f3s\u00e1got \u00e9s megb\u00edzhat\u00f3s\u00e1got garant\u00e1l. Ez a t\u00f6k\u00e9letes megold\u00e1s arra, hogy ThinkPad T460s k\u00e9sz\u00fcl\u00e9ke a lehet\u0151 legjobban m\u0171k\u00f6dj\u00f6n.<\/p>\n<p>K\u00e9rj\u00fck, vegye figyelembe, hogy a list\u00e1n szerepl\u0151 term\u00e9kk\u00e9pek val\u00f3di fot\u00f3k a Lenovo ThinkPad T460s SC10H11228 A szalagk\u00e1belr\u0151l, amelyet megkap. Telep\u00edt\u00e9si \u00fatmutat\u00f3 nincs megadva, de ha b\u00e1rmilyen k\u00e9rd\u00e9se van, vagy seg\u00edts\u00e9gre van sz\u00fcks\u00e9ge, forduljon hozz\u00e1nk bizalommal.<\/p>\n<p>N\u00f6velje laptopja teljes\u00edtm\u00e9ny\u00e9t ezzel az eredeti Lenovo cserealkatr\u00e9szrel. Friss\u00edtsen magabiztosan, \u00e9s tartsa ThinkPad T460 k\u00e9sz\u00fcl\u00e9k\u00e9t kiv\u00e1l\u00f3 \u00e1llapotban.<\/p>\n","protected":false},"excerpt":{"rendered":"<p>Cser\u00e9lje ki a s\u00e9r\u00fclt vagy hib\u00e1san m\u0171k\u00f6d\u0151 szalagk\u00e1belt az eredeti Lenovo ThinkPad T460s SC10H11228 A szalagk\u00e1belre. Ez a kiv\u00e1l\u00f3 min\u0151s\u00e9g\u0171 cserealkatr\u00e9sz z\u00f6kken\u0151mentes csatlakoz\u00e1st \u00e9s optim\u00e1lis teljes\u00edtm\u00e9nyt biztos\u00edt laptopja sz\u00e1m\u00e1ra. B\u00edzzon a Lenovo megb\u00edzhat\u00f3s\u00e1g\u00e1ban, hogy k\u00e9sz\u00fcl\u00e9ke z\u00f6kken\u0151mentesen m\u0171k\u00f6dj\u00f6n.<\/p>\n","protected":false},"featured_media":5173,"template":"","meta":[],"product_brand":[],"product_cat":[20],"product_tag":[26],"class_list":{"0":"post-5129","1":"product","2":"type-product","3":"status-publish","4":"has-post-thumbnail","6":"product_cat-cables","7":"product_tag-lenovo","9":"first","10":"instock","11":"taxable","12":"shipping-taxable","13":"purchasable","14":"product-type-simple"},"_links":{"self":[{"href":"https:\/\/boreait.com\/hu\/wp-json\/wp\/v2\/product\/5129","targetHints":{"allow":["GET"]}}],"collection":[{"href":"https:\/\/boreait.com\/hu\/wp-json\/wp\/v2\/product"}],"about":[{"href":"https:\/\/boreait.com\/hu\/wp-json\/wp\/v2\/types\/product"}],"wp:featuredmedia":[{"embeddable":true,"href":"https:\/\/boreait.com\/hu\/wp-json\/wp\/v2\/media\/5173"}],"wp:attachment":[{"href":"https:\/\/boreait.com\/hu\/wp-json\/wp\/v2\/media?parent=5129"}],"wp:term":[{"taxonomy":"product_brand","embeddable":true,"href":"https:\/\/boreait.com\/hu\/wp-json\/wp\/v2\/product_brand?post=5129"},{"taxonomy":"product_cat","embeddable":true,"href":"https:\/\/boreait.com\/hu\/wp-json\/wp\/v2\/product_cat?post=5129"},{"taxonomy":"product_tag","embeddable":true,"href":"https:\/\/boreait.com\/hu\/wp-json\/wp\/v2\/product_tag?post=5129"}],"curies":[{"name":"wp","href":"https:\/\/api.w.org\/{rel}","templated":true}]}}