{"id":5127,"date":"2025-09-17T11:10:42","date_gmt":"2025-09-17T09:10:42","guid":{"rendered":"https:\/\/boreait.com\/hu\/?post_type=product&#038;p=5127"},"modified":"2026-01-12T10:27:05","modified_gmt":"2026-01-12T09:27:05","slug":"hp-35090f700-600-g-eredeti-eredeti-dvd-csatlakozo-cq57-300-sorozat-ce71","status":"publish","type":"product","link":"https:\/\/boreait.com\/hu\/termek\/hp-35090f700-600-g-eredeti-eredeti-dvd-csatlakozo-cq57-300-sorozat-ce71\/","title":{"rendered":"HP 35090F700-600-G eredeti, eredeti DVD-csatlakoz\u00f3 CQ57-300 sorozat (CE71)"},"content":{"rendered":"<p>N\u00f6velje HP CQ57-300 Series(CE71) laptopja funkcionalit\u00e1s\u00e1t az eredeti \u00e9s eredeti HP 35090F700-600-G DVD-csatlakoz\u00f3val. Ezt a csatlakoz\u00f3t \u00fagy tervezt\u00e9k, hogy biztons\u00e1gos \u00e9s z\u00f6kken\u0151mentes kapcsolatot hozzon l\u00e9tre a DVD-meghajt\u00f3val, \u00edgy biztos\u00edtva az optim\u00e1lis teljes\u00edtm\u00e9nyt \u00e9s kompatibilit\u00e1st.<\/p>\n<p>F\u0151bb jellemz\u0151k:<\/p>\n<ul>\n<li>Eredeti HP eredeti alkatr\u00e9sz<\/li>\n<li>T\u00edpus: 35090F700-600-G<\/li>\n<li>Kompatibilit\u00e1s: HP CQ57-300 sorozat (CE71)<\/li>\n<li>Megb\u00edzhat\u00f3 kapcsolatot biztos\u00edt a DVD-meghajt\u00f3 sz\u00e1m\u00e1ra<\/li>\n<\/ul>\n<p>Magabiztosan friss\u00edtse laptopj\u00e1t, tudva, hogy eredeti HP alkatr\u00e9szt haszn\u00e1l. A HP 35090F700-600-G DVD-csatlakoz\u00f3t \u00fagy tervezt\u00e9k, hogy megfeleljen a HP magas min\u0151s\u00e9gi \u00e9s kompatibilit\u00e1si k\u00f6vetelm\u00e9nyeinek, \u00edgy garant\u00e1lt a t\u00f6k\u00e9letes illeszked\u00e9s.<\/p>\n<p>K\u00e9rj\u00fck, vegye figyelembe, hogy ez a lista val\u00f3s f\u00e9nyk\u00e9peket tartalmaz a HP 35090F700-600-G DVD-csatlakoz\u00f3r\u00f3l, \u00e9s nem tartalmaz telep\u00edt\u00e9si utas\u00edt\u00e1st. Ha b\u00e1rmilyen k\u00e9rd\u00e9se van, vagy tov\u00e1bbi inform\u00e1ci\u00f3ra van sz\u00fcks\u00e9ge, forduljon bizalommal. Fokozza HP laptopja k\u00e9pess\u00e9geit ezzel az eredeti HP DVD-csatlakoz\u00f3val, \u00e9s tapasztalja meg DVD-meghajt\u00f3ja megb\u00edzhat\u00f3 teljes\u00edtm\u00e9ny\u00e9t.<\/p>\n","protected":false},"excerpt":{"rendered":"<p>Fejlessze HP CQ57-300 Series(CE71) laptopj\u00e1t az eredeti \u00e9s eredeti HP 35090F700-600-G DVD-csatlakoz\u00f3val. Ez a csatlakoz\u00f3 z\u00f6kken\u0151mentes csatlakoz\u00e1st biztos\u00edt DVD-meghajt\u00f3j\u00e1hoz, megb\u00edzhat\u00f3 teljes\u00edtm\u00e9nyt \u00e9s kompatibilit\u00e1st biztos\u00edtva. B\u00edzzon a HP alkatr\u00e9szek eredetis\u00e9g\u00e9ben a t\u00f6k\u00e9letes illeszked\u00e9s \u00e9s funkcionalit\u00e1s \u00e9rdek\u00e9ben.<\/p>\n","protected":false},"featured_media":5171,"template":"","meta":[],"product_brand":[],"product_cat":[20],"product_tag":[25],"class_list":{"0":"post-5127","1":"product","2":"type-product","3":"status-publish","4":"has-post-thumbnail","6":"product_cat-cables","7":"product_tag-hp","9":"first","10":"instock","11":"taxable","12":"shipping-taxable","13":"purchasable","14":"product-type-simple"},"_links":{"self":[{"href":"https:\/\/boreait.com\/hu\/wp-json\/wp\/v2\/product\/5127","targetHints":{"allow":["GET"]}}],"collection":[{"href":"https:\/\/boreait.com\/hu\/wp-json\/wp\/v2\/product"}],"about":[{"href":"https:\/\/boreait.com\/hu\/wp-json\/wp\/v2\/types\/product"}],"wp:featuredmedia":[{"embeddable":true,"href":"https:\/\/boreait.com\/hu\/wp-json\/wp\/v2\/media\/5171"}],"wp:attachment":[{"href":"https:\/\/boreait.com\/hu\/wp-json\/wp\/v2\/media?parent=5127"}],"wp:term":[{"taxonomy":"product_brand","embeddable":true,"href":"https:\/\/boreait.com\/hu\/wp-json\/wp\/v2\/product_brand?post=5127"},{"taxonomy":"product_cat","embeddable":true,"href":"https:\/\/boreait.com\/hu\/wp-json\/wp\/v2\/product_cat?post=5127"},{"taxonomy":"product_tag","embeddable":true,"href":"https:\/\/boreait.com\/hu\/wp-json\/wp\/v2\/product_tag?post=5127"}],"curies":[{"name":"wp","href":"https:\/\/api.w.org\/{rel}","templated":true}]}}