{"id":5104,"date":"2025-09-17T11:10:18","date_gmt":"2025-09-17T09:10:18","guid":{"rendered":"https:\/\/boreait.com\/hu\/?post_type=product&#038;p=5104"},"modified":"2025-09-17T11:11:04","modified_gmt":"2025-09-17T09:11:04","slug":"zsanerok-a-hp-245-g3-250-g3-15-g-15-r-15-s-sorozathoz-749655-011-am14d000100-am14d000200","status":"publish","type":"product","link":"https:\/\/boreait.com\/hu\/termek\/zsanerok-a-hp-245-g3-250-g3-15-g-15-r-15-s-sorozathoz-749655-011-am14d000100-am14d000200\/","title":{"rendered":"Zsan\u00e9rok a HP 245 G3 250 G3 15-G 15-R 15-S sorozathoz 749655-011, AM14D000100, AM14D000200"},"content":{"rendered":"<div class=\"flex flex-grow flex-col max-w-full gap-3 gizmo:gap-0\">\n<div class=\"min-h-[20px] text-message peer flex flex-col items-start gap-3 whitespace-pre-wrap break-words peer-[.text-message]:mt-5 overflow-x-auto\" data-message-author-role=\"assistant\" data-message-id=\"5b88dc9e-1848-409f-9356-cadec6746722\">\n<div class=\"markdown prose w-full break-words dark:prose-invert light\">\n<p>A HP 245 G3, 250 G3, 15-G, 15-R vagy 15-S sorozat\u00fa laptopja zsan\u00e9rjai megs\u00e9r\u00fcltek, vagy probl\u00e9m\u00e1kat okoznak a k\u00e9perny\u0151 mozg\u00e1s\u00e1ban? \u00c1ll\u00edtsa vissza a k\u00e9perny\u0151 egyenletes \u00e9s tart\u00f3s mozg\u00e1s\u00e1t ezzel az eredeti cserealkatr\u00e9szsel, amelyet ezekhez a laptopmodellekhez terveztek.<\/p>\n<p><strong>F\u0151bb jellemz\u0151k:<\/strong><\/p>\n<ul>\n<li><strong>Kompatibilit\u00e1s:<\/strong> Ezek a csukl\u00f3p\u00e1ntok kompatibilisek a HP 245 G3, 250 G3, 15-G, 15-R \u00e9s 15-S sorozat\u00fa laptopokkal.<\/li>\n<li><strong>Eredeti cserealkatr\u00e9sz:<\/strong> Gy\u0151z\u0151dj\u00f6n meg a cserep\u00e1ntok min\u0151s\u00e9g\u00e9r\u0151l \u00e9s kompatibilit\u00e1s\u00e1r\u00f3l ezekkel az eredeti alkatr\u00e9szekkel.<\/li>\n<li><strong>Egyenletes k\u00e9perny\u0151mozg\u00e1s:<\/strong> \u00c1ll\u00edtsa vissza a laptop k\u00e9perny\u0151j\u00e9nek nyit\u00e1s\u00e1hoz \u00e9s bez\u00e1r\u00e1s\u00e1hoz sz\u00fcks\u00e9ges megfelel\u0151 funkci\u00f3kat.<\/li>\n<li><strong>Egyszer\u0171 telep\u00edt\u00e9s:<\/strong> A zsan\u00e9rok cser\u00e9je egyszer\u0171, \u00e9s szabv\u00e1nyos szersz\u00e1mokkal is elv\u00e9gezhet\u0151.<\/li>\n<li><strong>Alkatr\u00e9szsz\u00e1mok:<\/strong> 749655-011, AM14D000100, AM14D000200<\/li>\n<\/ul>\n<p>Friss\u00edtse HP 245 G3, 250 G3, 15-G, 15-R \u00e9s 15-S sorozat\u00fa laptopja k\u00e9perny\u0151szerkezet\u00e9t ezekkel az eredeti cserep\u00e1ntokkal. Biztos\u00edtsa laptopja z\u00f6kken\u0151mentes \u00e9s tart\u00f3s m\u0171k\u00f6d\u00e9s\u00e9t.<\/p>\n<p>Ha tov\u00e1bbi term\u00e9kei vannak list\u00e1zni, vagy tov\u00e1bbi inform\u00e1ci\u00f3ra van sz\u00fcks\u00e9ge, k\u00e9rj\u00fck, jelezze, \u00e9s a tov\u00e1bbiakban is seg\u00edtek.<\/p>\n<\/div>\n<\/div>\n<\/div>\n<div class=\"flex justify-between empty:hidden gizmo:justify-start gizmo:gap-3 lg:block gizmo:lg:flex\">\n<div class=\"text-gray-400 flex self-end lg:self-center justify-center gizmo:lg:justify-start mt-2 gizmo:mt-0 l\u00e1that\u00f3 hi\u00e1nyoss\u00e1g-1\"><\/div>\n<\/div>\n","protected":false},"excerpt":{"rendered":"<p>Cser\u00e9lje ki laptopja zsan\u00e9rjait erre az eredeti cserealkatr\u00e9szre a HP 245 G3, 250 G3, 15-G, 15-R \u00e9s 15-S sorozatokhoz. Biztos\u00edtsa a k\u00e9perny\u0151 sima \u00e9s tart\u00f3s mozg\u00e1s\u00e1t.<\/p>\n","protected":false},"featured_media":5151,"template":"","meta":[],"product_brand":[],"product_cat":[19],"product_tag":[25],"class_list":{"0":"post-5104","1":"product","2":"type-product","3":"status-publish","4":"has-post-thumbnail","6":"product_cat-screen-hinge","7":"product_tag-hp","9":"first","10":"instock","11":"taxable","12":"shipping-taxable","13":"purchasable","14":"product-type-simple"},"_links":{"self":[{"href":"https:\/\/boreait.com\/hu\/wp-json\/wp\/v2\/product\/5104","targetHints":{"allow":["GET"]}}],"collection":[{"href":"https:\/\/boreait.com\/hu\/wp-json\/wp\/v2\/product"}],"about":[{"href":"https:\/\/boreait.com\/hu\/wp-json\/wp\/v2\/types\/product"}],"wp:featuredmedia":[{"embeddable":true,"href":"https:\/\/boreait.com\/hu\/wp-json\/wp\/v2\/media\/5151"}],"wp:attachment":[{"href":"https:\/\/boreait.com\/hu\/wp-json\/wp\/v2\/media?parent=5104"}],"wp:term":[{"taxonomy":"product_brand","embeddable":true,"href":"https:\/\/boreait.com\/hu\/wp-json\/wp\/v2\/product_brand?post=5104"},{"taxonomy":"product_cat","embeddable":true,"href":"https:\/\/boreait.com\/hu\/wp-json\/wp\/v2\/product_cat?post=5104"},{"taxonomy":"product_tag","embeddable":true,"href":"https:\/\/boreait.com\/hu\/wp-json\/wp\/v2\/product_tag?post=5104"}],"curies":[{"name":"wp","href":"https:\/\/api.w.org\/{rel}","templated":true}]}}