{"id":5102,"date":"2025-09-17T11:10:18","date_gmt":"2025-09-17T09:10:18","guid":{"rendered":"https:\/\/boreait.com\/hu\/?post_type=product&#038;p=5102"},"modified":"2025-09-17T11:10:58","modified_gmt":"2025-09-17T09:10:58","slug":"lenovo-thinkpad-t460s-shell-also-haz-sm10h22116-eredeti-cserealkatresz","status":"publish","type":"product","link":"https:\/\/boreait.com\/hu\/termek\/lenovo-thinkpad-t460s-shell-also-haz-sm10h22116-eredeti-cserealkatresz\/","title":{"rendered":"Lenovo THINKPAD T460s Shell als\u00f3 h\u00e1z SM10H22116 \u2013 Eredeti cserealkatr\u00e9sz"},"content":{"rendered":"<p>Adjon \u00faj \u00e9letet Lenovo THINKPAD T460s k\u00e9sz\u00fcl\u00e9k\u00e9nek a Lenovo THINKPAD T460s Shell Bottom Housing SM10H22116 h\u00e1zzal. Ezt az eredeti cserealkatr\u00e9szt a precizit\u00e1s \u00e9s a tart\u00f3ss\u00e1g szem el\u0151tt tart\u00e1s\u00e1val k\u00e9sz\u00edtett\u00e9k, \u00e9s z\u00f6kken\u0151mentesen illeszkedik laptopj\u00e1hoz.<\/p>\n<p>F\u0151bb jellemz\u0151k:<\/p>\n<ul>\n<li>Modell: SM10H22116<\/li>\n<li>Kompatibilit\u00e1s: Lenovo THINKPAD T460s<\/li>\n<li>Eredeti Lenovo cserealkatr\u00e9sz<\/li>\n<\/ul>\n<p>Ak\u00e1r a megl\u00e9v\u0151 als\u00f3 h\u00e1z elhaszn\u00e1l\u00f3dott, ak\u00e1r s\u00e9r\u00fclt, ez a cserealkatr\u00e9sz biztos\u00edtja, hogy a laptop szerkezeti integrit\u00e1sa helyre\u00e1lljon. A Lenovo \u00e1ltal tervezett t\u00f6k\u00e9letes illeszked\u00e9st garant\u00e1lja, megtartva a THINKPAD T460-ast\u00f3l elv\u00e1rt magas sz\u00ednvonalat.<\/p>\n<p>K\u00e9rj\u00fck, vegye figyelembe, hogy ez a lista val\u00f3di f\u00e9nyk\u00e9peket tartalmaz a Lenovo THINKPAD T460s Shell Bottom Housing SM10H22116 h\u00e1z\u00e1r\u00f3l, \u00e9s nem tartalmaz telep\u00edt\u00e9si utas\u00edt\u00e1st. Ha tov\u00e1bbi seg\u00edts\u00e9gre van sz\u00fcks\u00e9ge, vagy k\u00e9rd\u00e9se van, forduljon bizalommal. Fektessen be laptopja eredeti Lenovo-alkatr\u00e9szeinek hiteless\u00e9g\u00e9be \u00e9s megb\u00edzhat\u00f3s\u00e1g\u00e1ba, \u00e9s tapasztalja meg a teljes\u00edtm\u00e9ny \u00e9s a hossz\u00fa \u00e9lettartam k\u00f6z\u00f6tti k\u00fcl\u00f6nbs\u00e9get.<\/p>\n","protected":false},"excerpt":{"rendered":"<p>Revitaliz\u00e1lja Lenovo THINKPAD T460s k\u00e9sz\u00fcl\u00e9k\u00e9t az eredeti, SM10H22116 modell\u0171 Shell als\u00f3 h\u00e1zzal. Ezt a tart\u00f3ss\u00e1gra \u00e9s pontoss\u00e1gra tervezett h\u00e1zat \u00fagy tervezt\u00e9k, hogy probl\u00e9mamentesen cser\u00e9lje laptopja kopott vagy s\u00e9r\u00fclt als\u00f3 burkolat\u00e1t. \u00c1ll\u00edtsa vissza laptopja integrit\u00e1s\u00e1t ezzel az autentikus Lenovo alkatr\u00e9szrel, \u00e9s biztos\u00edtsa a t\u00f6k\u00e9letes illeszked\u00e9st az optim\u00e1lis teljes\u00edtm\u00e9ny \u00e9rdek\u00e9ben.<\/p>\n","protected":false},"featured_media":5147,"template":"","meta":[],"product_brand":[],"product_cat":[16],"product_tag":[],"class_list":{"0":"post-5102","1":"product","2":"type-product","3":"status-publish","4":"has-post-thumbnail","6":"product_cat-laptop-housing","8":"first","9":"instock","10":"taxable","11":"shipping-taxable","12":"purchasable","13":"product-type-simple"},"_links":{"self":[{"href":"https:\/\/boreait.com\/hu\/wp-json\/wp\/v2\/product\/5102","targetHints":{"allow":["GET"]}}],"collection":[{"href":"https:\/\/boreait.com\/hu\/wp-json\/wp\/v2\/product"}],"about":[{"href":"https:\/\/boreait.com\/hu\/wp-json\/wp\/v2\/types\/product"}],"wp:featuredmedia":[{"embeddable":true,"href":"https:\/\/boreait.com\/hu\/wp-json\/wp\/v2\/media\/5147"}],"wp:attachment":[{"href":"https:\/\/boreait.com\/hu\/wp-json\/wp\/v2\/media?parent=5102"}],"wp:term":[{"taxonomy":"product_brand","embeddable":true,"href":"https:\/\/boreait.com\/hu\/wp-json\/wp\/v2\/product_brand?post=5102"},{"taxonomy":"product_cat","embeddable":true,"href":"https:\/\/boreait.com\/hu\/wp-json\/wp\/v2\/product_cat?post=5102"},{"taxonomy":"product_tag","embeddable":true,"href":"https:\/\/boreait.com\/hu\/wp-json\/wp\/v2\/product_tag?post=5102"}],"curies":[{"name":"wp","href":"https:\/\/api.w.org\/{rel}","templated":true}]}}