{"id":5091,"date":"2025-09-17T11:09:55","date_gmt":"2025-09-17T09:09:55","guid":{"rendered":"https:\/\/boreait.com\/hu\/?post_type=product&#038;p=5091"},"modified":"2025-09-17T11:10:54","modified_gmt":"2025-09-17T09:10:54","slug":"toshiba-satellite-c660-115-feher-laptop-billentyuzet-9z-n4wsq-aebl6500020-eredeti-csere","status":"publish","type":"product","link":"https:\/\/boreait.com\/hu\/termek\/toshiba-satellite-c660-115-feher-laptop-billentyuzet-9z-n4wsq-aebl6500020-eredeti-csere\/","title":{"rendered":"Toshiba Satellite C660-115 feh\u00e9r laptop billenty\u0171zet 9Z.N4WSQ AEBL6500020 \u2013 Eredeti csere"},"content":{"rendered":"<p>Fedezze fel a t\u00f6k\u00e9letes megold\u00e1st Toshiba Satellite C660-115 laptopj\u00e1hoz a 9Z.N4WSQ AEBL6500020 cikksz\u00e1m\u00fa, eredeti cserebillenty\u0171zettel. Ha probl\u00e9m\u00e1kat tapasztal jelenlegi billenty\u0171zet\u00e9vel, vagy elj\u00f6tt a friss\u00edt\u00e9s ideje, ez a billenty\u0171zet az ide\u00e1lis v\u00e1laszt\u00e1s.<\/p>\n<p>F\u0151bb jellemz\u0151k:<\/p>\n<ul>\n<li>Kompatibilit\u00e1s: Toshiba Satellite C660-115<\/li>\n<li>T\u00edpus: 9Z.N4WSQ AEBL6500020<\/li>\n<li>Eredeti Toshiba cserealkatr\u00e9sz<\/li>\n<li>K\u00f6nny\u0171 telep\u00edt\u00e9s, utas\u00edt\u00e1sok n\u00e9lk\u00fcl<\/li>\n<li>Billenty\u0171zetkioszt\u00e1s: SLO \/ szlov\u00e9n<\/li>\n<li>Sz\u00edn: feh\u00e9r<\/li>\n<\/ul>\n<p>Vissza\u00e1ll\u00edtsa laptopja k\u00e9nyelm\u00e9t \u00e9s funkcionalit\u00e1s\u00e1t ezzel az autentikus Toshiba Satellite billenty\u0171zettel. A tart\u00f3ss\u00e1gra \u00e9s pontoss\u00e1gra kialak\u00edtott billenty\u0171zet sima \u00e9s \u00e9rz\u00e9keny g\u00e9pel\u00e9si \u00e9lm\u00e9nyt biztos\u00edt. Legyen sz\u00f3 di\u00e1k, professzion\u00e1lis vagy alkalmi felhaszn\u00e1l\u00f3r\u00f3l, a funkcion\u00e1lis billenty\u0171zet elengedhetetlen az optim\u00e1lis termel\u00e9kenys\u00e9ghez.<\/p>\n<p>K\u00e9rj\u00fck, vegye figyelembe, hogy ez a lista val\u00f3s f\u00e9nyk\u00e9peket tartalmaz a Toshiba Satellite C660-115 billenty\u0171zetr\u0151l (9Z.N4WSQ AEBL6500020). Telep\u00edt\u00e9si \u00fatmutat\u00f3 nem tal\u00e1lhat\u00f3, de ha k\u00e9rd\u00e9se van, vagy seg\u00edts\u00e9gre van sz\u00fcks\u00e9ge, forduljon bizalommal. Friss\u00edtse Toshiba Satellite C660-115 laptopj\u00e1t ezzel az eredeti cserebillenty\u0171zettel, \u00e9s \u00e9lvezze a megb\u00edzhat\u00f3 \u00e9s kiel\u00e9g\u00edt\u0151 g\u00e9pel\u00e9si \u00e9lm\u00e9nyt.<\/p>\n","protected":false},"excerpt":{"rendered":"<p>Revitaliz\u00e1lja Toshiba Satellite C660-115 laptopj\u00e1t a 9Z.N4WSQ AEBL6500020 cikksz\u00e1m\u00fa, eredeti cserebillenty\u0171zettel. Ez a billenty\u0171zet z\u00f6kken\u0151mentes g\u00e9pel\u00e9si \u00e9lm\u00e9nyt biztos\u00edt, t\u00f6k\u00e9letes a s\u00e9r\u00fclt vagy rosszul m\u0171k\u00f6d\u0151 billenty\u0171zet cser\u00e9j\u00e9hez. Keltse \u00fajra \u00e9letre laptopj\u00e1t ezzel a kiv\u00e1l\u00f3 min\u0151s\u00e9g\u0171, megb\u00edzhat\u00f3 Toshiba Satellite billenty\u0171zettel.<\/p>\n","protected":false},"featured_media":5145,"template":"","meta":[],"product_brand":[],"product_cat":[35],"product_tag":[34],"class_list":{"0":"post-5091","1":"product","2":"type-product","3":"status-publish","4":"has-post-thumbnail","6":"product_cat-laptop-keyboard","7":"product_tag-toshiba","9":"first","10":"instock","11":"taxable","12":"shipping-taxable","13":"purchasable","14":"product-type-simple"},"_links":{"self":[{"href":"https:\/\/boreait.com\/hu\/wp-json\/wp\/v2\/product\/5091","targetHints":{"allow":["GET"]}}],"collection":[{"href":"https:\/\/boreait.com\/hu\/wp-json\/wp\/v2\/product"}],"about":[{"href":"https:\/\/boreait.com\/hu\/wp-json\/wp\/v2\/types\/product"}],"wp:featuredmedia":[{"embeddable":true,"href":"https:\/\/boreait.com\/hu\/wp-json\/wp\/v2\/media\/5145"}],"wp:attachment":[{"href":"https:\/\/boreait.com\/hu\/wp-json\/wp\/v2\/media?parent=5091"}],"wp:term":[{"taxonomy":"product_brand","embeddable":true,"href":"https:\/\/boreait.com\/hu\/wp-json\/wp\/v2\/product_brand?post=5091"},{"taxonomy":"product_cat","embeddable":true,"href":"https:\/\/boreait.com\/hu\/wp-json\/wp\/v2\/product_cat?post=5091"},{"taxonomy":"product_tag","embeddable":true,"href":"https:\/\/boreait.com\/hu\/wp-json\/wp\/v2\/product_tag?post=5091"}],"curies":[{"name":"wp","href":"https:\/\/api.w.org\/{rel}","templated":true}]}}