{"id":5090,"date":"2025-09-17T11:09:55","date_gmt":"2025-09-17T09:09:55","guid":{"rendered":"https:\/\/boreait.com\/hu\/?post_type=product&#038;p=5090"},"modified":"2026-01-19T06:41:15","modified_gmt":"2026-01-19T05:41:15","slug":"dell-inspiron-1545-gombos-taphangszoro-fedel-0t866f-eredeti-cserealkatresz","status":"publish","type":"product","link":"https:\/\/boreait.com\/hu\/termek\/dell-inspiron-1545-gombos-taphangszoro-fedel-0t866f-eredeti-cserealkatresz\/","title":{"rendered":"Dell Inspiron 1545 gombos t\u00e1phangsz\u00f3r\u00f3 fed\u00e9l 0T866F \u2013 Eredeti cserealkatr\u00e9sz"},"content":{"rendered":"<p>Tegye \u00fajj\u00e1 Dell Inspiron 1545 k\u00e9sz\u00fcl\u00e9k\u00e9t az autentikus 0T866F gombos hangsz\u00f3r\u00f3fed\u00e9llel. Ezt a csereburkolatot prec\u00edzen kidolgozt\u00e1k, \u00edgy t\u00f6k\u00e9letes illeszked\u00e9st biztos\u00edt laptopj\u00e1hoz.<\/p>\n<p>F\u0151bb jellemz\u0151k:<\/p>\n<ul>\n<li>Kompatibilit\u00e1s: Dell Inspiron 1545<\/li>\n<li>Alkatr\u00e9szsz\u00e1m: 0T866F<\/li>\n<li>Eredeti Dell csere<\/li>\n<li>V\u00e9di a bekapcsol\u00f3gombot \u00e9s jav\u00edtja a hangsz\u00f3r\u00f3ter\u00fcletet<\/li>\n<\/ul>\n<p>Ak\u00e1r megs\u00e9r\u00fclt a jelenlegi burkolata, ak\u00e1r felfriss\u00edteni szeretn\u00e9 laptopja megjelen\u00e9s\u00e9t, a Dell Inspiron 1545 gombos hangsz\u00f3r\u00f3burkolat 0T866F az ide\u00e1lis megold\u00e1s. Ezzel az eredeti Dell cserealkatr\u00e9szrel \u00e1ll\u00edtsa vissza laptopja eredeti eszt\u00e9tik\u00e1j\u00e1t \u00e9s funkcionalit\u00e1s\u00e1t.<\/p>\n<p>K\u00e9rj\u00fck, vegye figyelembe, hogy ez a lista val\u00f3di f\u00e9nyk\u00e9peket tartalmaz a 0T866F gombos hangsz\u00f3r\u00f3 burkolat\u00e1r\u00f3l, \u00e9s nem tartalmaz telep\u00edt\u00e9si utas\u00edt\u00e1st. Ha k\u00e9rd\u00e9se van, vagy seg\u00edts\u00e9gre van sz\u00fcks\u00e9ge, forduljon hozz\u00e1nk bizalommal. \u00daj\u00edtsa meg Dell Inspiron 1545 k\u00e9sz\u00fcl\u00e9k\u00e9t ezzel az eredeti cserebor\u00edt\u00e1ssal, \u00e9s \u00e9lvezze a laptopot, amely \u00fagy n\u00e9z ki \u00e9s m\u0171k\u00f6dik, mint az \u00faj.<\/p>\n","protected":false},"excerpt":{"rendered":"<p>Revitaliz\u00e1lja Dell Inspiron 1545-j\u00e9t az eredeti 0T866F gombos hangsz\u00f3r\u00f3fed\u00e9l cser\u00e9j\u00e9vel. Ez a prec\u00edzi\u00f3s \u00e9s kompatibilit\u00e1si szempontokat szem el\u0151tt tart\u00f3 burkolat gondoskodik arr\u00f3l, hogy laptopja bekapcsol\u00f3gombja v\u00e9dve maradjon, \u00e9s a hangsug\u00e1rz\u00f3k fel\u00fclete eleg\u00e1ns megjelen\u00e9s\u0171. B\u00edzzon a Dell min\u0151s\u00e9g\u00e9ben a z\u00f6kken\u0151mentes illeszked\u00e9s \u00e9rdek\u00e9ben, \u00e9s \u00e1ll\u00edtsa vissza laptopj\u00e1t eredeti \u00e1llapot\u00e1ba.<\/p>\n","protected":false},"featured_media":5143,"template":"","meta":[],"product_brand":[],"product_cat":[16],"product_tag":[17],"class_list":{"0":"post-5090","1":"product","2":"type-product","3":"status-publish","4":"has-post-thumbnail","6":"product_cat-laptop-housing","7":"product_tag-dell","9":"first","10":"instock","11":"taxable","12":"shipping-taxable","13":"purchasable","14":"product-type-simple"},"_links":{"self":[{"href":"https:\/\/boreait.com\/hu\/wp-json\/wp\/v2\/product\/5090","targetHints":{"allow":["GET"]}}],"collection":[{"href":"https:\/\/boreait.com\/hu\/wp-json\/wp\/v2\/product"}],"about":[{"href":"https:\/\/boreait.com\/hu\/wp-json\/wp\/v2\/types\/product"}],"wp:featuredmedia":[{"embeddable":true,"href":"https:\/\/boreait.com\/hu\/wp-json\/wp\/v2\/media\/5143"}],"wp:attachment":[{"href":"https:\/\/boreait.com\/hu\/wp-json\/wp\/v2\/media?parent=5090"}],"wp:term":[{"taxonomy":"product_brand","embeddable":true,"href":"https:\/\/boreait.com\/hu\/wp-json\/wp\/v2\/product_brand?post=5090"},{"taxonomy":"product_cat","embeddable":true,"href":"https:\/\/boreait.com\/hu\/wp-json\/wp\/v2\/product_cat?post=5090"},{"taxonomy":"product_tag","embeddable":true,"href":"https:\/\/boreait.com\/hu\/wp-json\/wp\/v2\/product_tag?post=5090"}],"curies":[{"name":"wp","href":"https:\/\/api.w.org\/{rel}","templated":true}]}}