{"id":5086,"date":"2025-09-17T11:09:55","date_gmt":"2025-09-17T09:09:55","guid":{"rendered":"https:\/\/boreait.com\/hu\/?post_type=product&#038;p=5086"},"modified":"2025-09-17T11:10:40","modified_gmt":"2025-09-17T09:10:40","slug":"hp-elitebook-1659-8760-billentyuzet-csere-eredeti-laptop-billentyuzet","status":"publish","type":"product","link":"https:\/\/boreait.com\/hu\/termek\/hp-elitebook-1659-8760-billentyuzet-csere-eredeti-laptop-billentyuzet\/","title":{"rendered":"HP EliteBook 1659 8760 billenty\u0171zet csere &#8211; Eredeti laptop billenty\u0171zet"},"content":{"rendered":"<p>Revitaliz\u00e1lja HP \u200b\u200bEliteBook 1659 8760 k\u00e9sz\u00fcl\u00e9k\u00e9t az eredeti HP EliteBook 1659 8760 billenty\u0171zet cser\u00e9vel. Ezt a billenty\u0171zetet a tart\u00f3ss\u00e1gra \u00e9s a pontoss\u00e1gra tervezt\u00e9k, \u00edgy z\u00f6kken\u0151mentes \u00e9s gyorsan reag\u00e1l\u00f3 g\u00e9pel\u00e9si \u00e9lm\u00e9nyt ny\u00fajt.<\/p>\n<p>F\u0151bb jellemz\u0151k:<\/p>\n<ul>\n<li>Kompatibilit\u00e1s: kifejezetten a HP EliteBook 1659 8760 laptopokhoz tervezve.<\/li>\n<li>Eredeti min\u0151s\u00e9g: Ez a billenty\u0171zet egy hiteles HP csere, amely ugyanolyan magas min\u0151s\u00e9get biztos\u00edt, mint az eredeti.<\/li>\n<li>Egyszer\u0171 telep\u00edt\u00e9s: Egyszer\u0171 telep\u00edt\u00e9si folyamatunkkal k\u00f6nnyed\u00e9n friss\u00edtheti laptopja billenty\u0171zet\u00e9t. Nincsenek bonyolult utas\u00edt\u00e1sok.<\/li>\n<li>Billenty\u0171zetkioszt\u00e1s: szlov\u00e9n \/ SLO (m\u00e1s orsz\u00e1gokkal kompatibilis)<\/li>\n<\/ul>\n<p>Ak\u00e1r a jelenlegi billenty\u0171zete elhaszn\u00e1l\u00f3dott, ak\u00e1r tartal\u00e9kra van sz\u00fcks\u00e9ge a gyors cser\u00e9hez, a HP EliteBook 1659 8760 billenty\u0171zet az ide\u00e1lis megold\u00e1s. Tartsa laptopj\u00e1t kiv\u00e1l\u00f3 \u00e1llapotban munk\u00e1hoz \u00e9s j\u00e1t\u00e9khoz.<\/p>\n<p>K\u00e9rj\u00fck, vegye figyelembe, hogy a lista val\u00f3di f\u00e9nyk\u00e9peket tartalmaz a HP EliteBook 1659 8760 billenty\u0171zetr\u0151l, \u00e9s nem tartalmaz telep\u00edt\u00e9si utas\u00edt\u00e1st. Ha k\u00e9rd\u00e9se van, vagy tov\u00e1bbi seg\u00edts\u00e9gre van sz\u00fcks\u00e9ge, forduljon hozz\u00e1nk bizalommal. N\u00f6velje g\u00e9pel\u00e9si \u00e9lm\u00e9ny\u00e9t az eredeti HP EliteBook 1659 8760 billenty\u0171zettel.<\/p>\n","protected":false},"excerpt":{"rendered":"<p>Cser\u00e9lje ki laptop billenty\u0171zet\u00e9t az eredeti HP EliteBook 1659 8760 billenty\u0171zetre. A tart\u00f3ss\u00e1gra \u00e9s pontoss\u00e1gra tervezett billenty\u0171zet z\u00f6kken\u0151mentes g\u00e9pel\u00e9si \u00e9lm\u00e9nyt biztos\u00edt. T\u00f6k\u00e9letes az EliteBook \u00fajj\u00e1\u00e9leszt\u00e9s\u00e9hez az optim\u00e1lis teljes\u00edtm\u00e9ny \u00e9rdek\u00e9ben.<\/p>\n","protected":false},"featured_media":5123,"template":"","meta":[],"product_brand":[],"product_cat":[35],"product_tag":[25],"class_list":{"0":"post-5086","1":"product","2":"type-product","3":"status-publish","4":"has-post-thumbnail","6":"product_cat-laptop-keyboard","7":"product_tag-hp","9":"first","10":"instock","11":"taxable","12":"shipping-taxable","13":"purchasable","14":"product-type-simple"},"_links":{"self":[{"href":"https:\/\/boreait.com\/hu\/wp-json\/wp\/v2\/product\/5086","targetHints":{"allow":["GET"]}}],"collection":[{"href":"https:\/\/boreait.com\/hu\/wp-json\/wp\/v2\/product"}],"about":[{"href":"https:\/\/boreait.com\/hu\/wp-json\/wp\/v2\/types\/product"}],"wp:featuredmedia":[{"embeddable":true,"href":"https:\/\/boreait.com\/hu\/wp-json\/wp\/v2\/media\/5123"}],"wp:attachment":[{"href":"https:\/\/boreait.com\/hu\/wp-json\/wp\/v2\/media?parent=5086"}],"wp:term":[{"taxonomy":"product_brand","embeddable":true,"href":"https:\/\/boreait.com\/hu\/wp-json\/wp\/v2\/product_brand?post=5086"},{"taxonomy":"product_cat","embeddable":true,"href":"https:\/\/boreait.com\/hu\/wp-json\/wp\/v2\/product_cat?post=5086"},{"taxonomy":"product_tag","embeddable":true,"href":"https:\/\/boreait.com\/hu\/wp-json\/wp\/v2\/product_tag?post=5086"}],"curies":[{"name":"wp","href":"https:\/\/api.w.org\/{rel}","templated":true}]}}