{"id":5085,"date":"2025-09-17T11:09:55","date_gmt":"2025-09-17T09:09:55","guid":{"rendered":"https:\/\/boreait.com\/hu\/?post_type=product&#038;p=5085"},"modified":"2025-09-17T11:10:37","modified_gmt":"2025-09-17T09:10:37","slug":"hp-pavilion-x2-10-n-series-1510b1874303-alvaz-tok-48a","status":"publish","type":"product","link":"https:\/\/boreait.com\/hu\/termek\/hp-pavilion-x2-10-n-series-1510b1874303-alvaz-tok-48a\/","title":{"rendered":"HP Pavilion x2 10-N Series 1510B1874303 alv\u00e1z tok -48A"},"content":{"rendered":"<p>N\u00f6velje HP Pavilion x2 10-N sorozat\u00e1nak szerkezeti integrit\u00e1s\u00e1t az eredeti HP Pavilion x2 10-N Series 1510B1874303 alv\u00e1z tokkal -48A. Ez az apr\u00f3l\u00e9kosan megtervezett als\u00f3 h\u00e1z t\u00f6k\u00e9letesen illeszkedik k\u00e9sz\u00fcl\u00e9k\u00e9hez, alapvet\u0151 v\u00e9delmet \u00e9s tart\u00f3ss\u00e1got biztos\u00edt.<\/p>\n<p>F\u0151bb jellemz\u0151k:<\/p>\n<ul>\n<li>Kompatibilis a HP Pavilion x2 10-N sorozattal<\/li>\n<li>T\u00edpus: 1510B1874303 Alv\u00e1zh\u00e1z -48A<\/li>\n<li>Eredeti HP term\u00e9k a megb\u00edzhat\u00f3 megold\u00e1s\u00e9rt<\/li>\n<li>Pontos illeszked\u00e9st biztos\u00edt az optim\u00e1lis v\u00e9delem \u00e9rdek\u00e9ben<\/li>\n<\/ul>\n<p>Az elhaszn\u00e1l\u00f3dott vagy s\u00e9r\u00fclt als\u00f3 h\u00e1z cser\u00e9j\u00e9re tervezt\u00e9k, ez a tok v\u00e9di a HP Pavilion x2 10-N sorozat kritikus \u00f6sszetev\u0151it. Ide\u00e1lis megold\u00e1s eszk\u00f6ze hossz\u00fa \u00e9lettartam\u00e1nak meg\u0151rz\u00e9s\u00e9re \u00e9s annak biztos\u00edt\u00e1s\u00e1ra, hogy tov\u00e1bbra is a legjobb teljes\u00edtm\u00e9nyt ny\u00fajtsa.<\/p>\n<p>K\u00e9rj\u00fck, vegye figyelembe, hogy ez a lista hiteles f\u00e9nyk\u00e9peket tartalmaz a HP Pavilion x2 10-N Series 1510B1874303 als\u00f3 h\u00e1ztokr\u00f3l -48A, \u00edgy tiszta k\u00e9pet kaphat a kapott term\u00e9kr\u0151l. Ha k\u00e9rd\u00e9se van, vagy tov\u00e1bbi seg\u00edts\u00e9gre van sz\u00fcks\u00e9ge, forduljon hozz\u00e1nk bizalommal. Fektessen be HP Pavilion x2 10-N sorozat\u00e1nak hossz\u00fa \u00e9lettartam\u00e1ba ezzel az eredeti HP als\u00f3 h\u00e1ztokkal -48A.<\/p>\n","protected":false},"excerpt":{"rendered":"<p>N\u00f6velje HP Pavilion x2 10-N sorozat\u00e1nak tart\u00f3ss\u00e1g\u00e1t a 1510B1874303 alv\u00e1z tokkal. Ez a prec\u00edz illeszked\u00e9sre kialak\u00edtott tok alapvet\u0151 v\u00e9delmet ny\u00fajt az alv\u00e1znak, biztos\u00edtva k\u00e9sz\u00fcl\u00e9ke hossz\u00fa \u00e9lettartam\u00e1t. A z\u00f6kken\u0151mentes \u00e9s megb\u00edzhat\u00f3 megold\u00e1s \u00e9rdek\u00e9ben cser\u00e9lje ki elhaszn\u00e1l\u00f3dott vagy s\u00e9r\u00fclt h\u00e1z\u00e1t erre az eredeti HP-term\u00e9kre.<\/p>\n","protected":false},"featured_media":5121,"template":"","meta":[],"product_brand":[],"product_cat":[16],"product_tag":[25],"class_list":{"0":"post-5085","1":"product","2":"type-product","3":"status-publish","4":"has-post-thumbnail","6":"product_cat-laptop-housing","7":"product_tag-hp","9":"first","10":"instock","11":"taxable","12":"shipping-taxable","13":"purchasable","14":"product-type-simple"},"_links":{"self":[{"href":"https:\/\/boreait.com\/hu\/wp-json\/wp\/v2\/product\/5085","targetHints":{"allow":["GET"]}}],"collection":[{"href":"https:\/\/boreait.com\/hu\/wp-json\/wp\/v2\/product"}],"about":[{"href":"https:\/\/boreait.com\/hu\/wp-json\/wp\/v2\/types\/product"}],"wp:featuredmedia":[{"embeddable":true,"href":"https:\/\/boreait.com\/hu\/wp-json\/wp\/v2\/media\/5121"}],"wp:attachment":[{"href":"https:\/\/boreait.com\/hu\/wp-json\/wp\/v2\/media?parent=5085"}],"wp:term":[{"taxonomy":"product_brand","embeddable":true,"href":"https:\/\/boreait.com\/hu\/wp-json\/wp\/v2\/product_brand?post=5085"},{"taxonomy":"product_cat","embeddable":true,"href":"https:\/\/boreait.com\/hu\/wp-json\/wp\/v2\/product_cat?post=5085"},{"taxonomy":"product_tag","embeddable":true,"href":"https:\/\/boreait.com\/hu\/wp-json\/wp\/v2\/product_tag?post=5085"}],"curies":[{"name":"wp","href":"https:\/\/api.w.org\/{rel}","templated":true}]}}