{"id":5084,"date":"2025-09-17T11:09:55","date_gmt":"2025-09-17T09:09:55","guid":{"rendered":"https:\/\/boreait.com\/hu\/?post_type=product&#038;p=5084"},"modified":"2025-09-17T11:10:34","modified_gmt":"2025-09-17T09:10:34","slug":"oem-hp-billentyuzet-kompatibilis-697530-ba1-698694-ba1-646125-ba1-laptop","status":"publish","type":"product","link":"https:\/\/boreait.com\/hu\/termek\/oem-hp-billentyuzet-kompatibilis-697530-ba1-698694-ba1-646125-ba1-laptop\/","title":{"rendered":"OEM HP billenty\u0171zet kompatibilis 697530-BA1 698694-BA1 646125-BA1 laptop"},"content":{"rendered":"<p>N\u00f6velje g\u00e9pel\u00e9si \u00e9lm\u00e9ny\u00e9t az OEM HP billenty\u0171zettel. A HP min\u0151s\u00e9gi el\u0151\u00edr\u00e1sainak megfelel\u0151en kialak\u00edtott billenty\u0171zet a k\u00fcl\u00f6nb\u00f6z\u0151 HP laptopmodellek eredeti cser\u00e9je, bele\u00e9rtve a 697530-BA1, 698694-BA1 \u00e9s 646125-BA1 cikksz\u00e1m\u00faakat is.<\/p>\n<p>F\u0151bb jellemz\u0151k:<\/p>\n<ul>\n<li>Eredeti HP-term\u00e9k<\/li>\n<li>Egyes\u00fclt Kir\u00e1lys\u00e1g angol billenty\u0171zetkioszt\u00e1sa<\/li>\n<li>A k\u00f6vetkez\u0151 cikksz\u00e1mokkal kompatibilis: 697530-BA1, 698694-BA1, 646125-BA1<\/li>\n<li>K\u00f6nnyen telep\u00edthet\u0151, vissza\u00e1ll\u00edtja a laptop eredeti funkci\u00f3it<\/li>\n<li>Billenty\u0171zetkioszt\u00e1s: szlov\u00e9n \/ SLO (m\u00e1s nyelvekkel kompatibilis)<\/li>\n<\/ul>\n<p>Ak\u00e1r s\u00e9r\u00fclt billenty\u0171zetet cser\u00e9l, ak\u00e1r friss\u00edt\u00e9sre v\u00e1gyik, ez az OEM HP billenty\u0171zet k\u00e9nyelmes \u00e9s megb\u00edzhat\u00f3 g\u00e9pel\u00e9si \u00e9lm\u00e9nyt biztos\u00edt. A brit angol elrendez\u00e9s t\u00f6k\u00e9letes azoknak a felhaszn\u00e1l\u00f3knak, akik ezt a speci\u00e1lis konfigur\u00e1ci\u00f3t r\u00e9szes\u00edtik el\u0151nyben vagy ig\u00e9nylik.<\/p>\n<p>K\u00e9rj\u00fck, vegye figyelembe, hogy ez a lista val\u00f3di f\u00e9nyk\u00e9peket tartalmaz az OEM HP billenty\u0171zetr\u0151l, \u00e9s nem tartalmaz telep\u00edt\u00e9si utas\u00edt\u00e1sokat. Ha b\u00e1rmilyen k\u00e9rd\u00e9se van, vagy seg\u00edts\u00e9gre van sz\u00fcks\u00e9ge, forduljon hozz\u00e1nk bizalommal. N\u00f6velje g\u00e9pel\u00e9si \u00e9lm\u00e9ny\u00e9t, \u00e9s \u00e1ll\u00edtsa helyre laptopj\u00e1t ezzel az eredeti HP cserebillenty\u0171zettel.<\/p>\n","protected":false},"excerpt":{"rendered":"<p>Fokozza a g\u00e9pel\u00e9si \u00e9lm\u00e9nyt az OEM HP billenty\u0171zettel. Ez a billenty\u0171zet egy eredeti HP term\u00e9k, amely k\u00fcl\u00f6nf\u00e9le modellekkel kompatibilis, bele\u00e9rtve a 697530-BA1, 698694-BA1 \u00e9s 646125-BA1 cikksz\u00e1m\u00faakat is. Ezzel a kiv\u00e1l\u00f3 min\u0151s\u00e9g\u0171 cserebillenty\u0171zettel \u00e1ll\u00edtsa vissza laptopja eredeti funkci\u00f3it.<\/p>\n","protected":false},"featured_media":5119,"template":"","meta":[],"product_brand":[],"product_cat":[35],"product_tag":[25],"class_list":{"0":"post-5084","1":"product","2":"type-product","3":"status-publish","4":"has-post-thumbnail","6":"product_cat-laptop-keyboard","7":"product_tag-hp","9":"first","10":"instock","11":"taxable","12":"shipping-taxable","13":"purchasable","14":"product-type-simple"},"_links":{"self":[{"href":"https:\/\/boreait.com\/hu\/wp-json\/wp\/v2\/product\/5084","targetHints":{"allow":["GET"]}}],"collection":[{"href":"https:\/\/boreait.com\/hu\/wp-json\/wp\/v2\/product"}],"about":[{"href":"https:\/\/boreait.com\/hu\/wp-json\/wp\/v2\/types\/product"}],"wp:featuredmedia":[{"embeddable":true,"href":"https:\/\/boreait.com\/hu\/wp-json\/wp\/v2\/media\/5119"}],"wp:attachment":[{"href":"https:\/\/boreait.com\/hu\/wp-json\/wp\/v2\/media?parent=5084"}],"wp:term":[{"taxonomy":"product_brand","embeddable":true,"href":"https:\/\/boreait.com\/hu\/wp-json\/wp\/v2\/product_brand?post=5084"},{"taxonomy":"product_cat","embeddable":true,"href":"https:\/\/boreait.com\/hu\/wp-json\/wp\/v2\/product_cat?post=5084"},{"taxonomy":"product_tag","embeddable":true,"href":"https:\/\/boreait.com\/hu\/wp-json\/wp\/v2\/product_tag?post=5084"}],"curies":[{"name":"wp","href":"https:\/\/api.w.org\/{rel}","templated":true}]}}