{"id":5083,"date":"2025-09-17T11:09:54","date_gmt":"2025-09-17T09:09:54","guid":{"rendered":"https:\/\/boreait.com\/hu\/?post_type=product&#038;p=5083"},"modified":"2025-09-17T11:10:32","modified_gmt":"2025-09-17T09:10:32","slug":"toshiba-satellite-l755-laptop-memoriafedel","status":"publish","type":"product","link":"https:\/\/boreait.com\/hu\/termek\/toshiba-satellite-l755-laptop-memoriafedel\/","title":{"rendered":"TOSHIBA Satellite L755 laptop mem\u00f3riafed\u00e9l"},"content":{"rendered":"<p>Fedezze fel a TOSHIBA Satellite L755 laptop mem\u00f3riafedelet, egy eredeti cserealkatr\u00e9szt, amelyet a laptopj\u00e1val val\u00f3 z\u00f6kken\u0151mentes integr\u00e1ci\u00f3hoz terveztek. Ez a fed\u0151ajt\u00f3 k\u00e9nyelmes hozz\u00e1f\u00e9r\u00e9st biztos\u00edt laptopja mem\u00f3riahelyeihez, lehet\u0151v\u00e9 t\u00e9ve az egyszer\u0171 friss\u00edt\u00e9st \u00e9s karbantart\u00e1st.<\/p>\n<p>F\u0151bb jellemz\u0151k:<\/p>\n<ul>\n<li>Eredeti TOSHIBA cserealkatr\u00e9sz<\/li>\n<li>TOSHIBA Satellite L755 laptopokkal kompatibilis<\/li>\n<li>Gondoskodjon a mem\u00f3riany\u00edl\u00e1sokhoz val\u00f3 k\u00f6nny\u0171 hozz\u00e1f\u00e9r\u00e9sr\u0151l<\/li>\n<li>Tart\u00f3s \u00e9s biztons\u00e1gos illeszked\u00e9s<\/li>\n<li>ZYE3ABL6RD0100110927-04<\/li>\n<\/ul>\n<p>\u0150rizze meg TOSHIBA Satellite L755 laptopja \u00e9ps\u00e9g\u00e9t az\u00e1ltal, hogy a kopott vagy s\u00e9r\u00fclt alkatr\u00e9szeket eredeti TOSHIBA alkatr\u00e9szekre cser\u00e9li. Ezt a mem\u00f3riafed\u00e9l-ajt\u00f3t a legmagasabb szabv\u00e1nyok szerint alak\u00edtott\u00e1k ki, biztos\u00edtva a biztons\u00e1gos illeszked\u00e9st \u00e9s az egyszer\u0171 telep\u00edt\u00e9st.<\/p>\n<p>K\u00e9rj\u00fck, vegye figyelembe, hogy ez a lista val\u00f3s f\u00e9nyk\u00e9peket tartalmaz a TOSHIBA Satellite L755 laptop mem\u00f3riafed\u00e9l ajtaj\u00e1r\u00f3l, \u00e9s nem tartalmaz telep\u00edt\u00e9si utas\u00edt\u00e1st. Ha b\u00e1rmilyen k\u00e9rd\u00e9se van, vagy tov\u00e1bbi seg\u00edts\u00e9gre van sz\u00fcks\u00e9ge, forduljon hozz\u00e1nk bizalommal. Tartsa TOSHIBA laptopj\u00e1t optim\u00e1lis \u00e1llapotban eredeti cserealkatr\u00e9szekkel, mint p\u00e9ld\u00e1ul ez a mem\u00f3riafed\u00e9l. Friss\u00edtsen k\u00f6nnyed\u00e9n, \u00e9s tapasztalja meg a nagyobb teljes\u00edtm\u00e9nyt \u00e9s megb\u00edzhat\u00f3s\u00e1got.<\/p>\n","protected":false},"excerpt":{"rendered":"<p>Cser\u00e9lje ki TOSHIBA Satellite L755 laptopja mem\u00f3riafedel\u00e9t erre az eredeti cserealkatr\u00e9szre. A t\u00f6k\u00e9letes illeszked\u00e9sre kialak\u00edtott fed\u0151ajt\u00f3 k\u00f6nny\u0171 hozz\u00e1f\u00e9r\u00e9st biztos\u00edt laptopja mem\u00f3riahelyeihez. Tartsa laptopj\u00e1t kiv\u00e1l\u00f3 \u00e1llapotban az eredeti TOSHIBA alkatr\u00e9szekkel.<\/p>\n","protected":false},"featured_media":5117,"template":"","meta":[],"product_brand":[],"product_cat":[16],"product_tag":[34],"class_list":{"0":"post-5083","1":"product","2":"type-product","3":"status-publish","4":"has-post-thumbnail","6":"product_cat-laptop-housing","7":"product_tag-toshiba","9":"first","10":"instock","11":"taxable","12":"shipping-taxable","13":"purchasable","14":"product-type-simple"},"_links":{"self":[{"href":"https:\/\/boreait.com\/hu\/wp-json\/wp\/v2\/product\/5083","targetHints":{"allow":["GET"]}}],"collection":[{"href":"https:\/\/boreait.com\/hu\/wp-json\/wp\/v2\/product"}],"about":[{"href":"https:\/\/boreait.com\/hu\/wp-json\/wp\/v2\/types\/product"}],"wp:featuredmedia":[{"embeddable":true,"href":"https:\/\/boreait.com\/hu\/wp-json\/wp\/v2\/media\/5117"}],"wp:attachment":[{"href":"https:\/\/boreait.com\/hu\/wp-json\/wp\/v2\/media?parent=5083"}],"wp:term":[{"taxonomy":"product_brand","embeddable":true,"href":"https:\/\/boreait.com\/hu\/wp-json\/wp\/v2\/product_brand?post=5083"},{"taxonomy":"product_cat","embeddable":true,"href":"https:\/\/boreait.com\/hu\/wp-json\/wp\/v2\/product_cat?post=5083"},{"taxonomy":"product_tag","embeddable":true,"href":"https:\/\/boreait.com\/hu\/wp-json\/wp\/v2\/product_tag?post=5083"}],"curies":[{"name":"wp","href":"https:\/\/api.w.org\/{rel}","templated":true}]}}