{"id":5082,"date":"2025-09-17T11:09:54","date_gmt":"2025-09-17T09:09:54","guid":{"rendered":"https:\/\/boreait.com\/hu\/?post_type=product&#038;p=5082"},"modified":"2025-09-17T11:10:30","modified_gmt":"2025-09-17T09:10:30","slug":"hp-809333-001-du-8a6sh111b-oem-dvd-meghajto-elolapfedellel-15-ab-15-ab198cy","status":"publish","type":"product","link":"https:\/\/boreait.com\/hu\/termek\/hp-809333-001-du-8a6sh111b-oem-dvd-meghajto-elolapfedellel-15-ab-15-ab198cy\/","title":{"rendered":"HP 809333-001 DU-8A6SH111B OEM DVD-meghajt\u00f3 el\u0151lapfed\u00e9llel, 15-AB 15-AB198CY"},"content":{"rendered":"<p>N\u00f6velje HP laptopja k\u00e9pess\u00e9geit a HP 809333-001 DU-8A6SH111B OEM DVD-meghajt\u00f3val, az el\u0151lapfed\u00e9llel. Ezt az eredeti HP optikai meghajt\u00f3t a HP 15-AB \u00e9s 15-AB198CY laptopmodellekkel val\u00f3 kompatibilit\u00e1sra tervezt\u00e9k, egyszer\u0171 \u00e9s hat\u00e9kony m\u00f3dot k\u00edn\u00e1lva laptopja funkcionalit\u00e1s\u00e1nak jav\u00edt\u00e1s\u00e1ra.<\/p>\n<p>F\u0151bb jellemz\u0151k:<\/p>\n<ul>\n<li>Alkatr\u00e9szsz\u00e1m: 809333-001 DU-8A6SH111B<\/li>\n<li>OEM (eredeti berendez\u00e9sgy\u00e1rt\u00f3) DVD-meghajt\u00f3<\/li>\n<li>Fekete sz\u00edn\u0171 el\u0151lapburkolattal sz\u00e1ll\u00edtjuk<\/li>\n<li>HP 15-AB \u00e9s 15-AB198CY laptopokkal kompatibilis<\/li>\n<li>Ide\u00e1lis multim\u00e9di\u00e1s lej\u00e1tsz\u00e1shoz, szoftvertelep\u00edt\u00e9shez stb.<\/li>\n<\/ul>\n<p>Ez a DVD-meghajt\u00f3 z\u00f6kken\u0151mentesen integr\u00e1lhat\u00f3 laptopj\u00e1ba, megb\u00edzhat\u00f3 teljes\u00edtm\u00e9nyt \u00e9s optim\u00e1lis kompatibilit\u00e1st biztos\u00edtva. A mell\u00e9kelt el\u0151lap burkolata sim\u00edt\u00e1st k\u00f6lcs\u00f6n\u00f6z, eleg\u00e1ns \u00e9s egys\u00e9ges megjelen\u00e9st biztos\u00edtva.<\/p>\n<p>K\u00e9rj\u00fck, vegye figyelembe, hogy ez az adatlap val\u00f3di f\u00e9nyk\u00e9peket tartalmaz a HP 809333-001 DU-8A6SH111B OEM DVD-meghajt\u00f3 el\u0151lappal. Nincsenek telep\u00edt\u00e9si utas\u00edt\u00e1sok; Ha azonban b\u00e1rmilyen k\u00e9rd\u00e9se van, vagy seg\u00edts\u00e9gre van sz\u00fcks\u00e9ge, nyugodtan \u00edrjon nek\u00fcnk. Friss\u00edtse HP laptopj\u00e1t k\u00f6nnyed\u00e9n, \u00e9s \u00e9lvezze a k\u00fcl\u00f6nf\u00e9le alkalmaz\u00e1sokhoz haszn\u00e1lhat\u00f3 be\u00e9p\u00edtett DVD-meghajt\u00f3 ny\u00fajtotta k\u00e9nyelmet. Fokozza a sz\u00e1m\u00edt\u00e1stechnikai \u00e9lm\u00e9nyt az eredeti HP min\u0151s\u00e9ggel.<\/p>\n","protected":false},"excerpt":{"rendered":"<p>Fokozza laptopja funkcionalit\u00e1s\u00e1t a HP 809333-001 DU-8A6SH111B OEM DVD-meghajt\u00f3val. Ehhez az eredeti HP DVD-meghajt\u00f3hoz tartozik a mell\u00e9kelt el\u0151lapfed\u00e9l, amelyet kifejezetten a HP 15-AB \u00e9s 15-AB198CY laptopmodellekhez terveztek. Friss\u00edtse laptopj\u00e1t, \u00e9s \u00e9lvezze a DVD-meghajt\u00f3 k\u00e9nyelm\u00e9t multim\u00e9di\u00e1s lej\u00e1tsz\u00e1shoz, szoftvertelep\u00edt\u00e9shez \u00e9s sok m\u00e1shoz.<\/p>\n","protected":false},"featured_media":5116,"template":"","meta":[],"product_brand":[],"product_cat":[27],"product_tag":[25],"class_list":{"0":"post-5082","1":"product","2":"type-product","3":"status-publish","4":"has-post-thumbnail","6":"product_cat-motherboards-board-parts","7":"product_tag-hp","9":"first","10":"instock","11":"taxable","12":"shipping-taxable","13":"purchasable","14":"product-type-simple"},"_links":{"self":[{"href":"https:\/\/boreait.com\/hu\/wp-json\/wp\/v2\/product\/5082","targetHints":{"allow":["GET"]}}],"collection":[{"href":"https:\/\/boreait.com\/hu\/wp-json\/wp\/v2\/product"}],"about":[{"href":"https:\/\/boreait.com\/hu\/wp-json\/wp\/v2\/types\/product"}],"wp:featuredmedia":[{"embeddable":true,"href":"https:\/\/boreait.com\/hu\/wp-json\/wp\/v2\/media\/5116"}],"wp:attachment":[{"href":"https:\/\/boreait.com\/hu\/wp-json\/wp\/v2\/media?parent=5082"}],"wp:term":[{"taxonomy":"product_brand","embeddable":true,"href":"https:\/\/boreait.com\/hu\/wp-json\/wp\/v2\/product_brand?post=5082"},{"taxonomy":"product_cat","embeddable":true,"href":"https:\/\/boreait.com\/hu\/wp-json\/wp\/v2\/product_cat?post=5082"},{"taxonomy":"product_tag","embeddable":true,"href":"https:\/\/boreait.com\/hu\/wp-json\/wp\/v2\/product_tag?post=5082"}],"curies":[{"name":"wp","href":"https:\/\/api.w.org\/{rel}","templated":true}]}}