{"id":5060,"date":"2025-09-17T11:09:32","date_gmt":"2025-09-17T09:09:32","guid":{"rendered":"https:\/\/boreait.com\/hu\/?post_type=product&#038;p=5060"},"modified":"2025-09-17T11:10:22","modified_gmt":"2025-09-17T09:10:22","slug":"lenovo-thinkpad-l430-eredeti-127-mm-es-dvd-meghajto-gt80n-04w1310-eredeti-csere","status":"publish","type":"product","link":"https:\/\/boreait.com\/hu\/termek\/lenovo-thinkpad-l430-eredeti-127-mm-es-dvd-meghajto-gt80n-04w1310-eredeti-csere\/","title":{"rendered":"Lenovo THINKPAD L430 Eredeti 12,7 mm-es DVD-meghajt\u00f3 GT80N 04W1310 &#8211; Eredeti csere!"},"content":{"rendered":"<p>Emelje fel Lenovo THINKPAD L430 k\u00e9sz\u00fcl\u00e9k\u00e9t az eredeti, 12,7 mm-es GT80N 04W1310 DVD-meghajt\u00f3val \u2013 egy eredeti csere, amelyet a z\u00f6kken\u0151mentes kompatibilit\u00e1s \u00e9s az optim\u00e1lis teljes\u00edtm\u00e9ny \u00e9rdek\u00e9ben terveztek.<\/p>\n<p>F\u0151bb jellemz\u0151k:<\/p>\n<ul>\n<li>Eredeti Lenovo alkatr\u00e9sz: GT80N 04W1310<\/li>\n<li>Meghajt\u00f3 t\u00edpusa: 12,7 mm-es DVD-meghajt\u00f3<\/li>\n<li>Kompatibilit\u00e1s: Lenovo THINKPAD L430<\/li>\n<li>Eredeti csere a megb\u00edzhat\u00f3 teljes\u00edtm\u00e9ny \u00e9rdek\u00e9ben<\/li>\n<\/ul>\n<p>Ak\u00e1r hib\u00e1san m\u0171k\u00f6d\u0151 meghajt\u00f3t szeretne friss\u00edteni vagy cser\u00e9lni, ez az eredeti Lenovo alkatr\u00e9sz biztos\u00edtja, hogy laptopja meg\u0151rizze rendeltet\u00e9sszer\u0171 m\u0171k\u00f6d\u00e9s\u00e9t. A 12,7 mm-es DVD-meghajt\u00f3 GT80N 04W1310 lehet\u0151v\u00e9 teszi az optikai adathordoz\u00f3k k\u00f6nny\u0171 olvas\u00e1s\u00e1t \u00e9s \u00edr\u00e1s\u00e1t, k\u00e9nyelmes megold\u00e1st ny\u00fajtva multim\u00e9di\u00e1s ig\u00e9nyeire.<\/p>\n<p>K\u00e9rj\u00fck, vegye figyelembe, hogy ez az adatlap val\u00f3di f\u00e9nyk\u00e9peket tartalmaz a Lenovo THINKPAD L430 eredeti 12,7 mm-es DVD-meghajt\u00f3r\u00f3l GT80N 04W1310. Nincsenek telep\u00edt\u00e9si utas\u00edt\u00e1sok; azonban, ha b\u00e1rmilyen k\u00e9rd\u00e9se van, vagy seg\u00edts\u00e9gre van sz\u00fcks\u00e9ge, forduljon bizalommal. B\u00edzzon a Lenovo hiteless\u00e9g\u00e9ben \u00e9s min\u0151s\u00e9g\u00e9ben a z\u00f6kken\u0151mentes \u00e9s megb\u00edzhat\u00f3 sz\u00e1m\u00edt\u00e1stechnikai \u00e9lm\u00e9ny \u00e9rdek\u00e9ben. B\u0151v\u00edtse laptopja k\u00e9pess\u00e9geit ezzel az eredeti DVD-meghajt\u00f3 cser\u00e9vel.<\/p>\n","protected":false},"excerpt":{"rendered":"<p>Fejlessze Lenovo THINKPAD L430 k\u00e9sz\u00fcl\u00e9k\u00e9t az eredeti 12,7 mm-es GT80N 04W1310 DVD-meghajt\u00f3val. Ez az eredeti csere biztos\u00edtja a kompatibilit\u00e1st \u00e9s a megb\u00edzhat\u00f3s\u00e1got, lehet\u0151v\u00e9 t\u00e9ve, hogy z\u00f6kken\u0151mentesen \u00e9lvezze a DVD-funkci\u00f3kat laptopj\u00e1n. Friss\u00edtse vagy cser\u00e9lje ki megl\u00e9v\u0151 meghajt\u00f3j\u00e1t ezzel a megb\u00edzhat\u00f3 eredeti Lenovo alkatr\u00e9szre, \u00e9s megszak\u00edt\u00e1s n\u00e9lk\u00fcl hozz\u00e1f\u00e9rhet az optikai adathordoz\u00f3khoz.<\/p>\n","protected":false},"featured_media":5110,"template":"","meta":[],"product_brand":[],"product_cat":[27],"product_tag":[26],"class_list":{"0":"post-5060","1":"product","2":"type-product","3":"status-publish","4":"has-post-thumbnail","6":"product_cat-motherboards-board-parts","7":"product_tag-lenovo","9":"first","10":"instock","11":"taxable","12":"shipping-taxable","13":"purchasable","14":"product-type-simple"},"_links":{"self":[{"href":"https:\/\/boreait.com\/hu\/wp-json\/wp\/v2\/product\/5060","targetHints":{"allow":["GET"]}}],"collection":[{"href":"https:\/\/boreait.com\/hu\/wp-json\/wp\/v2\/product"}],"about":[{"href":"https:\/\/boreait.com\/hu\/wp-json\/wp\/v2\/types\/product"}],"wp:featuredmedia":[{"embeddable":true,"href":"https:\/\/boreait.com\/hu\/wp-json\/wp\/v2\/media\/5110"}],"wp:attachment":[{"href":"https:\/\/boreait.com\/hu\/wp-json\/wp\/v2\/media?parent=5060"}],"wp:term":[{"taxonomy":"product_brand","embeddable":true,"href":"https:\/\/boreait.com\/hu\/wp-json\/wp\/v2\/product_brand?post=5060"},{"taxonomy":"product_cat","embeddable":true,"href":"https:\/\/boreait.com\/hu\/wp-json\/wp\/v2\/product_cat?post=5060"},{"taxonomy":"product_tag","embeddable":true,"href":"https:\/\/boreait.com\/hu\/wp-json\/wp\/v2\/product_tag?post=5060"}],"curies":[{"name":"wp","href":"https:\/\/api.w.org\/{rel}","templated":true}]}}