{"id":5057,"date":"2025-09-17T11:09:31","date_gmt":"2025-09-17T09:09:31","guid":{"rendered":"https:\/\/boreait.com\/hu\/?post_type=product&#038;p=5057"},"modified":"2026-01-19T06:40:19","modified_gmt":"2026-01-19T05:40:19","slug":"hp-708231-5b1-webkamera-kamera-hp-15-r-17-e-15-g-laptopokhoz-eredeti-csere","status":"publish","type":"product","link":"https:\/\/boreait.com\/hu\/termek\/hp-708231-5b1-webkamera-kamera-hp-15-r-17-e-15-g-laptopokhoz-eredeti-csere\/","title":{"rendered":"HP 708231-5B1 webkamera kamera HP 15-R 17-E 15-G laptopokhoz \u2013 Eredeti csere"},"content":{"rendered":"<p>Friss\u00edtse HP 15-R, 17-E vagy 15-G laptopj\u00e1t az eredeti HP 708231-5B1 webkamer\u00e1val. Ezt a cserealkatr\u00e9szt \u00fagy tervezt\u00e9k, hogy tiszta \u00e9s \u00e9les vide\u00f3min\u0151s\u00e9get biztos\u00edtson online kommunik\u00e1ci\u00f3s ig\u00e9nyeihez.<\/p>\n<p>F\u0151bb jellemz\u0151k:<\/p>\n<ul>\n<li>Kompatibilit\u00e1s: HP 15-R, 17-E \u00e9s 15-G laptopokhoz tervezve.<\/li>\n<li>Eredeti csere: B\u00edzzon a hivatalos HP alkatr\u00e9sz hiteless\u00e9g\u00e9ben \u00e9s min\u0151s\u00e9g\u00e9ben.<\/li>\n<li>Egyszer\u0171 telep\u00edt\u00e9s: A jobb l\u00e1tv\u00e1ny \u00e9rdek\u00e9ben k\u00f6nnyed\u00e9n cser\u00e9lje ki laptopja webkamer\u00e1j\u00e1t.<\/li>\n<li>Vide\u00f3 t\u00f6rl\u00e9se: Gy\u0151z\u0151dj\u00f6n meg r\u00f3la, hogy videoh\u00edv\u00e1sai, online \u00e9rtekezletei \u00e9s \u00e9l\u0151 k\u00f6zvet\u00edt\u00e9sei nagyfelbont\u00e1s\u00faak<\/li>\n<\/ul>\n<p>Ak\u00e1r hib\u00e1s webkamer\u00e1t cser\u00e9l, ak\u00e1r laptopja kommunik\u00e1ci\u00f3s k\u00e9pess\u00e9geit szeretn\u00e9 fejleszteni, a HP 708231-5B1 webkamera az ide\u00e1lis megold\u00e1s. A telep\u00edt\u00e9si folyamat egyszer\u0171, \u00e9s az eredm\u00e9ny egy laptop, amely k\u00e9szen \u00e1ll a krist\u00e1lytiszta videoh\u00edv\u00e1sokra \u00e9s m\u00e9g sok m\u00e1sra.<\/p>\n<p>K\u00e9rj\u00fck, vegye figyelembe, hogy ez a lista val\u00f3di f\u00e9nyk\u00e9peket tartalmaz a HP 708231-5B1 webkamera kamer\u00e1r\u00f3l, \u00e9s nem tartalmaz telep\u00edt\u00e9si utas\u00edt\u00e1st. Ha b\u00e1rmilyen k\u00e9rd\u00e9se van, vagy seg\u00edts\u00e9gre van sz\u00fcks\u00e9ge, forduljon bizalommal. Emelje fel laptopja vizu\u00e1lis kommunik\u00e1ci\u00f3j\u00e1t ezzel az eredeti HP cserealkatr\u00e9szrel.<\/p>\n","protected":false},"excerpt":{"rendered":"<p>Fokozza laptopja kommunik\u00e1ci\u00f3s k\u00e9pess\u00e9geit a HP 708231-5B1 webkamera kamer\u00e1val. Ezt az eredeti cserealkatr\u00e9szt kifejezetten a HP 15-R, 17-E \u00e9s 15-G laptopokhoz tervezt\u00e9k. Biztos\u00edtson krist\u00e1lytiszta videoh\u00edv\u00e1sokat, online tal\u00e1lkoz\u00f3kat \u00e9s m\u00e9g sok m\u00e1st. K\u00f6nnyen telep\u00edthet\u0151, ez a webkamera megb\u00edzhat\u00f3 megold\u00e1s, hogy \u00e9letre keltse HP laptopja l\u00e1tv\u00e1nyvil\u00e1g\u00e1t.<\/p>\n","protected":false},"featured_media":5100,"template":"","meta":[],"product_brand":[],"product_cat":[23],"product_tag":[25],"class_list":{"0":"post-5057","1":"product","2":"type-product","3":"status-publish","4":"has-post-thumbnail","6":"product_cat-laptop-camera","7":"product_tag-hp","9":"first","10":"instock","11":"taxable","12":"shipping-taxable","13":"purchasable","14":"product-type-simple"},"_links":{"self":[{"href":"https:\/\/boreait.com\/hu\/wp-json\/wp\/v2\/product\/5057","targetHints":{"allow":["GET"]}}],"collection":[{"href":"https:\/\/boreait.com\/hu\/wp-json\/wp\/v2\/product"}],"about":[{"href":"https:\/\/boreait.com\/hu\/wp-json\/wp\/v2\/types\/product"}],"wp:featuredmedia":[{"embeddable":true,"href":"https:\/\/boreait.com\/hu\/wp-json\/wp\/v2\/media\/5100"}],"wp:attachment":[{"href":"https:\/\/boreait.com\/hu\/wp-json\/wp\/v2\/media?parent=5057"}],"wp:term":[{"taxonomy":"product_brand","embeddable":true,"href":"https:\/\/boreait.com\/hu\/wp-json\/wp\/v2\/product_brand?post=5057"},{"taxonomy":"product_cat","embeddable":true,"href":"https:\/\/boreait.com\/hu\/wp-json\/wp\/v2\/product_cat?post=5057"},{"taxonomy":"product_tag","embeddable":true,"href":"https:\/\/boreait.com\/hu\/wp-json\/wp\/v2\/product_tag?post=5057"}],"curies":[{"name":"wp","href":"https:\/\/api.w.org\/{rel}","templated":true}]}}