{"id":5056,"date":"2025-09-17T11:09:31","date_gmt":"2025-09-17T09:09:31","guid":{"rendered":"https:\/\/boreait.com\/hu\/?post_type=product&#038;p=5056"},"modified":"2026-01-19T06:39:58","modified_gmt":"2026-01-19T05:39:58","slug":"lenovo-g50-45-lcd-kabel-kepernyo-flex-dc02001mc00-laptop-kepernyo-cserekabel","status":"publish","type":"product","link":"https:\/\/boreait.com\/hu\/termek\/lenovo-g50-45-lcd-kabel-kepernyo-flex-dc02001mc00-laptop-kepernyo-cserekabel\/","title":{"rendered":"Lenovo G50-45 LCD k\u00e1bel k\u00e9perny\u0151 Flex DC02001MC00 &#8211; Laptop k\u00e9perny\u0151 cserek\u00e1bel"},"content":{"rendered":"<p>Revitaliz\u00e1lja Lenovo G50-45 laptopja kijelz\u0151j\u00e9t a Lenovo G50-45 Flex DC02001MC00 lapos LCD k\u00e1bel k\u00e9perny\u0151vel. Ezt a cserek\u00e1belt \u00fagy tervezt\u00e9k, hogy z\u00f6kken\u0151mentes kapcsolatot biztos\u00edtson az LCD-k\u00e9perny\u0151 \u00e9s a laptop k\u00f6z\u00f6tt, \u00edgy biztos\u00edtva az optim\u00e1lis vizu\u00e1lis teljes\u00edtm\u00e9nyt.<\/p>\n<p>F\u0151bb jellemz\u0151k:<\/p>\n<ul>\n<li>Kompatibilis modell: Lenovo G50-45<\/li>\n<li>Alkatr\u00e9szsz\u00e1m: DC02001MC00<\/li>\n<li>T\u00edpus: Lapos LCD-k\u00e1bel Screen Flex<\/li>\n<li>Eredeti Lenovo cserealkatr\u00e9sz<\/li>\n<\/ul>\n<p>Ak\u00e1r megjelen\u00edt\u00e9si probl\u00e9m\u00e1kat tapasztal, ak\u00e1r laptopja k\u00e9perny\u0151k\u00e1bel\u00e9t szeretn\u00e9 friss\u00edteni, a Lenovo G50-45 LCD-k\u00e1bel a megold\u00e1s. A pontoss\u00e1g \u00e9s a kompatibilit\u00e1s szem el\u0151tt tart\u00e1s\u00e1val k\u00e9sz\u00fclt k\u00e1bel megb\u00edzhat\u00f3 \u00e9s tart\u00f3s csatlakoz\u00e1st k\u00edn\u00e1l.<\/p>\n<p>Friss\u00edtse laptopja kijelz\u0151j\u00e9t bonyolult utas\u00edt\u00e1sok n\u00e9lk\u00fcl \u2013 ezt a k\u00e1belt az egyszer\u0171 telep\u00edt\u00e9sre tervezt\u00e9k. Vegye figyelembe, hogy a telep\u00edt\u00e9shez nem mell\u00e9kel\u00fcnk utas\u00edt\u00e1sokat, de ha b\u00e1rmilyen k\u00e9rd\u00e9se van, vagy seg\u00edts\u00e9gre van sz\u00fcks\u00e9ge, forduljon bizalommal.<\/p>\n<p>A Lenovo G50-45 Flex DC02001MC00 lapos LCD k\u00e1bel k\u00e9perny\u0151 vizu\u00e1lis megjelen\u00edt\u00e9s\u00e9hez tekintse meg a list\u00e1ban szerepl\u0151 val\u00f3di term\u00e9kfot\u00f3kat. N\u00f6velje laptopja kijelz\u0151j\u00e9nek teljes\u00edtm\u00e9ny\u00e9t ezzel az eredeti Lenovo cserealkatr\u00e9szrel.<\/p>\n","protected":false},"excerpt":{"rendered":"<p>Fokozza laptopja kijelz\u0151j\u00e9t a Lenovo G50-45 Flex DC02001MC00 lapos LCD k\u00e1bel k\u00e9perny\u0151vel. Ez a kiv\u00e1l\u00f3 min\u0151s\u00e9g\u0171 cserek\u00e1bel a Lenovo G50-45 modellhez k\u00e9sz\u00fclt, megb\u00edzhat\u00f3 kapcsolatot biztos\u00edtva az LCD k\u00e9perny\u0151 \u00e9s a laptop k\u00f6z\u00f6tt. Ezzel az eredeti Lenovo LCD-k\u00e1bellel \u00e1ll\u00edtsa helyre laptopja vizu\u00e1lis tisztas\u00e1g\u00e1t \u00e9s \u00e9rz\u00e9kenys\u00e9g\u00e9t.<\/p>\n","protected":false},"featured_media":5099,"template":"","meta":[],"product_brand":[],"product_cat":[20],"product_tag":[26],"class_list":{"0":"post-5056","1":"product","2":"type-product","3":"status-publish","4":"has-post-thumbnail","6":"product_cat-cables","7":"product_tag-lenovo","9":"first","10":"instock","11":"taxable","12":"shipping-taxable","13":"purchasable","14":"product-type-simple"},"_links":{"self":[{"href":"https:\/\/boreait.com\/hu\/wp-json\/wp\/v2\/product\/5056","targetHints":{"allow":["GET"]}}],"collection":[{"href":"https:\/\/boreait.com\/hu\/wp-json\/wp\/v2\/product"}],"about":[{"href":"https:\/\/boreait.com\/hu\/wp-json\/wp\/v2\/types\/product"}],"wp:featuredmedia":[{"embeddable":true,"href":"https:\/\/boreait.com\/hu\/wp-json\/wp\/v2\/media\/5099"}],"wp:attachment":[{"href":"https:\/\/boreait.com\/hu\/wp-json\/wp\/v2\/media?parent=5056"}],"wp:term":[{"taxonomy":"product_brand","embeddable":true,"href":"https:\/\/boreait.com\/hu\/wp-json\/wp\/v2\/product_brand?post=5056"},{"taxonomy":"product_cat","embeddable":true,"href":"https:\/\/boreait.com\/hu\/wp-json\/wp\/v2\/product_cat?post=5056"},{"taxonomy":"product_tag","embeddable":true,"href":"https:\/\/boreait.com\/hu\/wp-json\/wp\/v2\/product_tag?post=5056"}],"curies":[{"name":"wp","href":"https:\/\/api.w.org\/{rel}","templated":true}]}}