{"id":5040,"date":"2025-09-17T11:09:08","date_gmt":"2025-09-17T09:09:08","guid":{"rendered":"https:\/\/boreait.com\/hu\/?post_type=product&#038;p=5040"},"modified":"2026-01-19T06:39:07","modified_gmt":"2026-01-19T05:39:07","slug":"hp-635-tpn-f104-5-wi-fi-wifi-kartyamodul-593127-001-eredeti-csere","status":"publish","type":"product","link":"https:\/\/boreait.com\/hu\/termek\/hp-635-tpn-f104-5-wi-fi-wifi-kartyamodul-593127-001-eredeti-csere\/","title":{"rendered":"HP 635 TPN-F104-5 Wi-Fi WiFi k\u00e1rtyamodul 593127-001 \u2013 Eredeti csere"},"content":{"rendered":"<p>B\u0151v\u00edtse HP 635 laptopja vezet\u00e9k n\u00e9lk\u00fcli k\u00e9pess\u00e9geit az eredeti HP 635 TPN-F104-5 Wi-Fi WiFi k\u00e1rtyak\u00e1rtya modullal (593127-001). Ezt a modult \u00fagy tervezt\u00e9k, hogy megb\u00edzhat\u00f3 \u00e9s gyors vezet\u00e9k n\u00e9lk\u00fcli kapcsolatot biztos\u00edtson, biztos\u00edtva a z\u00f6kken\u0151mentes kapcsolattart\u00e1st.<\/p>\n<p>F\u0151bb jellemz\u0151k:<\/p>\n<ul>\n<li>Eredeti HP cserealkatr\u00e9sz<\/li>\n<li>Modell: 593127-001<\/li>\n<li>Kompatibilit\u00e1s: HP 635 TPN-F104-5 laptopok<\/li>\n<li>Megb\u00edzhat\u00f3 vezet\u00e9k n\u00e9lk\u00fcli teljes\u00edtm\u00e9ny<\/li>\n<\/ul>\n<p>Ak\u00e1r hib\u00e1s Wi-Fi-modult szeretne cser\u00e9lni, ak\u00e1r laptopja csatlakoztathat\u00f3s\u00e1g\u00e1t szeretn\u00e9 friss\u00edteni, ez a HP-modul a t\u00f6k\u00e9letes megold\u00e1s. \u00c9lvezze a gyors \u00e9s stabil internet-hozz\u00e1f\u00e9r\u00e9st munk\u00e1hoz, streamel\u00e9shez vagy online tev\u00e9kenys\u00e9gekhez.<\/p>\n<p>K\u00e9rj\u00fck, vegye figyelembe, hogy a lista val\u00f3s f\u00e9nyk\u00e9peket tartalmaz a HP 635 TPN-F104-5 Wi-Fi WiFi k\u00e1rtyamodulr\u00f3l (593127-001). Nincsenek telep\u00edt\u00e9si utas\u00edt\u00e1sok; azonban, ha b\u00e1rmilyen k\u00e9rd\u00e9se van, vagy seg\u00edts\u00e9gre van sz\u00fcks\u00e9ge, forduljon bizalommal. B\u00edzzon az eredeti HP alkatr\u00e9szek min\u0151s\u00e9g\u00e9ben \u00e9s kompatibilit\u00e1s\u00e1ban, hogy z\u00f6kken\u0151mentes vezet\u00e9k n\u00e9lk\u00fcli \u00e9lm\u00e9nyt ny\u00fajtson HP 635 laptopj\u00e1val. Friss\u00edtsen m\u00e9g ma, \u00e9s maradjon k\u00f6nnyed\u00e9n kapcsolatban.<\/p>\n","protected":false},"excerpt":{"rendered":"<p>Fokozza laptopja csatlakoztathat\u00f3s\u00e1g\u00e1t a HP 635 TPN-F104-5 Wi-Fi WiFi k\u00e1rtyamodullal (593127-001). Ez az eredeti cseremodul megb\u00edzhat\u00f3 \u00e9s gyors vezet\u00e9k n\u00e9lk\u00fcli teljes\u00edtm\u00e9nyt biztos\u00edt HP laptopja sz\u00e1m\u00e1ra. Maradjon k\u00f6nnyed\u00e9n kapcsolatban, \u00e9s \u00e9lvezze a z\u00f6kken\u0151mentes internet-hozz\u00e1f\u00e9r\u00e9st. Ez a HP 635 laptopokkal kompatibilis modul t\u00f6k\u00e9letes megold\u00e1s a megl\u00e9v\u0151 Wi-Fi k\u00e1rtya friss\u00edt\u00e9s\u00e9re vagy cser\u00e9j\u00e9re. B\u00edzzon a HP min\u0151s\u00e9g\u00e9ben a megb\u00edzhat\u00f3 vezet\u00e9k n\u00e9lk\u00fcli kapcsolat \u00e9rdek\u00e9ben.<\/p>\n","protected":false},"featured_media":5094,"template":"","meta":[],"product_brand":[],"product_cat":[27],"product_tag":[25],"class_list":{"0":"post-5040","1":"product","2":"type-product","3":"status-publish","4":"has-post-thumbnail","6":"product_cat-motherboards-board-parts","7":"product_tag-hp","9":"first","10":"instock","11":"taxable","12":"shipping-taxable","13":"purchasable","14":"product-type-simple"},"_links":{"self":[{"href":"https:\/\/boreait.com\/hu\/wp-json\/wp\/v2\/product\/5040","targetHints":{"allow":["GET"]}}],"collection":[{"href":"https:\/\/boreait.com\/hu\/wp-json\/wp\/v2\/product"}],"about":[{"href":"https:\/\/boreait.com\/hu\/wp-json\/wp\/v2\/types\/product"}],"wp:featuredmedia":[{"embeddable":true,"href":"https:\/\/boreait.com\/hu\/wp-json\/wp\/v2\/media\/5094"}],"wp:attachment":[{"href":"https:\/\/boreait.com\/hu\/wp-json\/wp\/v2\/media?parent=5040"}],"wp:term":[{"taxonomy":"product_brand","embeddable":true,"href":"https:\/\/boreait.com\/hu\/wp-json\/wp\/v2\/product_brand?post=5040"},{"taxonomy":"product_cat","embeddable":true,"href":"https:\/\/boreait.com\/hu\/wp-json\/wp\/v2\/product_cat?post=5040"},{"taxonomy":"product_tag","embeddable":true,"href":"https:\/\/boreait.com\/hu\/wp-json\/wp\/v2\/product_tag?post=5040"}],"curies":[{"name":"wp","href":"https:\/\/api.w.org\/{rel}","templated":true}]}}