{"id":5035,"date":"2025-09-17T11:09:07","date_gmt":"2025-09-17T09:09:07","guid":{"rendered":"https:\/\/boreait.com\/hu\/?post_type=product&#038;p=5035"},"modified":"2025-09-17T11:09:47","modified_gmt":"2025-09-17T09:09:47","slug":"bekapcsologombos-kapcsolotabla-es-kabel-a-hp-15-g-15-r-15-r221tx-ls-a991p-cserejehez","status":"publish","type":"product","link":"https:\/\/boreait.com\/hu\/termek\/bekapcsologombos-kapcsolotabla-es-kabel-a-hp-15-g-15-r-15-r221tx-ls-a991p-cserejehez\/","title":{"rendered":"Bekapcsol\u00f3gombos kapcsol\u00f3t\u00e1bla \u00e9s k\u00e1bel a HP 15-G 15-R 15-R221TX LS-A991P cser\u00e9j\u00e9hez"},"content":{"rendered":"<p>Revitaliz\u00e1lja HP \u200b\u200blaptopj\u00e1t a bekapcsol\u00f3gombos kapcsol\u00f3t\u00e1bl\u00e1val &amp; A HP 15-G, 15-R \u00e9s 15-R221TX LS-A991P modellekhez tervezett k\u00e1bel. Ezt a cserealkatr\u00e9szt \u00fagy alak\u00edtott\u00e1k ki, hogy megb\u00edzhat\u00f3 megold\u00e1st ny\u00fajtson az \u00e1ramell\u00e1t\u00e1ssal kapcsolatos probl\u00e9m\u00e1kra, biztos\u00edtva, hogy laptopja a lehet\u0151 legteljesebb m\u00e9rt\u00e9kben m\u0171k\u00f6dj\u00f6n.<\/p>\n<p>F\u0151bb jellemz\u0151k:<\/p>\n<ul>\n<li>HP 15-G, 15-R, 15-R221TX LS-A991P modellekkel kompatibilis<\/li>\n<li>Tartalmazza a bekapcsol\u00f3gombos kapcsol\u00f3t\u00e1bl\u00e1t &amp; K\u00e1bel<\/li>\n<li>Vissza\u00e1ll\u00edtja a megfelel\u0151 t\u00e1pell\u00e1t\u00e1st<\/li>\n<li>Kiv\u00e1l\u00f3 min\u0151s\u00e9g\u0171 \u00e9s tart\u00f3s konstrukci\u00f3<\/li>\n<\/ul>\n<p>HP laptopj\u00e1nak gondjai vannak a bekapcsol\u00e1ssal? Ez a bekapcsol\u00f3gombos kapcsol\u00f3t\u00e1bla &amp; A k\u00e1bel a v\u00e1lasz. A HP 15-G, 15-R \u00e9s 15-R221TX LS-A991P modellekhez val\u00f3 z\u00f6kken\u0151mentes illeszked\u00e9snek k\u00f6sz\u00f6nhet\u0151en megb\u00edzhat ebben a csereeszk\u00f6zben, amellyel \u00fajra \u00e9letre keltheti laptopj\u00e1t.<\/p>\n<p>K\u00e9rj\u00fck, vegye figyelembe, hogy ez a lista val\u00f3s f\u00e9nyk\u00e9peket tartalmaz a bekapcsol\u00f3gomb kapcsol\u00f3t\u00e1bl\u00e1j\u00e1r\u00f3l \u00e9s a K\u00e1bel a HP 15-G 15-R 15-R221TX LS-A991P k\u00e9sz\u00fcl\u00e9khez, \u00e9s nincs mell\u00e9kelve telep\u00edt\u00e9si utas\u00edt\u00e1s. Ha b\u00e1rmilyen k\u00e9rd\u00e9se van, vagy seg\u00edts\u00e9gre van sz\u00fcks\u00e9ge, forduljon bizalommal. Friss\u00edtse laptopja energiaell\u00e1t\u00e1s\u00e1t ezzel a megb\u00edzhat\u00f3 cserealkatr\u00e9szrel, \u00e9s t\u00e9rjen vissza a teljesen m\u0171k\u00f6d\u0151k\u00e9pes eszk\u00f6zh\u00f6z.<\/p>\n","protected":false},"excerpt":{"rendered":"<p>Fokozza HP laptopja funkcionalit\u00e1s\u00e1t a bekapcsol\u00f3gombos kapcsol\u00f3t\u00e1bl\u00e1val &amp; K\u00e1bel a HP 15-G 15-R 15-R221TX LS-A991P k\u00e9sz\u00fcl\u00e9khez. Ez a cserealkatr\u00e9sz biztos\u00edtja a z\u00f6kken\u0151mentes bekapcsol\u00e1si \u00e9lm\u00e9nyt, lehet\u0151v\u00e9 t\u00e9ve, hogy visszaszerezze az ir\u00e1ny\u00edt\u00e1st eszk\u00f6ze felett. A HP 15-G, 15-R \u00e9s 15-R221TX modellekkel val\u00f3 kompatibilit\u00e1s \u00e9rdek\u00e9ben ez a bekapcsol\u00f3gombos kapcsol\u00f3t\u00e1bla \u00e9s k\u00e1bel garant\u00e1lja a z\u00f6kken\u0151mentes cserefolyamatot. \u00c1ll\u00edtsa vissza laptopja energiaell\u00e1t\u00e1s\u00e1t ezzel a megb\u00edzhat\u00f3 cserealkatr\u00e9szrel.<\/p>\n","protected":false},"featured_media":5076,"template":"","meta":[],"product_brand":[],"product_cat":[27],"product_tag":[25],"class_list":{"0":"post-5035","1":"product","2":"type-product","3":"status-publish","4":"has-post-thumbnail","6":"product_cat-motherboards-board-parts","7":"product_tag-hp","9":"first","10":"instock","11":"taxable","12":"shipping-taxable","13":"purchasable","14":"product-type-simple"},"_links":{"self":[{"href":"https:\/\/boreait.com\/hu\/wp-json\/wp\/v2\/product\/5035","targetHints":{"allow":["GET"]}}],"collection":[{"href":"https:\/\/boreait.com\/hu\/wp-json\/wp\/v2\/product"}],"about":[{"href":"https:\/\/boreait.com\/hu\/wp-json\/wp\/v2\/types\/product"}],"wp:featuredmedia":[{"embeddable":true,"href":"https:\/\/boreait.com\/hu\/wp-json\/wp\/v2\/media\/5076"}],"wp:attachment":[{"href":"https:\/\/boreait.com\/hu\/wp-json\/wp\/v2\/media?parent=5035"}],"wp:term":[{"taxonomy":"product_brand","embeddable":true,"href":"https:\/\/boreait.com\/hu\/wp-json\/wp\/v2\/product_brand?post=5035"},{"taxonomy":"product_cat","embeddable":true,"href":"https:\/\/boreait.com\/hu\/wp-json\/wp\/v2\/product_cat?post=5035"},{"taxonomy":"product_tag","embeddable":true,"href":"https:\/\/boreait.com\/hu\/wp-json\/wp\/v2\/product_tag?post=5035"}],"curies":[{"name":"wp","href":"https:\/\/api.w.org\/{rel}","templated":true}]}}