{"id":5013,"date":"2025-09-17T11:08:42","date_gmt":"2025-09-17T09:08:42","guid":{"rendered":"https:\/\/boreait.com\/hu\/?post_type=product&#038;p=5013"},"modified":"2026-01-18T14:05:29","modified_gmt":"2026-01-18T13:05:29","slug":"ram-hp-550-slot-cover-6070b0213001-fekete-eredeti","status":"publish","type":"product","link":"https:\/\/boreait.com\/hu\/termek\/ram-hp-550-slot-cover-6070b0213001-fekete-eredeti\/","title":{"rendered":"RAM HP 550 Slot Cover 6070B0213001 Fekete EREDETI"},"content":{"rendered":"<p>N\u00f6velje HP 550 laptopja vizu\u00e1lis vonzerej\u00e9t, mik\u00f6zben meg\u0151rzi bels\u0151 integrit\u00e1s\u00e1t az eredeti fekete RAM-ny\u00edl\u00e1s fedel\u00e9vel &#8211; HP 550 6070B0213001. Ez a bor\u00edt\u00f3 egy eredeti tartoz\u00e9k, amelyet kifejezetten a HP 550 modellhez terveztek, t\u00f6k\u00e9letes illeszked\u00e9st \u00e9s kompatibilit\u00e1st biztos\u00edtva.<\/p>\n<p>F\u0151bb jellemz\u0151k:<\/p>\n<ul>\n<li>Eredeti HP 550 RAM foglalat fedele<\/li>\n<li>Alkatr\u00e9szsz\u00e1m: 6070B0213001<\/li>\n<li>Sz\u00edn: fekete<\/li>\n<\/ul>\n<p>Ez a foglalatfed\u00e9l nemcsak a laptop eleg\u00e1ns megjelen\u00e9s\u00e9hez j\u00e1rul hozz\u00e1, hanem praktikus c\u00e9lt is szolg\u00e1l a RAM-ny\u00edl\u00e1sok v\u00e9delm\u00e9vel. Pontoss\u00e1ggal \u00e9s a r\u00e9szletekre val\u00f3 odafigyel\u00e9ssel k\u00e9sz\u00fclt, t\u00fckr\u00f6zve a HP m\u00e1rk\u00e1hoz kapcsol\u00f3d\u00f3 min\u0151s\u00e9get.<\/p>\n<p>A telep\u00edt\u00e9s gyerekj\u00e1t\u00e9k. Adjon hozz\u00e1 egy csipet kifinomults\u00e1got a HP 550-hez, \u00e9s egyszerre \u00f3vja meg bels\u0151 alkatr\u00e9szeit.<\/p>\n<p>K\u00e9rj\u00fck, vegye figyelembe, hogy a list\u00e1n szerepl\u0151 term\u00e9kk\u00e9pek a HP 550 foglalat bor\u00edt\u00f3j\u00e1nak eredeti fot\u00f3k, amelyeket megkap. Telep\u00edt\u00e9si \u00fatmutat\u00f3 nem tal\u00e1lhat\u00f3, de ha b\u00e1rmilyen k\u00e9rd\u00e9se van, vagy seg\u00edts\u00e9gre van sz\u00fcks\u00e9ge, forduljon bizalommal. Emelje fel HP 550 megjelen\u00e9s\u00e9t ezzel az eredeti fekete RAM-ny\u00edl\u00e1s bor\u00edt\u00f3j\u00e1val \u2013 egy kis kieg\u00e9sz\u00edt\u00e9s, amely nagy hat\u00e1st gyakorol.<\/p>\n","protected":false},"excerpt":{"rendered":"<p>Fokozza HP 550 laptopja eszt\u00e9tik\u00e1j\u00e1t, \u00e9s v\u00e9dje meg a RAM-ny\u00edl\u00e1sait az eredeti fekete foglalatfed\u00e9llel \u2013 HP 550 6070B0213001. Ez a bor\u00edt\u00e1s nem csak egy eleg\u00e1ns kieg\u00e9sz\u00edt\u0151, hanem biztos\u00edtja a laptop bels\u0151 alkatr\u00e9szeinek \u00e9ps\u00e9g\u00e9t is. T\u00f6k\u00e9letesen kidolgozva. Emelje fel a HP 550 megjelen\u00e9s\u00e9t, \u00e9s \u00f3vja meg l\u00e9tfontoss\u00e1g\u00fa alkatr\u00e9szeit ezzel az eredeti foglalatfed\u00e9llel.<\/p>\n","protected":false},"featured_media":5052,"template":"","meta":[],"product_brand":[],"product_cat":[16],"product_tag":[25],"class_list":{"0":"post-5013","1":"product","2":"type-product","3":"status-publish","4":"has-post-thumbnail","6":"product_cat-laptop-housing","7":"product_tag-hp","9":"first","10":"instock","11":"taxable","12":"shipping-taxable","13":"purchasable","14":"product-type-simple"},"_links":{"self":[{"href":"https:\/\/boreait.com\/hu\/wp-json\/wp\/v2\/product\/5013","targetHints":{"allow":["GET"]}}],"collection":[{"href":"https:\/\/boreait.com\/hu\/wp-json\/wp\/v2\/product"}],"about":[{"href":"https:\/\/boreait.com\/hu\/wp-json\/wp\/v2\/types\/product"}],"wp:featuredmedia":[{"embeddable":true,"href":"https:\/\/boreait.com\/hu\/wp-json\/wp\/v2\/media\/5052"}],"wp:attachment":[{"href":"https:\/\/boreait.com\/hu\/wp-json\/wp\/v2\/media?parent=5013"}],"wp:term":[{"taxonomy":"product_brand","embeddable":true,"href":"https:\/\/boreait.com\/hu\/wp-json\/wp\/v2\/product_brand?post=5013"},{"taxonomy":"product_cat","embeddable":true,"href":"https:\/\/boreait.com\/hu\/wp-json\/wp\/v2\/product_cat?post=5013"},{"taxonomy":"product_tag","embeddable":true,"href":"https:\/\/boreait.com\/hu\/wp-json\/wp\/v2\/product_tag?post=5013"}],"curies":[{"name":"wp","href":"https:\/\/api.w.org\/{rel}","templated":true}]}}