{"id":5012,"date":"2025-09-17T11:08:42","date_gmt":"2025-09-17T09:08:42","guid":{"rendered":"https:\/\/boreait.com\/hu\/?post_type=product&#038;p=5012"},"modified":"2026-01-18T14:05:09","modified_gmt":"2026-01-18T13:05:09","slug":"samsung-4-gb-m471b5173db0-yk0-1rx8-pc3l-12800s-laptop-ram-nagy-teljesitmeny-es-megbizhatosag","status":"publish","type":"product","link":"https:\/\/boreait.com\/hu\/termek\/samsung-4-gb-m471b5173db0-yk0-1rx8-pc3l-12800s-laptop-ram-nagy-teljesitmeny-es-megbizhatosag\/","title":{"rendered":"Samsung 4 GB M471B5173DB0-YK0 1Rx8 PC3L 12800S laptop RAM \u2013 nagy teljes\u00edtm\u00e9ny \u00e9s megb\u00edzhat\u00f3s\u00e1g"},"content":{"rendered":"<p>Emelje \u00faj magass\u00e1gokba laptopja teljes\u00edtm\u00e9ny\u00e9t a Samsung 4 GB M471B5173DB0-YK0 1Rx8 PC3L 12800S laptop RAM-mal. Ezt a DDR3L RAM modult \u00fagy tervezt\u00e9k, hogy z\u00f6kken\u0151mentes \u00e9s hat\u00e9kony sz\u00e1m\u00edt\u00e1stechnikai \u00e9lm\u00e9nyt ny\u00fajtson.<\/p>\n<p>F\u0151bb jellemz\u0151k:<\/p>\n<ul>\n<li>Kapacit\u00e1s: 4 GB<\/li>\n<li>T\u00edpus: DDR3L SODIMM<\/li>\n<li>Sebess\u00e9g: PC3L-12800S (1600 MHz)<\/li>\n<li>Forma t\u00e9nyez\u0151: 204 t\u0171s<\/li>\n<li>Megb\u00edzhat\u00f3 Samsung min\u0151s\u00e9g<\/li>\n<\/ul>\n<p>Fokozza ki laptopja teljes potenci\u00e1lj\u00e1t ezzel a nagy teljes\u00edtm\u00e9ny\u0171 RAM-modullal. Ak\u00e1r professzion\u00e1lis, aki er\u0151forr\u00e1s-ig\u00e9nyes alkalmaz\u00e1sokat kezel, vagy egy h\u00e9tk\u00f6znapi felhaszn\u00e1l\u00f3, aki sebess\u00e9gn\u00f6vel\u00e9st keres, ez a Samsung RAM mindk\u00e9t fronton megfelel\u0151.<\/p>\n<p>A telep\u00edt\u00e9s gyerekj\u00e1t\u00e9k; egyszer\u0171en csatlakoztassa a laptop mem\u00f3riany\u00edl\u00e1s\u00e1ba. Nem tartalmaz utas\u00edt\u00e1sokat, de ha k\u00e9rd\u00e9se van, vagy seg\u00edts\u00e9gre van sz\u00fcks\u00e9ge, forduljon hozz\u00e1nk bizalommal.<\/p>\n<p>Friss\u00edt\u00e9s el\u0151nyei:<\/p>\n<ul>\n<li>Tov\u00e1bbfejlesztett t\u00f6bbfeladatos k\u00e9pess\u00e9gek<\/li>\n<li>Gyorsabb alkalmaz\u00e1sbet\u00f6lt\u00e9si id\u0151<\/li>\n<li>A rendszer \u00e1ltal\u00e1nos v\u00e1laszk\u00e9szs\u00e9ge tov\u00e1bbfejlesztett<\/li>\n<\/ul>\n<p>K\u00e9rj\u00fck, vegye figyelembe, hogy a lista val\u00f3di f\u00e9nyk\u00e9peket tartalmaz a Samsung 4 GB M471B5173DB0-YK0 1Rx8 PC3L 12800S laptop RAM-r\u00f3l. Ha k\u00e9rd\u00e9se van, vagy tov\u00e1bbi inform\u00e1ci\u00f3ra van sz\u00fcks\u00e9ge, csapatunk k\u00e9szs\u00e9ggel \u00e1ll rendelkez\u00e9s\u00e9re. Fektessen be a Samsung mem\u00f3riatechnol\u00f3gi\u00e1j\u00e1nak megb\u00edzhat\u00f3s\u00e1g\u00e1ba \u00e9s innov\u00e1ci\u00f3j\u00e1ba a kiv\u00e1l\u00f3 sz\u00e1m\u00edt\u00e1stechnikai \u00e9lm\u00e9ny \u00e9rdek\u00e9ben.<\/p>\n","protected":false},"excerpt":{"rendered":"<p>N\u00f6velje laptopja sebess\u00e9g\u00e9t \u00e9s teljes\u00edtm\u00e9ny\u00e9t a Samsung 4 GB M471B5173DB0-YK0 1Rx8 PC3L 12800S laptop RAM-mal. Ezt a kiv\u00e1l\u00f3 min\u0151s\u00e9g\u0171 RAM-modult az optim\u00e1lis kompatibilit\u00e1sra \u00e9s teljes\u00edtm\u00e9nyre tervezt\u00e9k, \u00e9s 4 GB DDR3L mem\u00f3ri\u00e1t k\u00edn\u00e1l. B\u0151v\u00edtse laptopja t\u00f6bbfeladatos k\u00e9pess\u00e9geit, jav\u00edtsa az alkalmaz\u00e1sok reakci\u00f3k\u00e9szs\u00e9g\u00e9t, \u00e9s tapasztalja meg a sim\u00e1bb \u00e1ltal\u00e1nos teljes\u00edtm\u00e9nyt. B\u00edzzon a Samsung h\u00edrnev\u00e9ben a mem\u00f3riatechnol\u00f3gia megb\u00edzhat\u00f3s\u00e1ga \u00e9s innov\u00e1ci\u00f3ja ter\u00e9n.<\/p>\n","protected":false},"featured_media":5051,"template":"","meta":[],"product_brand":[],"product_cat":[37,36],"product_tag":[],"class_list":{"0":"post-5012","1":"product","2":"type-product","3":"status-publish","4":"has-post-thumbnail","6":"product_cat-ddr3-ddr3l","7":"product_cat-ram-memory","9":"first","10":"instock","11":"taxable","12":"shipping-taxable","13":"purchasable","14":"product-type-simple"},"_links":{"self":[{"href":"https:\/\/boreait.com\/hu\/wp-json\/wp\/v2\/product\/5012","targetHints":{"allow":["GET"]}}],"collection":[{"href":"https:\/\/boreait.com\/hu\/wp-json\/wp\/v2\/product"}],"about":[{"href":"https:\/\/boreait.com\/hu\/wp-json\/wp\/v2\/types\/product"}],"wp:featuredmedia":[{"embeddable":true,"href":"https:\/\/boreait.com\/hu\/wp-json\/wp\/v2\/media\/5051"}],"wp:attachment":[{"href":"https:\/\/boreait.com\/hu\/wp-json\/wp\/v2\/media?parent=5012"}],"wp:term":[{"taxonomy":"product_brand","embeddable":true,"href":"https:\/\/boreait.com\/hu\/wp-json\/wp\/v2\/product_brand?post=5012"},{"taxonomy":"product_cat","embeddable":true,"href":"https:\/\/boreait.com\/hu\/wp-json\/wp\/v2\/product_cat?post=5012"},{"taxonomy":"product_tag","embeddable":true,"href":"https:\/\/boreait.com\/hu\/wp-json\/wp\/v2\/product_tag?post=5012"}],"curies":[{"name":"wp","href":"https:\/\/api.w.org\/{rel}","templated":true}]}}