{"id":5010,"date":"2025-09-17T11:08:42","date_gmt":"2025-09-17T09:08:42","guid":{"rendered":"https:\/\/boreait.com\/hu\/?post_type=product&#038;p=5010"},"modified":"2026-01-18T14:04:29","modified_gmt":"2026-01-18T13:04:29","slug":"eredeti-dell-latitude-e6400-laptop-intelligens-kartyaolvaso-0p822f-0j835f","status":"publish","type":"product","link":"https:\/\/boreait.com\/hu\/termek\/eredeti-dell-latitude-e6400-laptop-intelligens-kartyaolvaso-0p822f-0j835f\/","title":{"rendered":"Eredeti Dell Latitude E6400 laptop intelligens k\u00e1rtyaolvas\u00f3 \u2013 0P822F, 0J835F"},"content":{"rendered":"<p>N\u00f6velje Dell Latitude E6400 biztons\u00e1g\u00e1t a Dell Genuine Laptop Smart Card Reader seg\u00edts\u00e9g\u00e9vel. A prec\u00edzen tervezett \u00e9s a Dell \u00e1ltal tan\u00fas\u00edtott intelligensk\u00e1rtya-olvas\u00f3 a 0P822F \u00e9s 0J835F t\u00edpussz\u00e1mmal t\u00f6k\u00e9letes megold\u00e1s azok sz\u00e1m\u00e1ra, akik az adatbiztons\u00e1got fontosnak tartj\u00e1k.<\/p>\n<p>F\u0151bb jellemz\u0151k:<\/p>\n<ul>\n<li>Kompatibilit\u00e1s: Dell Latitude E6400<\/li>\n<li>T\u00edpussz\u00e1mok: 0P822F, 0J835F<\/li>\n<li>Eredeti Dell term\u00e9k a z\u00f6kken\u0151mentes integr\u00e1ci\u00f3\u00e9rt<\/li>\n<li>Intelligens k\u00e1rty\u00e1s hozz\u00e1f\u00e9r\u00e9ssel fokozza a laptopok biztons\u00e1g\u00e1t<\/li>\n<\/ul>\n<p>Tov\u00e1bbi v\u00e9delmi r\u00e9teggel b\u0151v\u00edtve laptopj\u00e1t, ez az intelligensk\u00e1rtya-olvas\u00f3 biztos\u00edtja, hogy csak a jogosult felhaszn\u00e1l\u00f3k f\u00e9rhessenek hozz\u00e1 a bizalmas inform\u00e1ci\u00f3khoz. Az adataik v\u00e9delm\u00e9re t\u00f6rekv\u0151 mag\u00e1nszem\u00e9lyek \u00e9s v\u00e1llalkoz\u00e1sok sz\u00e1m\u00e1ra k\u00f6telez\u0151.<\/p>\n<p>A telep\u00edt\u00e9s egyszer\u0171, \u00e9s z\u00f6kken\u0151mentesen integr\u00e1lhat\u00f3 a Dell Latitude E6400 k\u00e9sz\u00fcl\u00e9kkel. Egyszer\u0171en helyezze be az intelligens k\u00e1rty\u00e1t az olvas\u00f3ba, \u00e9s m\u00e1ris megtapasztalhatja a fokozott biztons\u00e1got a k\u00e9nyelem fel\u00e1ldoz\u00e1sa n\u00e9lk\u00fcl.<\/p>\n<p>K\u00e9rj\u00fck, vegye figyelembe, hogy ez a lista val\u00f3di f\u00e9nyk\u00e9peket tartalmaz a Dell Genuine Latitude E6400 laptop intelligens k\u00e1rtyaolvas\u00f3r\u00f3l, \u00e9s nem tartalmaz telep\u00edt\u00e9si utas\u00edt\u00e1st. Ha b\u00e1rmilyen k\u00e9rd\u00e9se van, vagy tov\u00e1bbi inform\u00e1ci\u00f3ra van sz\u00fcks\u00e9ge, forduljon bizalommal. Biztos\u00edtsa laptopj\u00e1t a Dell megb\u00edzhat\u00f3 min\u0151s\u00e9g\u00e9vel \u2013 rendelje meg az Eredeti Laptop Smart Card Reader-t m\u00e9g ma.<\/p>\n","protected":false},"excerpt":{"rendered":"<p>Fokozza Dell Latitude E6400 biztons\u00e1gi funkci\u00f3it az eredeti laptop intelligens k\u00e1rtyaolvas\u00f3val. Ez a Dell-tan\u00fas\u00edtv\u00e1nnyal rendelkez\u0151, 0P822F \u00e9s 0J835F modellsz\u00e1m\u00fa tartoz\u00e9k biztons\u00e1gos hozz\u00e1f\u00e9r\u00e9st biztos\u00edt laptopj\u00e1hoz, \u00e9s tov\u00e1bbi v\u00e9delmet ad \u00e9rt\u00e9kes adatainak. B\u00edzzon a Dell min\u0151s\u00e9g\u00e9ben a z\u00f6kken\u0151mentes integr\u00e1ci\u00f3 \u00e9s a megb\u00edzhat\u00f3 teljes\u00edtm\u00e9ny \u00e9rdek\u00e9ben.<\/p>\n","protected":false},"featured_media":5049,"template":"","meta":[],"product_brand":[],"product_cat":[27],"product_tag":[17],"class_list":{"0":"post-5010","1":"product","2":"type-product","3":"status-publish","4":"has-post-thumbnail","6":"product_cat-motherboards-board-parts","7":"product_tag-dell","9":"first","10":"instock","11":"taxable","12":"shipping-taxable","13":"purchasable","14":"product-type-simple"},"_links":{"self":[{"href":"https:\/\/boreait.com\/hu\/wp-json\/wp\/v2\/product\/5010","targetHints":{"allow":["GET"]}}],"collection":[{"href":"https:\/\/boreait.com\/hu\/wp-json\/wp\/v2\/product"}],"about":[{"href":"https:\/\/boreait.com\/hu\/wp-json\/wp\/v2\/types\/product"}],"wp:featuredmedia":[{"embeddable":true,"href":"https:\/\/boreait.com\/hu\/wp-json\/wp\/v2\/media\/5049"}],"wp:attachment":[{"href":"https:\/\/boreait.com\/hu\/wp-json\/wp\/v2\/media?parent=5010"}],"wp:term":[{"taxonomy":"product_brand","embeddable":true,"href":"https:\/\/boreait.com\/hu\/wp-json\/wp\/v2\/product_brand?post=5010"},{"taxonomy":"product_cat","embeddable":true,"href":"https:\/\/boreait.com\/hu\/wp-json\/wp\/v2\/product_cat?post=5010"},{"taxonomy":"product_tag","embeddable":true,"href":"https:\/\/boreait.com\/hu\/wp-json\/wp\/v2\/product_tag?post=5010"}],"curies":[{"name":"wp","href":"https:\/\/api.w.org\/{rel}","templated":true}]}}