{"id":5006,"date":"2025-09-17T11:08:41","date_gmt":"2025-09-17T09:08:41","guid":{"rendered":"https:\/\/boreait.com\/hu\/?post_type=product&#038;p=5006"},"modified":"2025-09-17T11:09:19","modified_gmt":"2025-09-17T09:09:19","slug":"hp-747129-001-mediakartya-olvaso-kartya-15-a101tx-15-laptophoz-eredeti-csere","status":"publish","type":"product","link":"https:\/\/boreait.com\/hu\/termek\/hp-747129-001-mediakartya-olvaso-kartya-15-a101tx-15-laptophoz-eredeti-csere\/","title":{"rendered":"HP 747129-001 m\u00e9diak\u00e1rtya-olvas\u00f3 k\u00e1rtya 15-a101tx 15 laptophoz \u2013 Eredeti csere"},"content":{"rendered":"<p>Friss\u00edtse HP 15-a101tx laptopj\u00e1t az eredeti HP 747129-001 m\u00e9diak\u00e1rtya-olvas\u00f3 k\u00e1rty\u00e1val. Ezt az alapvet\u0151 \u00f6sszetev\u0151t \u00fagy tervezt\u00e9k, hogy z\u00f6kken\u0151mentes \u00e9s megb\u00edzhat\u00f3 m\u00e9diak\u00e1rtya-olvas\u00e1si \u00e9lm\u00e9nyt ny\u00fajtson, biztos\u00edtva ezzel, hogy k\u00f6nnyed\u00e9n hozz\u00e1f\u00e9rhessen \u00e9s tov\u00e1bb\u00edtsa fontos f\u00e1jljait.<\/p>\n<p>F\u0151bb jellemz\u0151k:<\/p>\n<ul>\n<li>Eredeti HP cserealkatr\u00e9sz<\/li>\n<li>Modell: 747129-001<\/li>\n<li>Kompatibilit\u00e1s: HP 15-a101tx 15 laptopokhoz tervezve<\/li>\n<\/ul>\n<p>Ez a m\u00e9diak\u00e1rtya-olvas\u00f3 k\u00e1rtya kulcsfontoss\u00e1g\u00fa elem azoknak az egy\u00e9neknek, akik laptopjukra t\u00e1maszkodnak a m\u00e9di\u00e1val kapcsolatos feladatok sor\u00e1n. Legyen \u00d6n fot\u00f3s, vide\u00f3s, vagy egyszer\u0171en csak valaki, aki egyszer\u0171en szeretne hozz\u00e1f\u00e9rni m\u00e9diaf\u00e1jljaihoz, ez a HP cserealkatr\u00e9sz biztos\u00edtja, hogy laptopja megfeleljen az \u00d6n ig\u00e9nyeinek.<\/p>\n<p>K\u00e9rj\u00fck, vegye figyelembe, hogy ez a lista hiteles f\u00e9nyk\u00e9peket tartalmaz a HP 747129-001 m\u00e9diak\u00e1rtya-olvas\u00f3 k\u00e1rty\u00e1r\u00f3l, \u00e9s nem tartalmaz telep\u00edt\u00e9si utas\u00edt\u00e1st. Ha b\u00e1rmilyen k\u00e9rd\u00e9se van, vagy tov\u00e1bbi inform\u00e1ci\u00f3ra van sz\u00fcks\u00e9ge, forduljon bizalommal. B\u0151v\u00edtse laptopja funkcionalit\u00e1s\u00e1t ezzel az eredeti HP cserealkatr\u00e9szrel, \u00e9s \u00e9lvezze a z\u00f6kken\u0151mentes m\u00e9dia\u00e9lm\u00e9nyt HP 15-a101tx laptopj\u00e1n.<\/p>\n","protected":false},"excerpt":{"rendered":"<p>Fokozza laptopja funkcionalit\u00e1s\u00e1t a HP 747129-001 m\u00e9diak\u00e1rtya-olvas\u00f3 k\u00e1rty\u00e1val. Ezt az eredeti cserealkatr\u00e9szt a 15-a101tx modellhez tervezt\u00e9k, biztos\u00edtva a kompatibilit\u00e1st \u00e9s az optim\u00e1lis teljes\u00edtm\u00e9nyt. K\u00f6nnyen el\u00e9rheti \u00e9s \u00e1tviheti m\u00e9diaf\u00e1jljait ezzel a megb\u00edzhat\u00f3 m\u00e9diak\u00e1rtya-olvas\u00f3 k\u00e1rty\u00e1val. Friss\u00edtse z\u00f6kken\u0151mentesen laptopj\u00e1t ezzel az autentikus HP komponenssel.<\/p>\n","protected":false},"featured_media":5045,"template":"","meta":[],"product_brand":[],"product_cat":[27],"product_tag":[25],"class_list":{"0":"post-5006","1":"product","2":"type-product","3":"status-publish","4":"has-post-thumbnail","6":"product_cat-motherboards-board-parts","7":"product_tag-hp","9":"first","10":"instock","11":"taxable","12":"shipping-taxable","13":"purchasable","14":"product-type-simple"},"_links":{"self":[{"href":"https:\/\/boreait.com\/hu\/wp-json\/wp\/v2\/product\/5006","targetHints":{"allow":["GET"]}}],"collection":[{"href":"https:\/\/boreait.com\/hu\/wp-json\/wp\/v2\/product"}],"about":[{"href":"https:\/\/boreait.com\/hu\/wp-json\/wp\/v2\/types\/product"}],"wp:featuredmedia":[{"embeddable":true,"href":"https:\/\/boreait.com\/hu\/wp-json\/wp\/v2\/media\/5045"}],"wp:attachment":[{"href":"https:\/\/boreait.com\/hu\/wp-json\/wp\/v2\/media?parent=5006"}],"wp:term":[{"taxonomy":"product_brand","embeddable":true,"href":"https:\/\/boreait.com\/hu\/wp-json\/wp\/v2\/product_brand?post=5006"},{"taxonomy":"product_cat","embeddable":true,"href":"https:\/\/boreait.com\/hu\/wp-json\/wp\/v2\/product_cat?post=5006"},{"taxonomy":"product_tag","embeddable":true,"href":"https:\/\/boreait.com\/hu\/wp-json\/wp\/v2\/product_tag?post=5006"}],"curies":[{"name":"wp","href":"https:\/\/api.w.org\/{rel}","templated":true}]}}