{"id":5005,"date":"2025-09-17T11:08:41","date_gmt":"2025-09-17T09:08:41","guid":{"rendered":"https:\/\/boreait.com\/hu\/?post_type=product&#038;p=5005"},"modified":"2026-01-18T14:03:48","modified_gmt":"2026-01-18T13:03:48","slug":"eredeti-intelligenskartya-olvaso-thinkpad-fru-04w3694-0b46412-04w2084-0b46411-hez-ovja-adatait","status":"publish","type":"product","link":"https:\/\/boreait.com\/hu\/termek\/eredeti-intelligenskartya-olvaso-thinkpad-fru-04w3694-0b46412-04w2084-0b46411-hez-ovja-adatait\/","title":{"rendered":"Eredeti intelligensk\u00e1rtya-olvas\u00f3 ThinkPad FRU 04W3694 &#8211; 0B46412 04W2084 0B46411-hez &#8211; \u00d3vja adatait!"},"content":{"rendered":"<p>N\u00f6velje ThinkPadj\u00e9nek biztons\u00e1g\u00e1t az eredeti FRU 04W3694 intelligensk\u00e1rtya-olvas\u00f3val. Ezt az autentikus \u00f6sszetev\u0151t \u00fagy tervezt\u00e9k, hogy tov\u00e1bbi v\u00e9delmi r\u00e9teget biztos\u00edtson laptopja sz\u00e1m\u00e1ra, biztos\u00edtva az \u00e9rz\u00e9keny adatok biztons\u00e1g\u00e1t.<\/p>\n<p>F\u0151bb jellemz\u0151k:<\/p>\n<ul>\n<li>Eredeti intelligensk\u00e1rtya-olvas\u00f3<\/li>\n<li>FRU 04W3694 \/ 0B46412 04W2084 0B46411<\/li>\n<li>Jav\u00edtja a laptop biztons\u00e1g\u00e1t<\/li>\n<li>Eredeti komponens a ThinkPadhez<\/li>\n<\/ul>\n<p>Ak\u00e1r s\u00e9r\u00fclt k\u00e1rtyaolvas\u00f3t cser\u00e9l, ak\u00e1r egy extra biztons\u00e1gi r\u00e9teget ad a ThinkPadhez, az FRU 04W3694 a megb\u00edzhat\u00f3 v\u00e1laszt\u00e1s. Ezzel az eredeti intelligensk\u00e1rtya-olvas\u00f3val biztos lehet benne, hogy laptopja val\u00f3di \u00e9s megb\u00edzhat\u00f3 biztons\u00e1gi megold\u00e1ssal van felszerelve.<\/p>\n<p>K\u00e9rj\u00fck, vegye figyelembe, hogy az ezen a list\u00e1n szerepl\u0151 term\u00e9kk\u00e9pek a ThinkPad FRU 04W3694 t\u00e9nyleges eredeti Smart Card Reader-j\u00e9t \u00e1br\u00e1zolj\u00e1k, amelyet a v\u00e1s\u00e1rl\u00f3k kapnak. Telep\u00edt\u00e9si \u00fatmutat\u00f3 nem tal\u00e1lhat\u00f3, de ha k\u00e9rd\u00e9se van, vagy seg\u00edts\u00e9gre van sz\u00fcks\u00e9ge, forduljon bizalommal. Biztos\u00edtsa ThinkPadj\u00e9t, \u00e9s v\u00e9dje meg adatait a hiteles FRU 04W3694 Smart Card Reader seg\u00edts\u00e9g\u00e9vel.<\/p>\n","protected":false},"excerpt":{"rendered":"<p>N\u00f6velje ThinkPadj\u00e9nek biztons\u00e1g\u00e1t az eredeti FRU 04W3694 intelligensk\u00e1rtya-olvas\u00f3val. Ez az intelligens k\u00e1rtyaolvas\u00f3, amelyet \u00fagy terveztek, hogy tov\u00e1bbi v\u00e9delmet ny\u00fajtson, a ThinkPad hiteles \u00f6sszetev\u0151je. \u00d3vja bizalmas adatait, tudva, hogy az eredeti \u00e9s megb\u00edzhat\u00f3 FRU 04W3694 intelligensk\u00e1rtya-olvas\u00f3t telep\u00edtette.<\/p>\n","protected":false},"featured_media":5044,"template":"","meta":[],"product_brand":[],"product_cat":[27],"product_tag":[26],"class_list":{"0":"post-5005","1":"product","2":"type-product","3":"status-publish","4":"has-post-thumbnail","6":"product_cat-motherboards-board-parts","7":"product_tag-lenovo","9":"first","10":"instock","11":"taxable","12":"shipping-taxable","13":"purchasable","14":"product-type-simple"},"_links":{"self":[{"href":"https:\/\/boreait.com\/hu\/wp-json\/wp\/v2\/product\/5005","targetHints":{"allow":["GET"]}}],"collection":[{"href":"https:\/\/boreait.com\/hu\/wp-json\/wp\/v2\/product"}],"about":[{"href":"https:\/\/boreait.com\/hu\/wp-json\/wp\/v2\/types\/product"}],"wp:featuredmedia":[{"embeddable":true,"href":"https:\/\/boreait.com\/hu\/wp-json\/wp\/v2\/media\/5044"}],"wp:attachment":[{"href":"https:\/\/boreait.com\/hu\/wp-json\/wp\/v2\/media?parent=5005"}],"wp:term":[{"taxonomy":"product_brand","embeddable":true,"href":"https:\/\/boreait.com\/hu\/wp-json\/wp\/v2\/product_brand?post=5005"},{"taxonomy":"product_cat","embeddable":true,"href":"https:\/\/boreait.com\/hu\/wp-json\/wp\/v2\/product_cat?post=5005"},{"taxonomy":"product_tag","embeddable":true,"href":"https:\/\/boreait.com\/hu\/wp-json\/wp\/v2\/product_tag?post=5005"}],"curies":[{"name":"wp","href":"https:\/\/api.w.org\/{rel}","templated":true}]}}