{"id":5003,"date":"2025-09-17T11:08:41","date_gmt":"2025-09-17T09:08:41","guid":{"rendered":"https:\/\/boreait.com\/hu\/?post_type=product&#038;p=5003"},"modified":"2025-09-17T11:09:12","modified_gmt":"2025-09-17T09:09:12","slug":"hp-compaq-6730b-audio-router-kartya-461749-001-kabellel-eredeti-oem","status":"publish","type":"product","link":"https:\/\/boreait.com\/hu\/termek\/hp-compaq-6730b-audio-router-kartya-461749-001-kabellel-eredeti-oem\/","title":{"rendered":"HP Compaq 6730B audio router k\u00e1rtya 461749-001 k\u00e1bellel \u2013 Eredeti OEM"},"content":{"rendered":"<p>B\u0151v\u00edtse HP Compaq 6730B laptopja audiok\u00e9pess\u00e9geit az eredeti OEM Audio Router Board k\u00e1bellel (461749-001). Ezt a gondosan megtervezett alkatr\u00e9szt \u00fagy tervezt\u00e9k, hogy megb\u00edzhat\u00f3 audiokapcsolatot biztos\u00edtson, z\u00f6kken\u0151mentes \u00e9s kiv\u00e1l\u00f3 min\u0151s\u00e9g\u0171 hang\u00e9lm\u00e9nyt biztos\u00edtva laptopja sz\u00e1m\u00e1ra.<\/p>\n<p>F\u0151bb jellemz\u0151k:<\/p>\n<ul>\n<li>Eredeti OEM HP alkatr\u00e9sz<\/li>\n<li>Modell: 461749-001<\/li>\n<li>Kompatibilis a HP Compaq 6730B-vel<\/li>\n<li>Audio-routerk\u00e1rtya mell\u00e9kelt k\u00e1bellel<\/li>\n<\/ul>\n<p>Ak\u00e1r hib\u00e1s alkatr\u00e9szt cser\u00e9l, ak\u00e1r laptopja hangteljes\u00edtm\u00e9ny\u00e9t szeretn\u00e9 jav\u00edtani, ez a HP alkatr\u00e9sz az ide\u00e1lis megold\u00e1s. A HP szigor\u00fa szabv\u00e1nyainak megfelel\u0151en kialak\u00edtott audio router k\u00e1rtya kompatibilit\u00e1s\u00e1ban \u00e9s megb\u00edzhat\u00f3s\u00e1g\u00e1ban b\u00edzhat.<\/p>\n<p>K\u00e9rj\u00fck, vegye figyelembe, hogy ez a lista val\u00f3di f\u00e9nyk\u00e9peket tartalmaz a HP Compaq 6730B audio router k\u00e1rty\u00e1j\u00e1r\u00f3l k\u00e1bellel (461749-001). Telep\u00edt\u00e9si \u00fatmutat\u00f3 nem tal\u00e1lhat\u00f3, de ha b\u00e1rmilyen k\u00e9rd\u00e9se van, vagy seg\u00edts\u00e9gre van sz\u00fcks\u00e9ge, forduljon bizalommal. N\u00f6velje laptopja hang\u00e9lm\u00e9ny\u00e9t ezzel az eredeti HP komponenssel.<\/p>\n","protected":false},"excerpt":{"rendered":"<p>N\u00f6velje HP Compaq 6730B laptopja audiofunkci\u00f3it az eredeti OEM audio router k\u00e1rty\u00e1val (461749-001) k\u00e1bellel. Ez az alapvet\u0151 \u00f6sszetev\u0151 z\u00f6kken\u0151mentes audiocsatlakoz\u00e1st biztos\u00edt, kiv\u00e1l\u00f3 min\u0151s\u00e9g\u0171 hang\u00e9lm\u00e9nyt biztos\u00edtva. B\u00edzzon az eredeti HP alkatr\u00e9szek megb\u00edzhat\u00f3s\u00e1g\u00e1ban \u00e9s kompatibilit\u00e1s\u00e1ban az optim\u00e1lis teljes\u00edtm\u00e9ny \u00e9rdek\u00e9ben.<\/p>\n","protected":false},"featured_media":5042,"template":"","meta":[],"product_brand":[],"product_cat":[27],"product_tag":[25],"class_list":{"0":"post-5003","1":"product","2":"type-product","3":"status-publish","4":"has-post-thumbnail","6":"product_cat-motherboards-board-parts","7":"product_tag-hp","9":"first","10":"instock","11":"taxable","12":"shipping-taxable","13":"purchasable","14":"product-type-simple"},"_links":{"self":[{"href":"https:\/\/boreait.com\/hu\/wp-json\/wp\/v2\/product\/5003","targetHints":{"allow":["GET"]}}],"collection":[{"href":"https:\/\/boreait.com\/hu\/wp-json\/wp\/v2\/product"}],"about":[{"href":"https:\/\/boreait.com\/hu\/wp-json\/wp\/v2\/types\/product"}],"wp:featuredmedia":[{"embeddable":true,"href":"https:\/\/boreait.com\/hu\/wp-json\/wp\/v2\/media\/5042"}],"wp:attachment":[{"href":"https:\/\/boreait.com\/hu\/wp-json\/wp\/v2\/media?parent=5003"}],"wp:term":[{"taxonomy":"product_brand","embeddable":true,"href":"https:\/\/boreait.com\/hu\/wp-json\/wp\/v2\/product_brand?post=5003"},{"taxonomy":"product_cat","embeddable":true,"href":"https:\/\/boreait.com\/hu\/wp-json\/wp\/v2\/product_cat?post=5003"},{"taxonomy":"product_tag","embeddable":true,"href":"https:\/\/boreait.com\/hu\/wp-json\/wp\/v2\/product_tag?post=5003"}],"curies":[{"name":"wp","href":"https:\/\/api.w.org\/{rel}","templated":true}]}}