{"id":4978,"date":"2025-09-17T11:08:17","date_gmt":"2025-09-17T09:08:17","guid":{"rendered":"https:\/\/boreait.com\/hu\/?post_type=product&#038;p=4978"},"modified":"2026-01-18T14:01:57","modified_gmt":"2026-01-18T13:01:57","slug":"hmt425s6afr6a-pb-hynix-2gb-pc3l-12800s-11-13-c3-ddr3l-laptop-ram-memoria-modul","status":"publish","type":"product","link":"https:\/\/boreait.com\/hu\/termek\/hmt425s6afr6a-pb-hynix-2gb-pc3l-12800s-11-13-c3-ddr3l-laptop-ram-memoria-modul\/","title":{"rendered":"HMT425S6AFR6A-PB HYNIX 2GB PC3L-12800S-11-13-C3 DDR3L laptop RAM mem\u00f3ria modul"},"content":{"rendered":"<p>N\u00f6velje laptopja teljes\u00edtm\u00e9ny\u00e9t a HMT425S6AFR6A-PB HYNIX 2 GB PC3L-12800S-11-13-C3 DDR3L laptop RAM mem\u00f3riamodullal. Ezt a DDR3L mem\u00f3riamodult \u00fagy alak\u00edtott\u00e1k ki, hogy jelent\u0151sen megn\u00f6velje laptopja sebess\u00e9g\u00e9t \u00e9s reakci\u00f3k\u00e9pess\u00e9g\u00e9t.<\/p>\n<p>F\u0151bb jellemz\u0151k:<\/p>\n<ul>\n<li>Kapacit\u00e1s: 2 GB<\/li>\n<li>T\u00edpus: DDR3L SDRAM<\/li>\n<li>Sebess\u00e9g: PC3L-12800S-11-13-C3<\/li>\n<li>Forma t\u00e9nyez\u0151: Laptop SO-DIMM<\/li>\n<\/ul>\n<p>Ezt a HYNIX mem\u00f3riamodult \u00fagy tervezt\u00e9k, hogy megfeleljen a modern sz\u00e1m\u00edt\u00e1stechnika k\u00f6vetelm\u00e9nyeinek. Legyen sz\u00f3 h\u00e9tk\u00f6znapi felhaszn\u00e1l\u00f3r\u00f3l vagy t\u00f6bbfeladatos szakemberr\u0151l, a 2 GB-os kapacit\u00e1s sim\u00e1bb teljes\u00edtm\u00e9nyt, gyorsabb alkalmaz\u00e1sbet\u00f6lt\u00e9st \u00e9s jobb \u00e1ltal\u00e1nos rendszerreakci\u00f3t biztos\u00edt.<\/p>\n<p>K\u00e9rj\u00fck, vegye figyelembe, hogy ez a lista hiteles f\u00e9nyk\u00e9peket tartalmaz a HMT425S6AFR6A-PB HYNIX 2 GB PC3L-12800S-11-13-C3 DDR3L RAM-r\u00f3l, \u00e9s nem tartalmaz telep\u00edt\u00e9si utas\u00edt\u00e1st. Ha b\u00e1rmilyen k\u00e9rd\u00e9se van, vagy tov\u00e1bbi inform\u00e1ci\u00f3ra van sz\u00fcks\u00e9ge, forduljon bizalommal. Friss\u00edtse laptopj\u00e1t HYNIX megb\u00edzhat\u00f3s\u00e1ggal, \u00e9s tapasztalja meg a hat\u00e9konyabb sz\u00e1m\u00edt\u00e1si k\u00f6rnyezetet.<\/p>\n","protected":false},"excerpt":{"rendered":"<p>N\u00f6velje laptopja teljes\u00edtm\u00e9ny\u00e9t a HMT425S6AFR6A-PB HYNIX 2 GB PC3L-12800S-11-13-C3 DDR3L RAM seg\u00edts\u00e9g\u00e9vel. Ezt a kiv\u00e1l\u00f3 min\u0151s\u00e9g\u0171 mem\u00f3riamodult \u00fagy tervezt\u00e9k, hogy n\u00f6velje laptopja sebess\u00e9g\u00e9t \u00e9s reakci\u00f3k\u00e9pess\u00e9g\u00e9t. 2 GB DDR3L mem\u00f3ri\u00e1j\u00e1val ide\u00e1lis v\u00e1laszt\u00e1s a sim\u00e1bb t\u00f6bbfeladatos munkav\u00e9gz\u00e9shez \u00e9s a jobb \u00e1ltal\u00e1nos rendszerteljes\u00edtm\u00e9nyhez. B\u00edzzon a HYNIX megb\u00edzhat\u00f3s\u00e1g\u00e1ban a hat\u00e9kony \u00e9s z\u00f6kken\u0151mentes sz\u00e1m\u00edt\u00e1stechnikai \u00e9lm\u00e9ny \u00e9rdek\u00e9ben.<\/p>\n","protected":false},"featured_media":5023,"template":"","meta":[],"product_brand":[],"product_cat":[37,36],"product_tag":[],"class_list":{"0":"post-4978","1":"product","2":"type-product","3":"status-publish","4":"has-post-thumbnail","6":"product_cat-ddr3-ddr3l","7":"product_cat-ram-memory","9":"first","10":"instock","11":"taxable","12":"shipping-taxable","13":"purchasable","14":"product-type-simple"},"_links":{"self":[{"href":"https:\/\/boreait.com\/hu\/wp-json\/wp\/v2\/product\/4978","targetHints":{"allow":["GET"]}}],"collection":[{"href":"https:\/\/boreait.com\/hu\/wp-json\/wp\/v2\/product"}],"about":[{"href":"https:\/\/boreait.com\/hu\/wp-json\/wp\/v2\/types\/product"}],"wp:featuredmedia":[{"embeddable":true,"href":"https:\/\/boreait.com\/hu\/wp-json\/wp\/v2\/media\/5023"}],"wp:attachment":[{"href":"https:\/\/boreait.com\/hu\/wp-json\/wp\/v2\/media?parent=4978"}],"wp:term":[{"taxonomy":"product_brand","embeddable":true,"href":"https:\/\/boreait.com\/hu\/wp-json\/wp\/v2\/product_brand?post=4978"},{"taxonomy":"product_cat","embeddable":true,"href":"https:\/\/boreait.com\/hu\/wp-json\/wp\/v2\/product_cat?post=4978"},{"taxonomy":"product_tag","embeddable":true,"href":"https:\/\/boreait.com\/hu\/wp-json\/wp\/v2\/product_tag?post=4978"}],"curies":[{"name":"wp","href":"https:\/\/api.w.org\/{rel}","templated":true}]}}