{"id":4974,"date":"2025-09-17T11:08:16","date_gmt":"2025-09-17T09:08:16","guid":{"rendered":"https:\/\/boreait.com\/hu\/?post_type=product&#038;p=4974"},"modified":"2025-09-17T11:08:49","modified_gmt":"2025-09-17T09:08:49","slug":"dell-inspiron-15451546-webkamera-kamera-u620f-0u620f-eredeti-oem-csere","status":"publish","type":"product","link":"https:\/\/boreait.com\/hu\/termek\/dell-inspiron-15451546-webkamera-kamera-u620f-0u620f-eredeti-oem-csere\/","title":{"rendered":"Dell Inspiron 15451546 webkamera kamera &#8211; U620F 0U620F &#8211; Eredeti OEM csere"},"content":{"rendered":"<p>N\u00f6velje online kommunik\u00e1ci\u00f3s \u00e9lm\u00e9ny\u00e9t az eredeti Dell Inspiron 1545\/1546 webkamera\/kamera &#8211; U620F 0U620F. Ez a webkamera t\u00f6k\u00e9letes OEM csere a Dell Inspiron 1545 vagy 1546 laptopokhoz, \u00e9s kiv\u00e1l\u00f3 vide\u00f3min\u0151s\u00e9get biztos\u00edt virtu\u00e1lis tal\u00e1lkoz\u00f3khoz, online \u00f3r\u00e1khoz, illetve bar\u00e1tokkal \u00e9s csal\u00e1ddal val\u00f3 kapcsolattart\u00e1shoz.<\/p>\n<p>F\u0151bb jellemz\u0151k:<\/p>\n<ul>\n<li>Dell Inspiron 1545\/1546 laptopokkal kompatibilis<\/li>\n<li>Eredeti OEM csere<\/li>\n<li>Modell: U620F 0U620F<\/li>\n<li>Krist\u00e1lytiszta vide\u00f3min\u0151s\u00e9g<\/li>\n<\/ul>\n<p>Ak\u00e1r a jelenlegi webkamer\u00e1ja hib\u00e1san m\u0171k\u00f6dik, ak\u00e1r friss\u00edteni szeretn\u00e9 Dell laptopj\u00e1t, az U620F 0U620F modell z\u00f6kken\u0151mentes megold\u00e1st k\u00edn\u00e1l. Telep\u00edt\u00e9si \u00fatmutat\u00f3 nem tal\u00e1lhat\u00f3, de ha b\u00e1rmilyen k\u00e9rd\u00e9se van, vagy seg\u00edts\u00e9gre van sz\u00fcks\u00e9ge, forduljon bizalommal.<\/p>\n<p>K\u00e9rj\u00fck, vegye figyelembe, hogy a lista val\u00f3di f\u00e9nyk\u00e9peket tartalmaz a Dell Inspiron 1545\/1546 webkamera\/kamera &#8211; U620F 0U620F f\u00e9nyk\u00e9pez\u0151g\u00e9pr\u0151l. Fokozza laptopja k\u00e9pess\u00e9geit \u00e9s vizu\u00e1lis kommunik\u00e1ci\u00f3j\u00e1t ezzel az eredeti OEM webkamera cser\u00e9vel. Ha k\u00e9rd\u00e9se van, vagy tov\u00e1bbi inform\u00e1ci\u00f3ra van sz\u00fcks\u00e9ge, ne habozzon kapcsolatba l\u00e9pni vel\u00fcnk. Friss\u00edtse Dell Inspiron laptopj\u00e1t m\u00e9g ma a kiv\u00e1l\u00f3 vide\u00f3min\u0151s\u00e9g \u00e9s kommunik\u00e1ci\u00f3 \u00e9rdek\u00e9ben.<\/p>\n","protected":false},"excerpt":{"rendered":"<p>Fokozza videokonferenci\u00e1j\u00e1t \u00e9s online kommunik\u00e1ci\u00f3j\u00e1t a Dell Inspiron 1545\/1546 webkamera\/kamera &#8211; U620F 0U620F seg\u00edts\u00e9g\u00e9vel. Ez az eredeti OEM csere krist\u00e1lytiszta k\u00e9pet biztos\u00edt, \u00edgy ide\u00e1lis megold\u00e1s Dell Inspiron 1545 vagy 1546 laptopja sz\u00e1m\u00e1ra. B\u0151v\u00edtse laptopja k\u00e9pess\u00e9geit ezzel a kiv\u00e1l\u00f3 min\u0151s\u00e9g\u0171 webkamer\u00e1val.<\/p>\n","protected":false},"featured_media":5018,"template":"","meta":[],"product_brand":[],"product_cat":[23],"product_tag":[17],"class_list":{"0":"post-4974","1":"product","2":"type-product","3":"status-publish","4":"has-post-thumbnail","6":"product_cat-laptop-camera","7":"product_tag-dell","9":"first","10":"instock","11":"taxable","12":"shipping-taxable","13":"purchasable","14":"product-type-simple"},"_links":{"self":[{"href":"https:\/\/boreait.com\/hu\/wp-json\/wp\/v2\/product\/4974","targetHints":{"allow":["GET"]}}],"collection":[{"href":"https:\/\/boreait.com\/hu\/wp-json\/wp\/v2\/product"}],"about":[{"href":"https:\/\/boreait.com\/hu\/wp-json\/wp\/v2\/types\/product"}],"wp:featuredmedia":[{"embeddable":true,"href":"https:\/\/boreait.com\/hu\/wp-json\/wp\/v2\/media\/5018"}],"wp:attachment":[{"href":"https:\/\/boreait.com\/hu\/wp-json\/wp\/v2\/media?parent=4974"}],"wp:term":[{"taxonomy":"product_brand","embeddable":true,"href":"https:\/\/boreait.com\/hu\/wp-json\/wp\/v2\/product_brand?post=4974"},{"taxonomy":"product_cat","embeddable":true,"href":"https:\/\/boreait.com\/hu\/wp-json\/wp\/v2\/product_cat?post=4974"},{"taxonomy":"product_tag","embeddable":true,"href":"https:\/\/boreait.com\/hu\/wp-json\/wp\/v2\/product_tag?post=4974"}],"curies":[{"name":"wp","href":"https:\/\/api.w.org\/{rel}","templated":true}]}}