{"id":4972,"date":"2025-09-17T11:08:16","date_gmt":"2025-09-17T09:08:16","guid":{"rendered":"https:\/\/boreait.com\/hu\/?post_type=product&#038;p=4972"},"modified":"2025-09-17T11:08:47","modified_gmt":"2025-09-17T09:08:47","slug":"da0bl6pi6e0-eredeti-oem-toshiba-erintopad-be-kikapcsolhato-kartya-satellite-l755-kabellel","status":"publish","type":"product","link":"https:\/\/boreait.com\/hu\/termek\/da0bl6pi6e0-eredeti-oem-toshiba-erintopad-be-kikapcsolhato-kartya-satellite-l755-kabellel\/","title":{"rendered":"DA0BL6PI6E0 Eredeti OEM Toshiba \u00e9rint\u0151pad be-\/kikapcsolhat\u00f3 k\u00e1rtya Satellite L755 k\u00e1bellel"},"content":{"rendered":"<p>Revitaliz\u00e1lja Toshiba Satellite L755-j\u00e9t a DA0BL6PI6E0 eredeti OEM Toshiba \u00e9rint\u0151pad be-\/kikapcsol\u00e1si alaplapj\u00e1val. Ezt az \u00e9rint\u0151pad k\u00e1rty\u00e1t \u00fagy tervezt\u00e9k, hogy prec\u00edz \u00e9s \u00e9rz\u00e9keny vez\u00e9rl\u00e9st biztos\u00edtson laptopja sz\u00e1m\u00e1ra, sima \u00e9s \u00e9lvezetes felhaszn\u00e1l\u00f3i \u00e9lm\u00e9nyt biztos\u00edtva.<\/p>\n<p>F\u0151bb jellemz\u0151k:<\/p>\n<ul>\n<li>Alkatr\u00e9szsz\u00e1m: DA0BL6PI6E0<\/li>\n<li>Eredeti OEM Toshiba \u00e9rint\u0151pad be\/ki k\u00e1rtya<\/li>\n<li>K\u00e1belt tartalmaz<\/li>\n<li>Kompatibilis a Toshiba Satellite L755-tel<\/li>\n<\/ul>\n<p>Ak\u00e1r hib\u00e1s \u00e9rint\u0151padot cser\u00e9l, ak\u00e1r laptopj\u00e1t friss\u00edti, ez az eredeti OEM Toshiba k\u00e1rtya kompatibilit\u00e1st \u00e9s megb\u00edzhat\u00f3 teljes\u00edtm\u00e9nyt garant\u00e1l. A k\u00e1bel be\u00e9p\u00edt\u00e9se probl\u00e9mamentes telep\u00edt\u00e9st tesz lehet\u0151v\u00e9, \u00e9s pillanatok alatt vissza\u00e1ll\u00edtja a laptop optim\u00e1lis m\u0171k\u00f6d\u00e9s\u00e9t.<\/p>\n<p>K\u00e9rj\u00fck, vegye figyelembe, hogy a lista val\u00f3di f\u00e9nyk\u00e9peket tartalmaz a DA0BL6PI6E0 eredeti OEM Toshiba Touchpad be-\/kikapcsol\u00e1si alaplapj\u00e1r\u00f3l k\u00e1bellel a Toshiba Satellite L755-h\u00f6z. Nincsenek telep\u00edt\u00e9si utas\u00edt\u00e1sok, de a seg\u00edts\u00e9g csak egy \u00fczenetre van. Ha b\u00e1rmilyen k\u00e9rd\u00e9se van, vagy tov\u00e1bbi inform\u00e1ci\u00f3ra van sz\u00fcks\u00e9ge, forduljon bizalommal. Ezzel az eredeti Toshiba cserealkatr\u00e9szrel \u00e1ll\u00edtsa vissza Toshiba Satellite L755 \u00e9rint\u0151padj\u00e1nak m\u0171k\u00f6d\u00e9s\u00e9t.<\/p>\n","protected":false},"excerpt":{"rendered":"<p>Jav\u00edtsa ki Toshiba Satellite L755-j\u00e9t a DA0BL6PI6E0 eredeti OEM Toshiba \u00e9rint\u0151pad be-\/kikapcsol\u00e1si alaplapj\u00e1val. Ez a k\u00e1bellel ell\u00e1tott \u00e9rint\u0151pad z\u00f6kken\u0151mentes navig\u00e1ci\u00f3t \u00e9s vez\u00e9rl\u00e9st biztos\u00edt laptopja sz\u00e1m\u00e1ra. A Toshiba min\u0151s\u00e9g ir\u00e1nti elk\u00f6telezetts\u00e9g\u00e9vel k\u00e9sz\u00fclt, \u00edgy t\u00f6k\u00e9letes helyettes\u00edt\u0151je az elhaszn\u00e1l\u00f3dott vagy rosszul m\u0171k\u00f6d\u0151 \u00e9rint\u0151padnak. \u00c1ll\u00edtsa vissza laptopja teljes funkcionalit\u00e1s\u00e1t ezzel az eredeti OEM Toshiba \u00e9rint\u0151paddal.<\/p>\n","protected":false},"featured_media":5015,"template":"","meta":[],"product_brand":[],"product_cat":[27],"product_tag":[34],"class_list":{"0":"post-4972","1":"product","2":"type-product","3":"status-publish","4":"has-post-thumbnail","6":"product_cat-motherboards-board-parts","7":"product_tag-toshiba","9":"first","10":"instock","11":"taxable","12":"shipping-taxable","13":"purchasable","14":"product-type-simple"},"_links":{"self":[{"href":"https:\/\/boreait.com\/hu\/wp-json\/wp\/v2\/product\/4972","targetHints":{"allow":["GET"]}}],"collection":[{"href":"https:\/\/boreait.com\/hu\/wp-json\/wp\/v2\/product"}],"about":[{"href":"https:\/\/boreait.com\/hu\/wp-json\/wp\/v2\/types\/product"}],"wp:featuredmedia":[{"embeddable":true,"href":"https:\/\/boreait.com\/hu\/wp-json\/wp\/v2\/media\/5015"}],"wp:attachment":[{"href":"https:\/\/boreait.com\/hu\/wp-json\/wp\/v2\/media?parent=4972"}],"wp:term":[{"taxonomy":"product_brand","embeddable":true,"href":"https:\/\/boreait.com\/hu\/wp-json\/wp\/v2\/product_brand?post=4972"},{"taxonomy":"product_cat","embeddable":true,"href":"https:\/\/boreait.com\/hu\/wp-json\/wp\/v2\/product_cat?post=4972"},{"taxonomy":"product_tag","embeddable":true,"href":"https:\/\/boreait.com\/hu\/wp-json\/wp\/v2\/product_tag?post=4972"}],"curies":[{"name":"wp","href":"https:\/\/api.w.org\/{rel}","templated":true}]}}