{"id":4953,"date":"2025-09-17T11:07:52","date_gmt":"2025-09-17T09:07:52","guid":{"rendered":"https:\/\/boreait.com\/hu\/?post_type=product&#038;p=4953"},"modified":"2026-01-18T14:00:33","modified_gmt":"2026-01-18T13:00:33","slug":"wireless-board-wifi-modul-kartya-a-hp-15-r213nl-realtek-rtl8723be-753077-005-keszulekhez-megbizhato-vezetek-nelkuli-kapcsolat","status":"publish","type":"product","link":"https:\/\/boreait.com\/hu\/termek\/wireless-board-wifi-modul-kartya-a-hp-15-r213nl-realtek-rtl8723be-753077-005-keszulekhez-megbizhato-vezetek-nelkuli-kapcsolat\/","title":{"rendered":"Wireless Board WiFi modul k\u00e1rtya a HP 15-r213nl Realtek RTL8723BE 753077-005 k\u00e9sz\u00fcl\u00e9khez \u2013 Megb\u00edzhat\u00f3 vezet\u00e9k n\u00e9lk\u00fcli kapcsolat"},"content":{"rendered":"<p>N\u00f6velje HP 15-r213nl laptopja vezet\u00e9k n\u00e9lk\u00fcli teljes\u00edtm\u00e9ny\u00e9t a Realtek RTL8723BE Wireless Board WiFi modul k\u00e1rty\u00e1val. Ezt a modult \u00fagy tervezt\u00e9k, hogy megb\u00edzhat\u00f3 \u00e9s gyors vezet\u00e9k n\u00e9lk\u00fcli kapcsolatot biztos\u00edtson, z\u00f6kken\u0151mentes online \u00e9lm\u00e9nyt biztos\u00edtva a munk\u00e1hoz \u00e9s a sz\u00f3rakoz\u00e1shoz egyar\u00e1nt.<\/p>\n<p>F\u0151bb jellemz\u0151k:<\/p>\n<ul>\n<li>HP 15-r213nl &#8211; 753077-005 kompatibilis<\/li>\n<li>Realtek RTL8723BE lapkak\u00e9szlet<\/li>\n<li>Megb\u00edzhat\u00f3 vezet\u00e9k n\u00e9lk\u00fcli kapcsolat<\/li>\n<li>Fokozza az internet sebess\u00e9g\u00e9t \u00e9s stabilit\u00e1s\u00e1t<\/li>\n<\/ul>\n<p>Ak\u00e1r hib\u00e1s WiFi-k\u00e1rty\u00e1t cser\u00e9l, ak\u00e1r laptopja vezet\u00e9k n\u00e9lk\u00fcli k\u00e9pess\u00e9geit szeretn\u00e9 friss\u00edteni, a Realtek RTL8723BE modul megb\u00edzhat\u00f3 v\u00e1laszt\u00e1s. \u00c9lvezze a z\u00f6kken\u0151mentes streamel\u00e9st, a gyorsabb let\u00f6lt\u00e9seket \u00e9s a stabil kapcsolatot minden online tev\u00e9kenys\u00e9g\u00e9hez.<\/p>\n<p>K\u00e9rj\u00fck, vegye figyelembe, hogy a lista val\u00f3s f\u00e9nyk\u00e9peket tartalmaz a HP 15-r213nl Wireless Board WiFi modul k\u00e1rty\u00e1j\u00e1r\u00f3l, \u00e9s nem tartalmaz telep\u00edt\u00e9si utas\u00edt\u00e1st. Ha b\u00e1rmilyen k\u00e9rd\u00e9se van, vagy tov\u00e1bbi seg\u00edts\u00e9gre van sz\u00fcks\u00e9ge, forduljon hozz\u00e1nk bizalommal. N\u00f6velje laptopja vezet\u00e9k n\u00e9lk\u00fcli teljes\u00edtm\u00e9ny\u00e9t ezzel a megb\u00edzhat\u00f3 Realtek RTL8723BE WiFi modulk\u00e1rty\u00e1val.<\/p>\n","protected":false},"excerpt":{"rendered":"<p>Fokozza HP 15-r213nl laptopja vezet\u00e9k n\u00e9lk\u00fcli k\u00e9pess\u00e9geit a Realtek RTL8723BE Wireless Board WiFi modul k\u00e1rty\u00e1val. Ez a k\u00e1rtya megb\u00edzhat\u00f3 \u00e9s gyors vezet\u00e9k n\u00e9lk\u00fcli kapcsolatot biztos\u00edt, z\u00f6kken\u0151mentes online \u00e9lm\u00e9nyt biztos\u00edtva. Friss\u00edtse laptopj\u00e1t k\u00f6nnyed\u00e9n, \u00e9s maradjon megszak\u00edt\u00e1sok n\u00e9lk\u00fcl kapcsolatban.<\/p>\n","protected":false},"featured_media":4998,"template":"","meta":[],"product_brand":[],"product_cat":[27],"product_tag":[],"class_list":{"0":"post-4953","1":"product","2":"type-product","3":"status-publish","4":"has-post-thumbnail","6":"product_cat-motherboards-board-parts","8":"first","9":"instock","10":"taxable","11":"shipping-taxable","12":"purchasable","13":"product-type-simple"},"_links":{"self":[{"href":"https:\/\/boreait.com\/hu\/wp-json\/wp\/v2\/product\/4953","targetHints":{"allow":["GET"]}}],"collection":[{"href":"https:\/\/boreait.com\/hu\/wp-json\/wp\/v2\/product"}],"about":[{"href":"https:\/\/boreait.com\/hu\/wp-json\/wp\/v2\/types\/product"}],"wp:featuredmedia":[{"embeddable":true,"href":"https:\/\/boreait.com\/hu\/wp-json\/wp\/v2\/media\/4998"}],"wp:attachment":[{"href":"https:\/\/boreait.com\/hu\/wp-json\/wp\/v2\/media?parent=4953"}],"wp:term":[{"taxonomy":"product_brand","embeddable":true,"href":"https:\/\/boreait.com\/hu\/wp-json\/wp\/v2\/product_brand?post=4953"},{"taxonomy":"product_cat","embeddable":true,"href":"https:\/\/boreait.com\/hu\/wp-json\/wp\/v2\/product_cat?post=4953"},{"taxonomy":"product_tag","embeddable":true,"href":"https:\/\/boreait.com\/hu\/wp-json\/wp\/v2\/product_tag?post=4953"}],"curies":[{"name":"wp","href":"https:\/\/api.w.org\/{rel}","templated":true}]}}