{"id":4949,"date":"2025-09-17T11:07:51","date_gmt":"2025-09-17T09:07:51","guid":{"rendered":"https:\/\/boreait.com\/hu\/?post_type=product&#038;p=4949"},"modified":"2026-01-18T13:59:59","modified_gmt":"2026-01-18T12:59:59","slug":"hp-pavillion-dv6500-441075-002-hordozhato-wi-fi-kartya-a-zokkenomentes-vezetek-nelkuli-kapcsolat-eredeti-csereje","status":"publish","type":"product","link":"https:\/\/boreait.com\/hu\/termek\/hp-pavillion-dv6500-441075-002-hordozhato-wi-fi-kartya-a-zokkenomentes-vezetek-nelkuli-kapcsolat-eredeti-csereje\/","title":{"rendered":"HP PAVILLION dv6500 441075-002 hordozhat\u00f3 Wi-Fi k\u00e1rtya \u2013 a z\u00f6kken\u0151mentes vezet\u00e9k n\u00e9lk\u00fcli kapcsolat eredeti cser\u00e9je!"},"content":{"rendered":"<p>N\u00f6velje laptopja vezet\u00e9k n\u00e9lk\u00fcli kapcsolat\u00e1t a HP PAVILLION dv6500 441075-002 hordozhat\u00f3 Wi-Fi k\u00e1rty\u00e1val. Ezt az eredeti cserealkatr\u00e9szt \u00fagy tervezt\u00e9k, hogy z\u00f6kken\u0151mentes \u00e9s megb\u00edzhat\u00f3 vezet\u00e9k n\u00e9lk\u00fcli \u00e9lm\u00e9nyt ny\u00fajtson.<\/p>\n<p>F\u0151bb jellemz\u0151k:<\/p>\n<ul>\n<li>Modell: 441075-002<\/li>\n<li>Kompatibilit\u00e1s: HP PAVILLION dv6500 sorozat<\/li>\n<li>Eredeti HP cserealkatr\u00e9sz<\/li>\n<li>K\u00f6nnyen telep\u00edthet\u0151 a probl\u00e9mamentes friss\u00edt\u00e9s \u00e9rdek\u00e9ben<\/li>\n<\/ul>\n<p>Maradjon kapcsolatban \u00fatk\u00f6zben ezzel a hordozhat\u00f3 Wi-Fi-k\u00e1rty\u00e1val. Legyen sz\u00f3 streamel\u00e9sr\u0151l, j\u00e1t\u00e9kr\u00f3l vagy munk\u00e1r\u00f3l, ez a k\u00e1rtya stabil \u00e9s gyors vezet\u00e9k n\u00e9lk\u00fcli kapcsolatot biztos\u00edt. Nincs t\u00f6bb\u00e9 jelkies\u00e9s vagy lass\u00fa internet \u2013 tapasztalja meg a megb\u00edzhat\u00f3 vezet\u00e9k n\u00e9lk\u00fcli teljes\u00edtm\u00e9ny ny\u00fajtotta k\u00e9nyelmet.<\/p>\n<p>Friss\u00edtse laptopj\u00e1t bonyolult telep\u00edt\u00e9sek n\u00e9lk\u00fcl. A HP PAVILLION dv6500 441075-002 Wi-Fi k\u00e1rty\u00e1t egyszer\u0171 telep\u00edt\u00e9sre tervezt\u00e9k, \u00edgy a kezd\u0151k \u00e9s a technol\u00f3gia szerelmesei is el\u00e9rhet\u0151v\u00e9 teszik.<\/p>\n<p>K\u00e9rj\u00fck, vegye figyelembe, hogy a lista val\u00f3di f\u00e9nyk\u00e9peket tartalmaz a HP PAVILLION dv6500 441075-002 hordozhat\u00f3 Wi-Fi k\u00e1rty\u00e1r\u00f3l, \u00e9s nem tartalmaz telep\u00edt\u00e9si utas\u00edt\u00e1st. Ha b\u00e1rmilyen k\u00e9rd\u00e9se van, vagy tov\u00e1bbi seg\u00edts\u00e9gre van sz\u00fcks\u00e9ge, forduljon hozz\u00e1nk bizalommal. Fektessen be az eredeti HP min\u0151s\u00e9gbe a kiv\u00e1l\u00f3 vezet\u00e9k n\u00e9lk\u00fcli \u00e9lm\u00e9ny \u00e9rdek\u00e9ben ezzel a Wi-Fi-k\u00e1rty\u00e1val.<\/p>\n","protected":false},"excerpt":{"rendered":"<p>Fokozza laptopja vezet\u00e9k n\u00e9lk\u00fcli k\u00e9pess\u00e9geit az eredeti HP PAVILLION dv6500 441075-002 hordozhat\u00f3 Wi-Fi k\u00e1rty\u00e1val. Ez a megb\u00edzhat\u00f3 \u00e9s k\u00f6nnyen telep\u00edthet\u0151 k\u00e1rtya z\u00f6kken\u0151mentes vezet\u00e9k n\u00e9lk\u00fcli kapcsolatot biztos\u00edt, lehet\u0151v\u00e9 t\u00e9ve, hogy b\u00e1rhov\u00e1 is megy, kapcsolatban maradjon. N\u00f6velje laptopja Wi-Fi teljes\u00edtm\u00e9ny\u00e9t ezzel az eredeti cserealkatr\u00e9szrel.<\/p>\n","protected":false},"featured_media":4991,"template":"","meta":[],"product_brand":[],"product_cat":[27],"product_tag":[25],"class_list":{"0":"post-4949","1":"product","2":"type-product","3":"status-publish","4":"has-post-thumbnail","6":"product_cat-motherboards-board-parts","7":"product_tag-hp","9":"first","10":"instock","11":"taxable","12":"shipping-taxable","13":"purchasable","14":"product-type-simple"},"_links":{"self":[{"href":"https:\/\/boreait.com\/hu\/wp-json\/wp\/v2\/product\/4949","targetHints":{"allow":["GET"]}}],"collection":[{"href":"https:\/\/boreait.com\/hu\/wp-json\/wp\/v2\/product"}],"about":[{"href":"https:\/\/boreait.com\/hu\/wp-json\/wp\/v2\/types\/product"}],"wp:featuredmedia":[{"embeddable":true,"href":"https:\/\/boreait.com\/hu\/wp-json\/wp\/v2\/media\/4991"}],"wp:attachment":[{"href":"https:\/\/boreait.com\/hu\/wp-json\/wp\/v2\/media?parent=4949"}],"wp:term":[{"taxonomy":"product_brand","embeddable":true,"href":"https:\/\/boreait.com\/hu\/wp-json\/wp\/v2\/product_brand?post=4949"},{"taxonomy":"product_cat","embeddable":true,"href":"https:\/\/boreait.com\/hu\/wp-json\/wp\/v2\/product_cat?post=4949"},{"taxonomy":"product_tag","embeddable":true,"href":"https:\/\/boreait.com\/hu\/wp-json\/wp\/v2\/product_tag?post=4949"}],"curies":[{"name":"wp","href":"https:\/\/api.w.org\/{rel}","templated":true}]}}