{"id":4934,"date":"2025-09-17T11:07:30","date_gmt":"2025-09-17T09:07:30","guid":{"rendered":"https:\/\/boreait.com\/hu\/?post_type=product&#038;p=4934"},"modified":"2026-01-18T13:59:41","modified_gmt":"2026-01-18T12:59:41","slug":"intel-ultimate-n-6300-633anhmw-wifi-kartya-ibm-lenovo-t430-t410s-x201-w510-w700-szamara","status":"publish","type":"product","link":"https:\/\/boreait.com\/hu\/termek\/intel-ultimate-n-6300-633anhmw-wifi-kartya-ibm-lenovo-t430-t410s-x201-w510-w700-szamara\/","title":{"rendered":"Intel Ultimate-N 6300 633ANHMW WiFi k\u00e1rtya IBM Lenovo T430 T410S X201 W510 W700 sz\u00e1m\u00e1ra"},"content":{"rendered":"<p>B\u0151v\u00edtse laptopja vezet\u00e9k n\u00e9lk\u00fcli k\u00e9pess\u00e9geit az Intel Ultimate-N 6300 633ANHMW WiFi k\u00e1rty\u00e1val. Kifejezetten az IBM Lenovo modellekkel, mint p\u00e9ld\u00e1ul a T430, T410S, X201, W510 \u00e9s W700 kompatibilit\u00e1sra tervezett WiFi k\u00e1rtya a kulcsa a nagy sebess\u00e9g\u0171, megb\u00edzhat\u00f3 vezet\u00e9k n\u00e9lk\u00fcli kapcsolatnak.<\/p>\n<p>F\u0151bb jellemz\u0151k:<\/p>\n<ul>\n<li>Modell: Intel Ultimate-N 6300 633ANHMW<\/li>\n<li>Kompatibilit\u00e1s: IBM Lenovo T430, T410S, X201, W510, W700<\/li>\n<li>Tov\u00e1bbfejlesztett vezet\u00e9k n\u00e9lk\u00fcli teljes\u00edtm\u00e9ny: Tapasztalja meg a gyorsabb internetsebess\u00e9get \u00e9s a megb\u00edzhat\u00f3 kapcsolatokat.<\/li>\n<li>Egyszer\u0171 telep\u00edt\u00e9s: A tov\u00e1bbfejlesztett h\u00e1l\u00f3zati lehet\u0151s\u00e9gek \u00e9rdek\u00e9ben k\u00f6nnyed\u00e9n friss\u00edtheti laptopj\u00e1t.<\/li>\n<\/ul>\n<p>Ak\u00e1r \u00fatk\u00f6zben dolgozik, ak\u00e1r otthon streamel tartalmat, ez a WiFi-k\u00e1rtya z\u00f6kken\u0151mentes \u00e9s hat\u00e9kony online \u00e9lm\u00e9nyt biztos\u00edt. \u00c9lvezze a megn\u00f6velt internetsebess\u00e9get, a cs\u00f6kkentett k\u00e9sleltet\u00e9st \u00e9s a jobb \u00e1ltal\u00e1nos vezet\u00e9k n\u00e9lk\u00fcli teljes\u00edtm\u00e9nyt.<\/p>\n<p>K\u00e9rj\u00fck, vegye figyelembe, hogy ez a lista val\u00f3s f\u00e9nyk\u00e9peket tartalmaz az Intel Ultimate-N 6300 633ANHMW WiFi k\u00e1rty\u00e1r\u00f3l, \u00e9s nem tartalmaz telep\u00edt\u00e9si utas\u00edt\u00e1st. B\u00e1rmilyen k\u00e9rd\u00e9ssel vagy tov\u00e1bbi inform\u00e1ci\u00f3val kapcsolatban forduljon hozz\u00e1nk bizalommal. N\u00f6velje laptopja vezet\u00e9k n\u00e9lk\u00fcli k\u00e9pess\u00e9geit ezzel az Intel WiFi k\u00e1rty\u00e1val, \u00e9s maradjon kapcsolatban, b\u00e1rhov\u00e1 is megy.<\/p>\n","protected":false},"excerpt":{"rendered":"<p>Fokozza laptopja csatlakoztathat\u00f3s\u00e1g\u00e1t az Intel Ultimate-N 6300 633ANHMW WiFi k\u00e1rty\u00e1val. Az IBM Lenovo T430, T410S, X201, W510 \u00e9s W700 modellekkel kompatibilis k\u00e1rtya nagy sebess\u00e9g\u0171 vezet\u00e9k n\u00e9lk\u00fcli teljes\u00edtm\u00e9nyt biztos\u00edt. B\u0151v\u00edtse laptopj\u00e1t a z\u00f6kken\u0151mentes internet-hozz\u00e1f\u00e9r\u00e9s, megb\u00edzhat\u00f3 kapcsolatok \u00e9s a tov\u00e1bbfejlesztett \u00e1ltal\u00e1nos h\u00e1l\u00f3zati lehet\u0151s\u00e9gek \u00e9rdek\u00e9ben.<\/p>\n","protected":false},"featured_media":4989,"template":"","meta":[],"product_brand":[],"product_cat":[27],"product_tag":[],"class_list":{"0":"post-4934","1":"product","2":"type-product","3":"status-publish","4":"has-post-thumbnail","6":"product_cat-motherboards-board-parts","8":"first","9":"instock","10":"taxable","11":"shipping-taxable","12":"purchasable","13":"product-type-simple"},"_links":{"self":[{"href":"https:\/\/boreait.com\/hu\/wp-json\/wp\/v2\/product\/4934","targetHints":{"allow":["GET"]}}],"collection":[{"href":"https:\/\/boreait.com\/hu\/wp-json\/wp\/v2\/product"}],"about":[{"href":"https:\/\/boreait.com\/hu\/wp-json\/wp\/v2\/types\/product"}],"wp:featuredmedia":[{"embeddable":true,"href":"https:\/\/boreait.com\/hu\/wp-json\/wp\/v2\/media\/4989"}],"wp:attachment":[{"href":"https:\/\/boreait.com\/hu\/wp-json\/wp\/v2\/media?parent=4934"}],"wp:term":[{"taxonomy":"product_brand","embeddable":true,"href":"https:\/\/boreait.com\/hu\/wp-json\/wp\/v2\/product_brand?post=4934"},{"taxonomy":"product_cat","embeddable":true,"href":"https:\/\/boreait.com\/hu\/wp-json\/wp\/v2\/product_cat?post=4934"},{"taxonomy":"product_tag","embeddable":true,"href":"https:\/\/boreait.com\/hu\/wp-json\/wp\/v2\/product_tag?post=4934"}],"curies":[{"name":"wp","href":"https:\/\/api.w.org\/{rel}","templated":true}]}}