{"id":4903,"date":"2025-09-17T11:07:05","date_gmt":"2025-09-17T09:07:05","guid":{"rendered":"https:\/\/boreait.com\/hu\/?post_type=product&#038;p=4903"},"modified":"2025-09-17T11:07:58","modified_gmt":"2025-09-17T09:07:58","slug":"kis-usb-lemez-lapos-kabellel-a-hp-elitebook-840-g5-745-keszulekhez-eredeti-cserealkatresz-6050a2925701","status":"publish","type":"product","link":"https:\/\/boreait.com\/hu\/termek\/kis-usb-lemez-lapos-kabellel-a-hp-elitebook-840-g5-745-keszulekhez-eredeti-cserealkatresz-6050a2925701\/","title":{"rendered":"&#8222;Kis USB-lemez lapos k\u00e1bellel a HP EliteBook 840 G5, 745 k\u00e9sz\u00fcl\u00e9khez \u2013 Eredeti cserealkatr\u00e9sz (6050A2925701)"},"content":{"rendered":"<p>Nem m\u0171k\u00f6dik megfelel\u0151en a laptop USB kislemeze, ami csatlakoz\u00e1si probl\u00e9m\u00e1kat okoz? Biztos\u00edtson megb\u00edzhat\u00f3 USB-csatlakoz\u00e1st ezzel az eredeti cserealkatr\u00e9szsel (6050A2925701), amelyet a HP EliteBook 840 G5 \u00e9s 745 laptopokhoz terveztek.<\/p>\n<p><strong>F\u0151bb jellemz\u0151k:<\/strong><\/p>\n<ul>\n<li><strong>Kompatibilit\u00e1s:<\/strong> Ez a lapos k\u00e1bellel ell\u00e1tott USB kislemez kompatibilis a HP EliteBook 840 G5 \u00e9s 745 laptopokkal.<\/li>\n<li><strong>Eredeti cserealkatr\u00e9sz:<\/strong> Gy\u0151z\u0151dj\u00f6n meg a cserealkatr\u00e9sz min\u0151s\u00e9g\u00e9r\u0151l \u00e9s kompatibilit\u00e1s\u00e1r\u00f3l ezzel az eredeti alkatr\u00e9szrel.<\/li>\n<li><strong>Megb\u00edzhat\u00f3 USB-csatlakoz\u00e1s:<\/strong> \u00c1ll\u00edtsa vissza laptopja USB-portjainak megb\u00edzhat\u00f3 m\u0171k\u00f6d\u00e9s\u00e9t.<\/li>\n<li><strong>Egyszer\u0171 telep\u00edt\u00e9s:<\/strong> Az USB kislemez lapos k\u00e1belre cser\u00e9je egyszer\u0171, \u00e9s szabv\u00e1nyos eszk\u00f6z\u00f6kkel is elv\u00e9gezhet\u0151. Nincs sz\u00fcks\u00e9g fejlett technikai ismeretekre.<\/li>\n<\/ul>\n<p>Friss\u00edtse HP EliteBook 840 G5 \u00e9s 745 laptopja USB-csatlakoz\u00e1s\u00e1t ezzel az eredeti, lapos k\u00e1bellel (6050A2925701) ell\u00e1tott USB kislemezzel. Gy\u0151z\u0151dj\u00f6n meg arr\u00f3l, hogy laptopja USB-portjai rendeltet\u00e9sszer\u0171en m\u0171k\u00f6dnek.<\/p>\n<p>Ha tov\u00e1bbi term\u00e9kei vannak list\u00e1zni, vagy tov\u00e1bbi inform\u00e1ci\u00f3ra van sz\u00fcks\u00e9ge, k\u00e9rj\u00fck, jelezze, \u00e9s a tov\u00e1bbiakban is seg\u00edtek.<\/p>\n","protected":false},"excerpt":{"rendered":"<p>Cser\u00e9lje ki laptopja USB kislemez\u00e9t ezzel az eredeti HP EliteBook 840 G5 \u00e9s 745 cserealkatr\u00e9szre. Biztos\u00edtsa a megb\u00edzhat\u00f3 USB-csatlakoz\u00e1st.<\/p>\n","protected":false},"featured_media":4958,"template":"","meta":[],"product_brand":[],"product_cat":[27],"product_tag":[25],"class_list":{"0":"post-4903","1":"product","2":"type-product","3":"status-publish","4":"has-post-thumbnail","6":"product_cat-motherboards-board-parts","7":"product_tag-hp","9":"first","10":"instock","11":"taxable","12":"shipping-taxable","13":"purchasable","14":"product-type-simple"},"_links":{"self":[{"href":"https:\/\/boreait.com\/hu\/wp-json\/wp\/v2\/product\/4903","targetHints":{"allow":["GET"]}}],"collection":[{"href":"https:\/\/boreait.com\/hu\/wp-json\/wp\/v2\/product"}],"about":[{"href":"https:\/\/boreait.com\/hu\/wp-json\/wp\/v2\/types\/product"}],"wp:featuredmedia":[{"embeddable":true,"href":"https:\/\/boreait.com\/hu\/wp-json\/wp\/v2\/media\/4958"}],"wp:attachment":[{"href":"https:\/\/boreait.com\/hu\/wp-json\/wp\/v2\/media?parent=4903"}],"wp:term":[{"taxonomy":"product_brand","embeddable":true,"href":"https:\/\/boreait.com\/hu\/wp-json\/wp\/v2\/product_brand?post=4903"},{"taxonomy":"product_cat","embeddable":true,"href":"https:\/\/boreait.com\/hu\/wp-json\/wp\/v2\/product_cat?post=4903"},{"taxonomy":"product_tag","embeddable":true,"href":"https:\/\/boreait.com\/hu\/wp-json\/wp\/v2\/product_tag?post=4903"}],"curies":[{"name":"wp","href":"https:\/\/api.w.org\/{rel}","templated":true}]}}