{"id":4899,"date":"2025-09-17T11:07:04","date_gmt":"2025-09-17T09:07:04","guid":{"rendered":"https:\/\/boreait.com\/hu\/?post_type=product&#038;p=4899"},"modified":"2025-09-17T11:07:50","modified_gmt":"2025-09-17T09:07:50","slug":"hp-elitebook-745-g5-840-g6-csuklotamasz-l21975-001-eredeti-cserealkatresz","status":"publish","type":"product","link":"https:\/\/boreait.com\/hu\/termek\/hp-elitebook-745-g5-840-g6-csuklotamasz-l21975-001-eredeti-cserealkatresz\/","title":{"rendered":"HP EliteBook 745 G5 840 G6 csukl\u00f3t\u00e1masz L21975-001 \u2013 Eredeti cserealkatr\u00e9sz"},"content":{"rendered":"<p>Friss\u00edtse HP EliteBook 745 G5 \u00e9s \u00a0840 G6 k\u00e9sz\u00fcl\u00e9k\u00e9t az eredeti L21975-001 csukl\u00f3t\u00e1maszral, amelyet \u00fagy terveztek, hogy z\u00f6kken\u0151mentesen cser\u00e9lje ki az eredeti alkatr\u00e9szt. Ez a prec\u00edzen kidolgozott csukl\u00f3t\u00e1masz t\u00f6k\u00e9letes illeszked\u00e9st biztos\u00edt, fenntartva az EliteBook diz\u00e1jn \u00e9s funkcionalit\u00e1s magas sz\u00ednvonal\u00e1t.<\/p>\n<p>F\u0151bb jellemz\u0151k:<\/p>\n<ul>\n<li>Eredeti HP cserealkatr\u00e9sz<\/li>\n<li>Modell: L21975-001<\/li>\n<li>EliteBook 745 G5 \u00a0840 G6-tal kompatibilis<\/li>\n<li>Kisebb karc a jobb fels\u0151 sarokban, ahogy az a list\u00e1ban szerepl\u0151 fot\u00f3n l\u00e1that\u00f3.<\/li>\n<\/ul>\n<p>A csukl\u00f3t\u00e1masz kritikus eleme a laptop felhaszn\u00e1l\u00f3i \u00e9lm\u00e9ny\u00e9nek, k\u00e9nyelmes g\u00e9pel\u00e9st biztos\u00edt, \u00e9s hozz\u00e1j\u00e1rul EliteBookod \u00e1ltal\u00e1nos eszt\u00e9tik\u00e1j\u00e1hoz. Ezzel a kiv\u00e1l\u00f3 min\u0151s\u00e9g\u0171 cserealkatr\u00e9szrel \u00e1ll\u00edtsa vissza laptopj\u00e1t eredeti f\u00e9ny\u00e9be.<\/p>\n<p>K\u00e9rj\u00fck, vegye figyelembe, hogy a HP EliteBook 745 G5 \u00a0840 G6 csukl\u00f3t\u00e1masz L21975-001 val\u00f3di fot\u00f3k szerepelnek ezen a list\u00e1n, \u00edgy v\u00e1s\u00e1rl\u00e1s el\u0151tt megtekintheti a term\u00e9ket. Telep\u00edt\u00e9si \u00fatmutat\u00f3 nincs mell\u00e9kelve; azonban b\u00e1tran forduljon hozz\u00e1nk, ha b\u00e1rmilyen k\u00e9rd\u00e9se van, vagy seg\u00edts\u00e9gre van sz\u00fcks\u00e9ge.<\/p>\n<p>Emelje fel EliteBook 745 G5 \u00a0840 G6 teljes\u00edtm\u00e9ny\u00e9t \u00e9s eszt\u00e9tik\u00e1j\u00e1t az L21975-001 csukl\u00f3t\u00e1masz seg\u00edts\u00e9g\u00e9vel. B\u00e1tran friss\u00edtsen, tudva, hogy egy eredeti HP cserealkatr\u00e9szbe fektet be.<\/p>\n","protected":false},"excerpt":{"rendered":"<p>Fokozza HP EliteBook 745 G5 \u00e9s 840 G6 k\u00e9sz\u00fcl\u00e9k\u00e9t az eredeti L21975-001 csukl\u00f3t\u00e1masz seg\u00edts\u00e9g\u00e9vel. Ez a t\u00f6k\u00e9letes illeszked\u00e9sre kialak\u00edtott cserealkatr\u00e9sz biztos\u00edtja laptopja tart\u00f3ss\u00e1g\u00e1t \u00e9s integrit\u00e1s\u00e1t. N\u00f6velje g\u00e9pel\u00e9si \u00e9lm\u00e9ny\u00e9t, \u00e9s \u0151rizze meg EliteBookj\u00e1nak eleg\u00e1ns megjelen\u00e9s\u00e9t ezzel az autentikus csukl\u00f3t\u00e1maszsal.<\/p>\n","protected":false},"featured_media":4945,"template":"","meta":[],"product_brand":[],"product_cat":[16],"product_tag":[25],"class_list":{"0":"post-4899","1":"product","2":"type-product","3":"status-publish","4":"has-post-thumbnail","6":"product_cat-laptop-housing","7":"product_tag-hp","9":"first","10":"instock","11":"taxable","12":"shipping-taxable","13":"purchasable","14":"product-type-simple"},"_links":{"self":[{"href":"https:\/\/boreait.com\/hu\/wp-json\/wp\/v2\/product\/4899","targetHints":{"allow":["GET"]}}],"collection":[{"href":"https:\/\/boreait.com\/hu\/wp-json\/wp\/v2\/product"}],"about":[{"href":"https:\/\/boreait.com\/hu\/wp-json\/wp\/v2\/types\/product"}],"wp:featuredmedia":[{"embeddable":true,"href":"https:\/\/boreait.com\/hu\/wp-json\/wp\/v2\/media\/4945"}],"wp:attachment":[{"href":"https:\/\/boreait.com\/hu\/wp-json\/wp\/v2\/media?parent=4899"}],"wp:term":[{"taxonomy":"product_brand","embeddable":true,"href":"https:\/\/boreait.com\/hu\/wp-json\/wp\/v2\/product_brand?post=4899"},{"taxonomy":"product_cat","embeddable":true,"href":"https:\/\/boreait.com\/hu\/wp-json\/wp\/v2\/product_cat?post=4899"},{"taxonomy":"product_tag","embeddable":true,"href":"https:\/\/boreait.com\/hu\/wp-json\/wp\/v2\/product_tag?post=4899"}],"curies":[{"name":"wp","href":"https:\/\/api.w.org\/{rel}","templated":true}]}}