{"id":488,"date":"2025-09-17T09:27:20","date_gmt":"2025-09-17T07:27:20","guid":{"rendered":"https:\/\/boreait.com\/hu\/?post_type=product&#038;p=488"},"modified":"2025-09-17T09:27:54","modified_gmt":"2025-09-17T07:27:54","slug":"hp-power-switch-nyak-455m6332l01-zbook-15-hoz","status":"publish","type":"product","link":"https:\/\/boreait.com\/hu\/termek\/hp-power-switch-nyak-455m6332l01-zbook-15-hoz\/","title":{"rendered":"HP POWER SWITCH NY\u00c1K 455M6332L01 ZBOOK 15-HOZ"},"content":{"rendered":"<p>\u00c1ll\u00edtsa vissza ZBook 15 laptopja f\u0151kapcsol\u00f3j\u00e1nak m\u0171k\u00f6d\u00e9s\u00e9t a HP POWER SWITCH PCB 455M6332L01 seg\u00edts\u00e9g\u00e9vel. Ezt a megb\u00edzhat\u00f3 t\u00e1pkapcsol\u00f3 PCB-t kifejezetten a ZBook 15 laptopokhoz tervezt\u00e9k, ide\u00e1lis cser\u00e9t biztos\u00edtva a hib\u00e1s vagy rosszul m\u0171k\u00f6d\u0151 t\u00e1pkapcsol\u00f3khoz.<\/p>\n<p>A f\u0151kapcsol\u00f3 minden laptop n\u00e9lk\u00fcl\u00f6zhetetlen eleme, amely lehet\u0151v\u00e9 teszi az eszk\u00f6z k\u00e9nyelmes be- \u00e9s kikapcsol\u00e1s\u00e1t. Ha a f\u0151kapcsol\u00f3 meghib\u00e1sodik, az megzavarhatja a munkafolyamatot \u00e9s akad\u00e1lyozhatja a termel\u00e9kenys\u00e9get. A HP POWER SWITCH PCB 455M6332L01 seg\u00edts\u00e9g\u00e9vel egyszer\u0171en kicser\u00e9lheti a hib\u00e1s t\u00e1pkapcsol\u00f3t, \u00e9s vissza\u00e1ll\u00edthatja ZBook 15 laptopja megfelel\u0151 m\u0171k\u00f6d\u00e9s\u00e9t.<\/p>\n<p>Ez a t\u00e1pkapcsol\u00f3 NY\u00c1K kiv\u00e1l\u00f3 min\u0151s\u00e9g\u0171 anyagokb\u00f3l k\u00e9sz\u00fclt, \u00edgy biztos\u00edtva a tart\u00f3ss\u00e1got \u00e9s a megb\u00edzhat\u00f3 teljes\u00edtm\u00e9nyt. \u00dagy tervezt\u00e9k, hogy megfeleljen a ZBook 15 modell specifik\u00e1ci\u00f3inak \u00e9s kompatibilit\u00e1si k\u00f6vetelm\u00e9nyeinek, garant\u00e1lva a z\u00f6kken\u0151mentes illeszked\u00e9st \u00e9s a megfelel\u0151 m\u0171k\u00f6d\u00e9st.<\/p>\n<p>A t\u00e1pkapcsol\u00f3 PCB cser\u00e9je egyszer\u0171 folyamat, amelyet a mell\u00e9kelt utas\u00edt\u00e1sok k\u00f6vet\u00e9s\u00e9vel vagy sz\u00fcks\u00e9g eset\u00e9n szakember seg\u00edts\u00e9g\u00e9nek ig\u00e9nybev\u00e9tel\u00e9vel lehet elv\u00e9gezni. A telep\u00edt\u00e9st k\u00f6vet\u0151en k\u00f6nnyed\u00e9n be- \u00e9s kikapcsolhatja laptopj\u00e1t, kik\u00fcsz\u00f6b\u00f6lve a hib\u00e1s bekapcsol\u00f3gomb okozta frusztr\u00e1ci\u00f3t.<\/p>\n<p>Eur\u00f3pai v\u00e1s\u00e1rl\u00f3kat kiszolg\u00e1l\u00f3 elad\u00f3k\u00e9nt meg\u00e9rtj\u00fck az eredeti \u00e9s megb\u00edzhat\u00f3 laptop-alkatr\u00e9szek k\u00edn\u00e1lat\u00e1nak fontoss\u00e1g\u00e1t. A HP POWER SWITCH PCB 455M6332L01 j\u00f3 h\u00edr\u0171 besz\u00e1ll\u00edt\u00f3kt\u00f3l sz\u00e1rmazik, \u00e9s megfelel minden sz\u00fcks\u00e9ges min\u0151s\u00e9gi el\u0151\u00edr\u00e1snak, biztos\u00edtva ezzel a kompatibilit\u00e1s\u00e1t \u00e9s teljes\u00edtm\u00e9ny\u00e9t az eur\u00f3pai ZBook 15 laptopokkal.<\/p>\n<p>Fefektessen be a HP POWER SWITCH PCB 455M6332L01-be, hogy helyre\u00e1ll\u00edtsa ZBook 15 laptopja bekapcsol\u00f3j\u00e1nak m\u0171k\u00f6d\u0151k\u00e9pess\u00e9g\u00e9t. \u00c9lvezze a k\u00e9sz\u00fcl\u00e9k egyszer\u0171, probl\u00e9mamentes be- \u00e9s kikapcsol\u00e1s\u00e1nak k\u00e9nyelm\u00e9t. T\u00e9rjen vissza a munk\u00e1hoz magabiztosan, tudva, hogy laptopja megb\u00edzhat\u00f3 t\u00e1pkapcsol\u00f3 PCB-vel van felszerelve.<\/p>\n<p>Cser\u00e9lje ki a hib\u00e1s t\u00e1pkapcsol\u00f3 PCB-j\u00e9t most a HP POWER SWITCH NY\u00c1K-ra 455M6332L01 a ZBook 15-h\u00f6z. Tapasztalja meg a megfelel\u0151en m\u0171k\u00f6d\u0151 f\u0151kapcsol\u00f3 k\u00e9nyelm\u00e9t, \u00e9s sz\u00fcntesse meg a munkafolyamat megszak\u00edt\u00e1sait. V\u00e1s\u00e1roljon n\u00e1lunk m\u00e9g ma, \u00e9s \u00e9lvezze a megb\u00edzhat\u00f3 teljes\u00edtm\u00e9nyt.<\/p>\n","protected":false},"excerpt":{"rendered":"<p>Cser\u00e9lje ki a hib\u00e1s t\u00e1pkapcsol\u00f3 PCB-j\u00e9t a HP POWER SWITCH NY\u00c1K-ra 455M6332L01 a ZBook 15-h\u00f6z. A kifejezetten a ZBook 15 laptopokhoz tervezett kiv\u00e1l\u00f3 min\u0151s\u00e9g\u0171 PCB biztos\u00edtja a bekapcsol\u00f3gomb megfelel\u0151 m\u0171k\u00f6d\u00e9s\u00e9t, lehet\u0151v\u00e9 t\u00e9ve a laptop egyszer\u0171 be- \u00e9s kikapcsol\u00e1s\u00e1t. \u00c1ll\u00edtsa vissza laptopja f\u0151kapcsol\u00f3j\u00e1nak m\u0171k\u00f6d\u00e9s\u00e9t, \u00e9s t\u00e9rjen vissza a munk\u00e1hoz. V\u00e1s\u00e1roljon most, \u00e9s \u00e9lvezze a megb\u00edzhat\u00f3 teljes\u00edtm\u00e9nyt.<\/p>\n","protected":false},"featured_media":548,"template":"","meta":[],"product_brand":[],"product_cat":[16],"product_tag":[25],"class_list":{"0":"post-488","1":"product","2":"type-product","3":"status-publish","4":"has-post-thumbnail","6":"product_cat-laptop-housing","7":"product_tag-hp","9":"first","10":"instock","11":"taxable","12":"shipping-taxable","13":"purchasable","14":"product-type-simple"},"_links":{"self":[{"href":"https:\/\/boreait.com\/hu\/wp-json\/wp\/v2\/product\/488","targetHints":{"allow":["GET"]}}],"collection":[{"href":"https:\/\/boreait.com\/hu\/wp-json\/wp\/v2\/product"}],"about":[{"href":"https:\/\/boreait.com\/hu\/wp-json\/wp\/v2\/types\/product"}],"wp:featuredmedia":[{"embeddable":true,"href":"https:\/\/boreait.com\/hu\/wp-json\/wp\/v2\/media\/548"}],"wp:attachment":[{"href":"https:\/\/boreait.com\/hu\/wp-json\/wp\/v2\/media?parent=488"}],"wp:term":[{"taxonomy":"product_brand","embeddable":true,"href":"https:\/\/boreait.com\/hu\/wp-json\/wp\/v2\/product_brand?post=488"},{"taxonomy":"product_cat","embeddable":true,"href":"https:\/\/boreait.com\/hu\/wp-json\/wp\/v2\/product_cat?post=488"},{"taxonomy":"product_tag","embeddable":true,"href":"https:\/\/boreait.com\/hu\/wp-json\/wp\/v2\/product_tag?post=488"}],"curies":[{"name":"wp","href":"https:\/\/api.w.org\/{rel}","templated":true}]}}