{"id":4877,"date":"2025-09-17T11:06:38","date_gmt":"2025-09-17T09:06:38","guid":{"rendered":"https:\/\/boreait.com\/hu\/?post_type=product&#038;p=4877"},"modified":"2025-09-17T11:07:22","modified_gmt":"2025-09-17T09:07:22","slug":"hp-probook-430-g6-sorozat-fbx8i002010-bal-es-jobb-zsanerok-70a","status":"publish","type":"product","link":"https:\/\/boreait.com\/hu\/termek\/hp-probook-430-g6-sorozat-fbx8i002010-bal-es-jobb-zsanerok-70a\/","title":{"rendered":"HP ProBook 430 G6 sorozat FBX8I002010 bal \u00e9s jobb zsan\u00e9rok -70A"},"content":{"rendered":"<p>A HP ProBook 430 G6 sorozat\u00fa FBX8I002010 zsan\u00e9rok bal \u00e9s amp; A jobb oldali -70A l\u00e9tfontoss\u00e1g\u00fa a laptop funkcionalit\u00e1s\u00e1nak \u00e9s szerkezet\u00e9nek fenntart\u00e1s\u00e1hoz. A kifejezetten a ProBook 430 G6 sorozathoz szabott kiv\u00e1l\u00f3 min\u0151s\u00e9g\u0171 bal \u00e9s jobb zsan\u00e9rok megfelel\u0151 t\u00e1mogat\u00e1st ny\u00fajtanak laptopja k\u00e9perny\u0151j\u00e9nek.<\/p>\n<p>F\u0151bb jellemz\u0151k:<\/p>\n<ul>\n<li>HP ProBook 430 G6 sorozathoz tervezve<\/li>\n<li>Bal \u00e9s amp; Jobb zsan\u00e9rok<\/li>\n<li>Alkatr\u00e9szsz\u00e1m: FBX8I002010<\/li>\n<li>Modell: -70A<\/li>\n<\/ul>\n<p>A tart\u00f3ss\u00e1got szem el\u0151tt tartva kialak\u00edtott zsan\u00e9rok biztons\u00e1gos kapcsolatot biztos\u00edtanak a k\u00e9perny\u0151 \u00e9s a laptop alja k\u00f6z\u00f6tt. A prec\u00edz tervez\u00e9s \u00e9s a szoros illeszked\u00e9s garant\u00e1lja a k\u00f6nny\u0171 haszn\u00e1latot \u00e9s telep\u00edt\u00e9st. Tartsa biztons\u00e1gosan \u00e9s a hely\u00e9n laptopja k\u00e9perny\u0151j\u00e9t ezekkel az eredeti HP zsan\u00e9rokkal.<\/p>\n<p>K\u00e9rj\u00fck, vegye figyelembe, hogy a lista a HP ProBook 430 G6 sorozat FBX8I002010 bal oldali \u00e9s amp; Jobb oldali zsan\u00e9rok, \u00e9s nincs beszerel\u00e9si utas\u00edt\u00e1s. Tov\u00e1bbi k\u00e9rd\u00e9seivel vagy inform\u00e1ci\u00f3ival kapcsolatban forduljon hozz\u00e1nk bizalommal. N\u00f6velje HP ProBook 430 G6 funkcionalit\u00e1s\u00e1t \u00e9s stabilit\u00e1s\u00e1t ezekkel a megb\u00edzhat\u00f3 \u00e9s hiteles bal \u00e9s jobb zsan\u00e9rokkal.<\/p>\n","protected":false},"excerpt":{"rendered":"<p>Fokozza HP ProBook 430 G6 sorozat\u00fa laptopja funkcionalit\u00e1s\u00e1t ezekkel a tart\u00f3s bal \u00e9s jobb zsan\u00e9rokkal. A kifejezetten a ProBook 430 G6-hoz tervezett zsan\u00e9rok elengedhetetlenek a laptop k\u00e9perny\u0151j\u00e9nek szerkezeti integrit\u00e1s\u00e1nak meg\u0151rz\u00e9s\u00e9hez. A tart\u00f3ss\u00e1gra kialak\u00edtott zsan\u00e9rok t\u00f6k\u00e9letes illeszked\u00e9st \u00e9s k\u00f6nny\u0171 telep\u00edt\u00e9st biztos\u00edtanak, \u00edgy biztos\u00edtj\u00e1k a laptop z\u00f6kken\u0151mentes m\u0171k\u00f6d\u00e9s\u00e9t.<\/p>\n","protected":false},"featured_media":4915,"template":"","meta":[],"product_brand":[],"product_cat":[19],"product_tag":[25],"class_list":{"0":"post-4877","1":"product","2":"type-product","3":"status-publish","4":"has-post-thumbnail","6":"product_cat-screen-hinge","7":"product_tag-hp","9":"first","10":"instock","11":"taxable","12":"shipping-taxable","13":"purchasable","14":"product-type-simple"},"_links":{"self":[{"href":"https:\/\/boreait.com\/hu\/wp-json\/wp\/v2\/product\/4877","targetHints":{"allow":["GET"]}}],"collection":[{"href":"https:\/\/boreait.com\/hu\/wp-json\/wp\/v2\/product"}],"about":[{"href":"https:\/\/boreait.com\/hu\/wp-json\/wp\/v2\/types\/product"}],"wp:featuredmedia":[{"embeddable":true,"href":"https:\/\/boreait.com\/hu\/wp-json\/wp\/v2\/media\/4915"}],"wp:attachment":[{"href":"https:\/\/boreait.com\/hu\/wp-json\/wp\/v2\/media?parent=4877"}],"wp:term":[{"taxonomy":"product_brand","embeddable":true,"href":"https:\/\/boreait.com\/hu\/wp-json\/wp\/v2\/product_brand?post=4877"},{"taxonomy":"product_cat","embeddable":true,"href":"https:\/\/boreait.com\/hu\/wp-json\/wp\/v2\/product_cat?post=4877"},{"taxonomy":"product_tag","embeddable":true,"href":"https:\/\/boreait.com\/hu\/wp-json\/wp\/v2\/product_tag?post=4877"}],"curies":[{"name":"wp","href":"https:\/\/api.w.org\/{rel}","templated":true}]}}