{"id":4874,"date":"2025-09-17T11:06:37","date_gmt":"2025-09-17T09:06:37","guid":{"rendered":"https:\/\/boreait.com\/hu\/?post_type=product&#038;p=4874"},"modified":"2025-09-17T11:07:19","modified_gmt":"2025-09-17T09:07:19","slug":"intel-dual-band-wireless-9560ngw-wifi-kartya-sps-937263-001","status":"publish","type":"product","link":"https:\/\/boreait.com\/hu\/termek\/intel-dual-band-wireless-9560ngw-wifi-kartya-sps-937263-001\/","title":{"rendered":"Intel Dual Band Wireless 9560NGW WiFi k\u00e1rtya SPS 937263-001"},"content":{"rendered":"<p>Az Intel Dual Band Wireless 9560NGW WiFi k\u00e1rtya SPS 937263-001 egy hat\u00e9kony friss\u00edt\u00e9s laptopja vezet\u00e9k n\u00e9lk\u00fcli csatlakoz\u00e1si ig\u00e9nyeihez. Ez a k\u00e1rtya nagy sebess\u00e9g\u0171, stabil vezet\u00e9k n\u00e9lk\u00fcli kapcsolatot biztos\u00edt, lehet\u0151v\u00e9 t\u00e9ve a z\u00f6kken\u0151mentes internet-hozz\u00e1f\u00e9r\u00e9st, streamel\u00e9st \u00e9s online j\u00e1t\u00e9kot.<\/p>\n<p>F\u0151bb jellemz\u0151k:<\/p>\n<ul>\n<li>Modell: Intel 9560NGW<\/li>\n<li>Alkatr\u00e9szsz\u00e1m: SPS 937263-001<\/li>\n<li>K\u00e9ts\u00e1vos kapcsolat<\/li>\n<li>Megb\u00edzhat\u00f3 \u00e9s gyors vezet\u00e9k n\u00e9lk\u00fcli teljes\u00edtm\u00e9ny<\/li>\n<\/ul>\n<p>Ak\u00e1r hib\u00e1s vezet\u00e9k n\u00e9lk\u00fcli k\u00e1rty\u00e1t cser\u00e9l, ak\u00e1r a jobb internetsebess\u00e9g \u00e9rdek\u00e9ben friss\u00edt, ez az Intel k\u00e1rtya kiv\u00e1l\u00f3 v\u00e1laszt\u00e1s. K\u00e9ts\u00e1vos kapcsolatot k\u00edn\u00e1l, \u00e9s megb\u00edzhat\u00f3, gyors \u00e9s stabil vezet\u00e9k n\u00e9lk\u00fcli teljes\u00edtm\u00e9nyt biztos\u00edt, kiel\u00e9g\u00edtve a k\u00fcl\u00f6nf\u00e9le online tev\u00e9kenys\u00e9gek ig\u00e9nyeit.<\/p>\n<p>K\u00e9rj\u00fck, vegye figyelembe, hogy ez a lista az Intel Dual Band Wireless 9560NGW SPS 937263-001 WiFi k\u00e1rtya eredeti term\u00e9kk\u00e9peit tartalmazza. Telep\u00edt\u00e9si \u00fatmutat\u00f3 nincs mell\u00e9kelve. B\u00e1rmilyen tov\u00e1bbi inform\u00e1ci\u00f3\u00e9rt forduljon bizalommal. B\u0151v\u00edtse laptopja vezet\u00e9k n\u00e9lk\u00fcli k\u00e9pess\u00e9geit ezzel az Intel WiFi k\u00e1rty\u00e1val, \u00e9s \u00e9lvezze a z\u00f6kken\u0151mentes csatlakoz\u00e1st online ig\u00e9nyeihez.<\/p>\n","protected":false},"excerpt":{"rendered":"<p>Fokozza laptopja csatlakoztathat\u00f3s\u00e1g\u00e1t az Intel Dual Band Wireless 9560NGW SPS 937263-001 WiFi k\u00e1rty\u00e1val. Ez a nagy teljes\u00edtm\u00e9ny\u0171 vezet\u00e9k n\u00e9lk\u00fcli k\u00e1rtya gyors \u00e9s megb\u00edzhat\u00f3 kapcsolatot biztos\u00edt, z\u00f6kken\u0151mentes internet-hozz\u00e1f\u00e9r\u00e9st biztos\u00edtva. \u00dagy tervezt\u00e9k, hogy kiv\u00e9teles vezet\u00e9k n\u00e9lk\u00fcli sebess\u00e9get \u00e9s stabilit\u00e1st biztos\u00edtson, t\u00f6k\u00e9letes helyettes\u00edt\u0151je vagy friss\u00edt\u00e9se laptopj\u00e1hoz. B\u00edzzon az Intel min\u0151s\u00e9g\u00e9ben a kiv\u00e1l\u00f3 vezet\u00e9k n\u00e9lk\u00fcli h\u00e1l\u00f3zat\u00e9rt.<\/p>\n","protected":false},"featured_media":4912,"template":"","meta":[],"product_brand":[],"product_cat":[27],"product_tag":[],"class_list":{"0":"post-4874","1":"product","2":"type-product","3":"status-publish","4":"has-post-thumbnail","6":"product_cat-motherboards-board-parts","8":"first","9":"instock","10":"taxable","11":"shipping-taxable","12":"purchasable","13":"product-type-simple"},"_links":{"self":[{"href":"https:\/\/boreait.com\/hu\/wp-json\/wp\/v2\/product\/4874","targetHints":{"allow":["GET"]}}],"collection":[{"href":"https:\/\/boreait.com\/hu\/wp-json\/wp\/v2\/product"}],"about":[{"href":"https:\/\/boreait.com\/hu\/wp-json\/wp\/v2\/types\/product"}],"wp:featuredmedia":[{"embeddable":true,"href":"https:\/\/boreait.com\/hu\/wp-json\/wp\/v2\/media\/4912"}],"wp:attachment":[{"href":"https:\/\/boreait.com\/hu\/wp-json\/wp\/v2\/media?parent=4874"}],"wp:term":[{"taxonomy":"product_brand","embeddable":true,"href":"https:\/\/boreait.com\/hu\/wp-json\/wp\/v2\/product_brand?post=4874"},{"taxonomy":"product_cat","embeddable":true,"href":"https:\/\/boreait.com\/hu\/wp-json\/wp\/v2\/product_cat?post=4874"},{"taxonomy":"product_tag","embeddable":true,"href":"https:\/\/boreait.com\/hu\/wp-json\/wp\/v2\/product_tag?post=4874"}],"curies":[{"name":"wp","href":"https:\/\/api.w.org\/{rel}","templated":true}]}}