{"id":4872,"date":"2025-09-17T11:06:37","date_gmt":"2025-09-17T09:06:37","guid":{"rendered":"https:\/\/boreait.com\/hu\/?post_type=product&#038;p=4872"},"modified":"2026-01-18T13:58:24","modified_gmt":"2026-01-18T12:58:24","slug":"hp-probook-4440s-4441s-4445s-4446s-kapcsolotabla-eredeti-cserealkatresz","status":"publish","type":"product","link":"https:\/\/boreait.com\/hu\/termek\/hp-probook-4440s-4441s-4445s-4446s-kapcsolotabla-eredeti-cserealkatresz\/","title":{"rendered":"HP ProBook 4440S 4441S 4445S 4446S kapcsol\u00f3t\u00e1bla \u2013 Eredeti cserealkatr\u00e9sz!"},"content":{"rendered":"<p>A HP ProBook 4440S 4441S 4445S 4446S kapcsol\u00f3t\u00e1bla egy eredeti cserealkatr\u00e9sz, amelyet bizonyos HP ProBook modellekhez szabtak. Ha a ProBook 4440S, 4441S, 4445S vagy 4446S t\u00e1pell\u00e1t\u00e1s\u00e1val, kijelz\u0151j\u00e9vel vagy csatlakoztat\u00e1s\u00e1val kapcsolatos probl\u00e9m\u00e1kat tapasztal, ez a kapcsol\u00f3t\u00e1bla a megfelel\u0151 megold\u00e1s.<\/p>\n<p>Ezt a cserek\u00e1rty\u00e1t szigor\u00fa el\u0151\u00edr\u00e1soknak megfelel\u0151en alak\u00edtott\u00e1k ki, biztos\u00edtva a z\u00f6kken\u0151mentes illeszked\u00e9st \u00e9s a kompatibilit\u00e1st a kijel\u00f6lt laptopmodellekkel. \u00c9les\u00edtse \u00fajra laptopja funkcionalit\u00e1s\u00e1t, \u00e9s oldja meg a tart\u00f3s probl\u00e9m\u00e1kat a kapcsol\u00f3t\u00e1bla cser\u00e9j\u00e9vel.<\/p>\n<p>F\u0151bb jellemz\u0151k:<\/p>\n<ul>\n<li>HP ProBook 4440S, 4441S, 4445S, 4446S modellekhez tervezve<\/li>\n<li>Eredeti cserealkatr\u00e9sz<\/li>\n<li>Az \u00e1ramell\u00e1t\u00e1ssal, a kijelz\u0151vel vagy a csatlakoz\u00e1ssal kapcsolatos probl\u00e9m\u00e1k megold\u00e1sa<\/li>\n<li>Vissza\u00e1ll\u00edtja a laptop funkcionalit\u00e1s\u00e1t<\/li>\n<\/ul>\n<p>K\u00e9rj\u00fck, vegye figyelembe, hogy ez a lista a HP ProBook 4440S, 4441S, 4445S, 4446S kapcsol\u00f3t\u00e1bl\u00e1k t\u00e9nyleges term\u00e9kk\u00e9peit tartalmazza, \u00e9s nem tartalmaz telep\u00edt\u00e9si \u00fatmutat\u00f3t. B\u00e1rmilyen k\u00e9rd\u00e9ssel vagy tov\u00e1bbi inform\u00e1ci\u00f3val kapcsolatban forduljon bizalommal. \u00daj\u00edtsd meg HP ProBookod teljes\u00edtm\u00e9ny\u00e9t ezzel az autentikus kapcsol\u00f3k\u00e1rtya-cser\u00e9vel.<\/p>\n","protected":false},"excerpt":{"rendered":"<p>B\u0151v\u00edtse HP ProBook 4440S, 4441S, 4445S vagy 4446S laptopjait ezzel az eredeti kapcsol\u00f3t\u00e1bla cser\u00e9vel. Ez az alkatr\u00e9sz kifejezetten ezekhez a modellekhez k\u00e9sz\u00fclt, t\u00f6k\u00e9letes illeszked\u00e9st \u00e9s funkcionalit\u00e1st biztos\u00edtva. \u00c1ll\u00edtsa vissza laptopja funkcionalit\u00e1s\u00e1t, \u00e9s oldja meg az \u00e1ramell\u00e1t\u00e1ssal, a kijelz\u0151vel vagy a csatlakoz\u00e1ssal kapcsolatos probl\u00e9m\u00e1kat. Ezzel az autentikus kapcsol\u00f3t\u00e1bla cser\u00e9vel \u00fajra \u00fagy m\u0171k\u00f6dj\u00f6n laptopja, mint az \u00faj.<\/p>\n","protected":false},"featured_media":4910,"template":"","meta":[],"product_brand":[],"product_cat":[27],"product_tag":[25],"class_list":{"0":"post-4872","1":"product","2":"type-product","3":"status-publish","4":"has-post-thumbnail","6":"product_cat-motherboards-board-parts","7":"product_tag-hp","9":"first","10":"instock","11":"taxable","12":"shipping-taxable","13":"purchasable","14":"product-type-simple"},"_links":{"self":[{"href":"https:\/\/boreait.com\/hu\/wp-json\/wp\/v2\/product\/4872","targetHints":{"allow":["GET"]}}],"collection":[{"href":"https:\/\/boreait.com\/hu\/wp-json\/wp\/v2\/product"}],"about":[{"href":"https:\/\/boreait.com\/hu\/wp-json\/wp\/v2\/types\/product"}],"wp:featuredmedia":[{"embeddable":true,"href":"https:\/\/boreait.com\/hu\/wp-json\/wp\/v2\/media\/4910"}],"wp:attachment":[{"href":"https:\/\/boreait.com\/hu\/wp-json\/wp\/v2\/media?parent=4872"}],"wp:term":[{"taxonomy":"product_brand","embeddable":true,"href":"https:\/\/boreait.com\/hu\/wp-json\/wp\/v2\/product_brand?post=4872"},{"taxonomy":"product_cat","embeddable":true,"href":"https:\/\/boreait.com\/hu\/wp-json\/wp\/v2\/product_cat?post=4872"},{"taxonomy":"product_tag","embeddable":true,"href":"https:\/\/boreait.com\/hu\/wp-json\/wp\/v2\/product_tag?post=4872"}],"curies":[{"name":"wp","href":"https:\/\/api.w.org\/{rel}","templated":true}]}}