{"id":4871,"date":"2025-09-17T11:06:37","date_gmt":"2025-09-17T09:06:37","guid":{"rendered":"https:\/\/boreait.com\/hu\/?post_type=product&#038;p=4871"},"modified":"2026-01-18T13:58:07","modified_gmt":"2026-01-18T12:58:07","slug":"hp-zbook-17-g4-smart-card-reader-dc04000lda0-eredeti-oem-alkatresz","status":"publish","type":"product","link":"https:\/\/boreait.com\/hu\/termek\/hp-zbook-17-g4-smart-card-reader-dc04000lda0-eredeti-oem-alkatresz\/","title":{"rendered":"HP ZBook 17 G4 Smart Card Reader DC04000LDA0 \u2013 Eredeti OEM alkatr\u00e9sz"},"content":{"rendered":"<p>A HP ZBook 17 G4 DC04000LDA0 intelligens k\u00e1rtyaolvas\u00f3 egy hiteles, eredeti OEM alkatr\u00e9sz, amelyet a HP ZBook 17 G4-hez szabtak, \u00e9s \u00fagy tervezt\u00e9k, hogy meger\u0151s\u00edtse laptopja biztons\u00e1gi funkci\u00f3it.<\/p>\n<p>F\u0151bb jellemz\u0151k:<\/p>\n<ul>\n<li>HP ZBook 17 G4-hez tervezve<\/li>\n<li>Jav\u00edtja a rendszer biztons\u00e1g\u00e1t<\/li>\n<li>Eredeti OEM alkatr\u00e9sz<\/li>\n<\/ul>\n<p>Az intelligensk\u00e1rtya-olvas\u00f3 tov\u00e1bbi biztons\u00e1gi r\u00e9teget biztos\u00edt, lehet\u0151v\u00e9 t\u00e9ve a felhaszn\u00e1l\u00f3k sz\u00e1m\u00e1ra, hogy intelligens k\u00e1rtya-hiteles\u00edt\u00e9ssel hozz\u00e1f\u00e9rjenek a laptophoz \u00e9s az \u00e9rz\u00e9keny adatokhoz. Ennek az eredeti HP alkatr\u00e9sznek a ZBook 17 G4 k\u00e9sz\u00fcl\u00e9k\u00e9re t\u00f6rt\u00e9n\u0151 felszerel\u00e9se biztos\u00edtja a kompatibilit\u00e1st \u00e9s a nyugalmat az adatok v\u00e9delm\u00e9t illet\u0151en.<\/p>\n<p>K\u00e9rj\u00fck, vegye figyelembe, hogy a lista val\u00f3di term\u00e9kfot\u00f3kat tartalmaz. Ehhez az intelligens k\u00e1rtyaolvas\u00f3hoz nem mell\u00e9keltek telep\u00edt\u00e9si utas\u00edt\u00e1sokat. B\u00e1rmilyen k\u00e9rd\u00e9ssel vagy tov\u00e1bbi seg\u00edts\u00e9ggel kapcsolatban forduljon bizalommal. Biztos\u00edtsa HP ZBook 17 G4 k\u00e9sz\u00fcl\u00e9k\u00e9t, \u00e9s v\u00e9dje meg \u00e9rt\u00e9kes adatait ezzel az eredeti HP Smart Card Readerrel.<\/p>\n","protected":false},"excerpt":{"rendered":"<p>N\u00f6velje HP ZBook 17 G4 biztons\u00e1g\u00e1t az eredeti HP Smart Card Reader DC04000LDA0 seg\u00edts\u00e9g\u00e9vel. Ez a kifejezetten ehhez a modellhez tervezett OEM alkatr\u00e9sz biztos\u00edtja a kompatibilit\u00e1st \u00e9s a megb\u00edzhat\u00f3s\u00e1got. V\u00e9dje meg adatait, \u00e9s biztons\u00e1gosan hozz\u00e1f\u00e9rjen rendszer\u00e9hez ezzel az intelligens k\u00e1rtyaolvas\u00f3val. K\u00f6nnyen telep\u00edthet\u0151 \u00e9s z\u00f6kken\u0151mentesen integr\u00e1lhat\u00f3, elengedhetetlen kieg\u00e9sz\u00edt\u0151je a HP ZBooknak a fokozott biztons\u00e1g \u00e9rdek\u00e9ben.<\/p>\n","protected":false},"featured_media":4909,"template":"","meta":[],"product_brand":[],"product_cat":[27],"product_tag":[25],"class_list":{"0":"post-4871","1":"product","2":"type-product","3":"status-publish","4":"has-post-thumbnail","6":"product_cat-motherboards-board-parts","7":"product_tag-hp","9":"first","10":"instock","11":"taxable","12":"shipping-taxable","13":"purchasable","14":"product-type-simple"},"_links":{"self":[{"href":"https:\/\/boreait.com\/hu\/wp-json\/wp\/v2\/product\/4871","targetHints":{"allow":["GET"]}}],"collection":[{"href":"https:\/\/boreait.com\/hu\/wp-json\/wp\/v2\/product"}],"about":[{"href":"https:\/\/boreait.com\/hu\/wp-json\/wp\/v2\/types\/product"}],"wp:featuredmedia":[{"embeddable":true,"href":"https:\/\/boreait.com\/hu\/wp-json\/wp\/v2\/media\/4909"}],"wp:attachment":[{"href":"https:\/\/boreait.com\/hu\/wp-json\/wp\/v2\/media?parent=4871"}],"wp:term":[{"taxonomy":"product_brand","embeddable":true,"href":"https:\/\/boreait.com\/hu\/wp-json\/wp\/v2\/product_brand?post=4871"},{"taxonomy":"product_cat","embeddable":true,"href":"https:\/\/boreait.com\/hu\/wp-json\/wp\/v2\/product_cat?post=4871"},{"taxonomy":"product_tag","embeddable":true,"href":"https:\/\/boreait.com\/hu\/wp-json\/wp\/v2\/product_tag?post=4871"}],"curies":[{"name":"wp","href":"https:\/\/api.w.org\/{rel}","templated":true}]}}