{"id":487,"date":"2025-09-17T09:27:19","date_gmt":"2025-09-17T07:27:19","guid":{"rendered":"https:\/\/boreait.com\/hu\/?post_type=product&#038;p=487"},"modified":"2025-09-17T09:27:48","modified_gmt":"2025-09-17T07:27:48","slug":"eredeti-hp-elitebook-840-850-740-750-745-755-g1-g2-merevlemez-hdd-ssd-caddy-csavarok-mellekelve","status":"publish","type":"product","link":"https:\/\/boreait.com\/hu\/termek\/eredeti-hp-elitebook-840-850-740-750-745-755-g1-g2-merevlemez-hdd-ssd-caddy-csavarok-mellekelve\/","title":{"rendered":"Eredeti HP EliteBook 840 850 740 750 745 755 G1 G2 merevlemez HDD SSD Caddy &#8211; Csavarok mell\u00e9kelve"},"content":{"rendered":"<p><strong>Ugyanaz, mint a fot\u00f3n! Csavarok mell\u00e9kelve.<\/strong><\/p>\n<p>Bemutatja HP \u200b\u200bEliteBook laptopj\u00e1t a megn\u00f6velt t\u00e1rol\u00f3kapacit\u00e1s vil\u00e1g\u00e1ba az \u00faj eredeti HP EliteBook HDD\/SSD 2,5&#8243; Disk Caddy seg\u00edts\u00e9g\u00e9vel. Ezt a merevlemez-tart\u00f3t kifejezetten a HP EliteBook 840, 850, 740, 750, 745 \u00e9s 755 G1 \u00e9s G2 modellekhez fejlesztett\u00e9k ki, \u00edgy biztos\u00edtva a t\u00f6k\u00e9letes illeszked\u00e9st.<\/p>\n<p>A lemeztart\u00f3t 2,5&#8243;-es merevlemez-meghajt\u00f3k (HDD) vagy szil\u00e1rdtestalap\u00fa meghajt\u00f3k (SSD) befogad\u00e1s\u00e1ra tervezt\u00e9k. Legyen sz\u00f3 nagy adatig\u00e9nyes alkalmaz\u00e1sokkal foglalkoz\u00f3 professzion\u00e1lisr\u00f3l, rengeteg tudom\u00e1nyos f\u00e1jlt kezel\u0151 di\u00e1kr\u00f3l vagy j\u00e1t\u00e9krajong\u00f3r\u00f3l, akinek t\u00f6bb helyre van sz\u00fcks\u00e9ge a j\u00e1t\u00e9kokhoz, ez a lemeztart\u00f3 rugalmas megold\u00e1st k\u00edn\u00e1l laptopja t\u00e1rhely\u00e9nek n\u00f6vel\u00e9s\u00e9re.<\/p>\n<p>A HP EliteBook HDD\/SSD caddy megb\u00edzhat\u00f3 friss\u00edt\u00e9si megold\u00e1s azok sz\u00e1m\u00e1ra, akiknek egyre nagyobb t\u00e1rhelyig\u00e9ny\u00fck van. Egy tov\u00e1bbi t\u00e1rol\u00f3meghajt\u00f3 k\u00e9nyelm\u00e9t k\u00edn\u00e1lja, amely lehet\u0151v\u00e9 teszi a rendszer t\u00e1rol\u00f3kapacit\u00e1s\u00e1nak n\u00f6vel\u00e9s\u00e9t an\u00e9lk\u00fcl, hogy k\u00fcls\u0151 meghajt\u00f3kra lenne sz\u00fcks\u00e9ge, amelyek gyakran terjedelmesek \u00e9s k\u00e9nyelmetlenek lehetnek.<\/p>\n<p>Cs\u00facsmin\u0151s\u00e9g\u0171 anyagokb\u00f3l k\u00e9sz\u00fclt, ez a caddy er\u0151s, \u00e9s biztos\u00edtja a HDD vagy SSD biztons\u00e1g\u00e1t. Szil\u00e1rdan r\u00f6gz\u00edti a meghajt\u00f3t, cs\u00f6kkenti az \u00fct\u00e9s vagy rezg\u00e9s okozta s\u00e9r\u00fcl\u00e9sek kock\u00e1zat\u00e1t, \u00e9s biztos\u00edtja az adatok hossz\u00fa \u00e9lettartam\u00e1t.<\/p>\n<p>A caddy k\u00f6nnyen telep\u00edthet\u0151, \u00edgy gyorsan kicser\u00e9lheti laptopja optikai meghajt\u00f3j\u00e1t egy tov\u00e1bbi t\u00e1rol\u00f3meghajt\u00f3ra. Nincs sz\u00fcks\u00e9g speci\u00e1lis szersz\u00e1mokra vagy professzion\u00e1lis seg\u00edts\u00e9gre \u2013 egy szabv\u00e1nyos csavarh\u00faz\u00f3val percek alatt be\u00e1ll\u00edthatja.<\/p>\n<p>Az \u00faj eredeti HP EliteBook HDD\/SSD 2,5&#8243; Disk Caddy nem csak a laptop t\u00e1rhely\u00e9nek n\u00f6vel\u00e9s\u00e9r\u0151l sz\u00f3l, hanem arr\u00f3l is, hogy a laptopod nagyobb, ig\u00e9nyesebb feladatokat is k\u00e9pes kompromisszumok n\u00e9lk\u00fcl kezelni.<\/p>\n<p>Eur\u00f3pa-szerte sz\u00e1ll\u00edtva ez a term\u00e9k azonnal el\u00e9rhet\u0151 azon v\u00e1s\u00e1rl\u00f3k sz\u00e1m\u00e1ra, akik b\u0151v\u00edteni szeretn\u00e9k HP EliteBook t\u00e1rol\u00f3k\u00e9pess\u00e9g\u00e9t. Szerezze be \u00faj eredeti HP EliteBook HDD\/SSD 2,5&#8243; Disk Caddy-j\u00e9t m\u00e9g ma, \u00e9s \u00e9lvezze a t\u00e1gasabb \u00e9s hat\u00e9konyabb sz\u00e1m\u00edt\u00e1stechnikai \u00e9lm\u00e9nyt.<\/p>\n","protected":false},"excerpt":{"rendered":"<p>Szabad\u00edtsd fel laptopod t\u00e1rol\u00f3kapacit\u00e1s\u00e1t az \u00faj eredeti HP EliteBook HDD\/SSD 2,5&#8243; Disk Caddy-vel, amelyet kifejezetten a HP EliteBook 840, 850, 740, 750, 745 \u00e9s 755 G1 \u00e9s G2 modellekhez terveztek.<\/p>\n","protected":false},"featured_media":547,"template":"","meta":[],"product_brand":[],"product_cat":[16],"product_tag":[25],"class_list":{"0":"post-487","1":"product","2":"type-product","3":"status-publish","4":"has-post-thumbnail","6":"product_cat-laptop-housing","7":"product_tag-hp","9":"first","10":"instock","11":"taxable","12":"shipping-taxable","13":"purchasable","14":"product-type-simple"},"_links":{"self":[{"href":"https:\/\/boreait.com\/hu\/wp-json\/wp\/v2\/product\/487","targetHints":{"allow":["GET"]}}],"collection":[{"href":"https:\/\/boreait.com\/hu\/wp-json\/wp\/v2\/product"}],"about":[{"href":"https:\/\/boreait.com\/hu\/wp-json\/wp\/v2\/types\/product"}],"wp:featuredmedia":[{"embeddable":true,"href":"https:\/\/boreait.com\/hu\/wp-json\/wp\/v2\/media\/547"}],"wp:attachment":[{"href":"https:\/\/boreait.com\/hu\/wp-json\/wp\/v2\/media?parent=487"}],"wp:term":[{"taxonomy":"product_brand","embeddable":true,"href":"https:\/\/boreait.com\/hu\/wp-json\/wp\/v2\/product_brand?post=487"},{"taxonomy":"product_cat","embeddable":true,"href":"https:\/\/boreait.com\/hu\/wp-json\/wp\/v2\/product_cat?post=487"},{"taxonomy":"product_tag","embeddable":true,"href":"https:\/\/boreait.com\/hu\/wp-json\/wp\/v2\/product_tag?post=487"}],"curies":[{"name":"wp","href":"https:\/\/api.w.org\/{rel}","templated":true}]}}