{"id":4869,"date":"2025-09-17T11:06:36","date_gmt":"2025-09-17T09:06:36","guid":{"rendered":"https:\/\/boreait.com\/hu\/?post_type=product&#038;p=4869"},"modified":"2025-09-17T11:07:12","modified_gmt":"2025-09-17T09:07:12","slug":"lenovo-thinkpad-x1-carbon-gen-1-usb-audio-io-kartya-55-4rq03-021-04w3912-eredeti-cserealkatresz","status":"publish","type":"product","link":"https:\/\/boreait.com\/hu\/termek\/lenovo-thinkpad-x1-carbon-gen-1-usb-audio-io-kartya-55-4rq03-021-04w3912-eredeti-cserealkatresz\/","title":{"rendered":"Lenovo Thinkpad X1 Carbon Gen 1 USB Audio IO k\u00e1rtya 55.4RQ03.021 04W3912 \u2013 Eredeti cserealkatr\u00e9sz"},"content":{"rendered":"<p>Keltse \u00fajra \u00e9letre Lenovo Thinkpad X1 Carbon Gen 1 k\u00e9sz\u00fcl\u00e9k\u00e9t a Lenovo USB Audio IO k\u00e1rty\u00e1val (cikksz\u00e1m: 55.4RQ03.021 04W3912). Ha laptopja USB-portjai vagy audiocsatlakoz\u00f3i hib\u00e1sak vagy nem reag\u00e1lnak, ez az eredeti cserealkatr\u00e9sz a megold\u00e1s.<\/p>\n<p>Kompatibilit\u00e1s:<\/p>\n<ul>\n<li>Kompatibilis a Lenovo Thinkpad X1 Carbon Gen 1-el<\/li>\n<li>Alkatr\u00e9szsz\u00e1m: 55.4RQ03.021 04W3912<\/li>\n<\/ul>\n<p>Gy\u0151z\u0151dj\u00f6n meg arr\u00f3l, hogy laptopja USB- \u00e9s audioportjai kifog\u00e1stalanul m\u0171k\u00f6dnek, ha az IO-k\u00e1rty\u00e1t erre az eredeti Lenovo-alkatr\u00e9szre cser\u00e9li. A t\u00e1bla \u00e1tvizsg\u00e1l\u00e1son esett \u00e1t, kiv\u00e1l\u00f3 \u00e1llapotban van, k\u00e9szen \u00e1ll a laptop teljes funkcionalit\u00e1s\u00e1nak vissza\u00e1ll\u00edt\u00e1s\u00e1ra.<\/p>\n<p>K\u00e9rj\u00fck, vegye figyelembe, hogy ez a lista val\u00f3di f\u00e9nyk\u00e9peket tartalmaz a Lenovo Thinkpad X1 Carbon Gen 1 USB Audio IO k\u00e1rty\u00e1r\u00f3l (cikksz\u00e1m: 55.4RQ03.021 04W3912). Nincsenek telep\u00edt\u00e9si utas\u00edt\u00e1sok. Ha k\u00e9rd\u00e9se van, vagy seg\u00edts\u00e9gre van sz\u00fcks\u00e9ge, forduljon hozz\u00e1nk bizalommal. \u00daj\u00edtsa meg laptopja k\u00e9pess\u00e9geit ezzel az autentikus Lenovo p\u00f3talkatr\u00e9szrel.<\/p>\n<p>V\u00e1s\u00e1rl\u00e1s el\u0151tt mindig gy\u0151z\u0151dj\u00f6n meg arr\u00f3l, hogy kompatibilis az eszk\u00f6z\u00e9vel. Tov\u00e1bbi kompatibilit\u00e1si vagy m\u0171szaki k\u00e9rd\u00e9sekkel kapcsolatban \u00e1llunk rendelkez\u00e9s\u00e9re.<\/p>\n","protected":false},"excerpt":{"rendered":"<p>Fejlessze Lenovo Thinkpad X1 Carbon Gen 1 k\u00e9sz\u00fcl\u00e9k\u00e9t az eredeti USB Audio IO k\u00e1rty\u00e1val (cikksz\u00e1m: 55.4RQ03.021 04W3912). Cser\u00e9lje ki a s\u00e9r\u00fclt vagy hib\u00e1san m\u0171k\u00f6d\u0151 IO k\u00e1rty\u00e1t erre az eredeti Lenovo alkatr\u00e9szre. \u00c9lvezze a helyre\u00e1ll\u00edtott USB- \u00e9s audiofunkci\u00f3kat, hogy laptopja a lehet\u0151 legjobban m\u0171k\u00f6dj\u00f6n.<\/p>\n","protected":false},"featured_media":4907,"template":"","meta":[],"product_brand":[],"product_cat":[27],"product_tag":[25],"class_list":{"0":"post-4869","1":"product","2":"type-product","3":"status-publish","4":"has-post-thumbnail","6":"product_cat-motherboards-board-parts","7":"product_tag-hp","9":"first","10":"instock","11":"taxable","12":"shipping-taxable","13":"purchasable","14":"product-type-simple"},"_links":{"self":[{"href":"https:\/\/boreait.com\/hu\/wp-json\/wp\/v2\/product\/4869","targetHints":{"allow":["GET"]}}],"collection":[{"href":"https:\/\/boreait.com\/hu\/wp-json\/wp\/v2\/product"}],"about":[{"href":"https:\/\/boreait.com\/hu\/wp-json\/wp\/v2\/types\/product"}],"wp:featuredmedia":[{"embeddable":true,"href":"https:\/\/boreait.com\/hu\/wp-json\/wp\/v2\/media\/4907"}],"wp:attachment":[{"href":"https:\/\/boreait.com\/hu\/wp-json\/wp\/v2\/media?parent=4869"}],"wp:term":[{"taxonomy":"product_brand","embeddable":true,"href":"https:\/\/boreait.com\/hu\/wp-json\/wp\/v2\/product_brand?post=4869"},{"taxonomy":"product_cat","embeddable":true,"href":"https:\/\/boreait.com\/hu\/wp-json\/wp\/v2\/product_cat?post=4869"},{"taxonomy":"product_tag","embeddable":true,"href":"https:\/\/boreait.com\/hu\/wp-json\/wp\/v2\/product_tag?post=4869"}],"curies":[{"name":"wp","href":"https:\/\/api.w.org\/{rel}","templated":true}]}}