{"id":486,"date":"2025-09-17T09:27:19","date_gmt":"2025-09-17T07:27:19","guid":{"rendered":"https:\/\/boreait.com\/hu\/?post_type=product&#038;p=486"},"modified":"2026-01-14T08:34:38","modified_gmt":"2026-01-14T07:34:38","slug":"kingston-4-gb-pc3l-12800s-so-dimm-memoria-ram-tsb16d3ls1mng-4g","status":"publish","type":"product","link":"https:\/\/boreait.com\/hu\/termek\/kingston-4-gb-pc3l-12800s-so-dimm-memoria-ram-tsb16d3ls1mng-4g\/","title":{"rendered":"Kingston 4 GB PC3L-12800S SO-DIMM mem\u00f3ria RAM TSB16D3LS1MNG\/4G"},"content":{"rendered":"<p>\u00cdme a RAM egyedi le\u00edr\u00e1sa:<\/p>\n<p>A Kingston 4 GB-os PC3L-12800S SO-DIMM mem\u00f3ria RAM TSB16D3LS1MNG\/4G egy kompakt, de nagy teljes\u00edtm\u00e9ny\u0171 mem\u00f3riamegold\u00e1s, amely fokozza laptopja vagy kism\u00e9ret\u0171 sz\u00e1m\u00edt\u00f3g\u00e9pe teljes\u00edtm\u00e9ny\u00e9t. 4 GB-os kapacit\u00e1s\u00e1val b\u0151s\u00e9ges helyet k\u00edn\u00e1l t\u00f6bbfeladatos munkav\u00e9gz\u00e9shez, lehet\u0151v\u00e9 t\u00e9ve t\u00f6bb alkalmaz\u00e1s z\u00f6kken\u0151mentes \u00e9s hat\u00e9kony futtat\u00e1s\u00e1t.<\/p>\n<p>Ez a mem\u00f3riamodul PC3L-12800S sebess\u00e9ggel m\u0171k\u00f6dik, ami azt jelenti, hogy ak\u00e1r 1600 MHz-es adat\u00e1tvitelt is k\u00e9pes kezelni, gyors \u00e9s \u00e9rz\u00e9keny teljes\u00edtm\u00e9nyt biztos\u00edtva. A &#8222;PC3L&#8221; jel\u00f6l\u00e9s azt jelzi, hogy ez egy alacsony fesz\u00fclts\u00e9g\u0171 RAM, amely 1,35 V-on m\u0171k\u00f6dik, ami seg\u00edt cs\u00f6kkenteni az energiafogyaszt\u00e1st \u00e9s a h\u0151termel\u00e9st, \u00edgy ide\u00e1lis hordozhat\u00f3 eszk\u00f6z\u00f6kh\u00f6z.<\/p>\n<p>A SO-DIMM form\u00e1tuma kompatibiliss\u00e9 teszi a legt\u00f6bb laptoppal \u00e9s kism\u00e9ret\u0171 sz\u00e1m\u00edt\u00f3g\u00e9ppel, biztos\u00edtva a probl\u00e9mamentes telep\u00edt\u00e9si folyamatot. Egyszer\u0171en helyezze be a modult a megfelel\u0151 mem\u00f3riany\u00edl\u00e1sba, \u00e9s m\u00e1ris megtapasztalhatja a jobb teljes\u00edtm\u00e9nyt \u00e9s reakci\u00f3k\u00e9pess\u00e9get.<\/p>\n<p>A Kingston egy h\u00edres m\u00e1rka, amely megb\u00edzhat\u00f3s\u00e1g\u00e1r\u00f3l \u00e9s min\u0151s\u00e9g\u00e9r\u0151l ismert, \u00e9s ez a RAM modul sem kiv\u00e9tel. Szigor\u00fa tesztel\u00e9sen esett \u00e1t, hogy megfeleljen a Kingston magas teljes\u00edtm\u00e9nyre \u00e9s tart\u00f3ss\u00e1gra vonatkoz\u00f3 k\u00f6vetelm\u00e9nyeinek, biztos\u00edtva a hossz\u00fa t\u00e1v\u00fa \u00e9s stabil m\u0171k\u00f6d\u00e9st.<\/p>\n<p>Friss\u00edtse laptopj\u00e1t vagy kism\u00e9ret\u0171 sz\u00e1m\u00edt\u00f3g\u00e9p\u00e9t a Kingston 4 GB-os PC3L-12800S SO-DIMM mem\u00f3ria-RAM TSB16D3LS1MNG\/4G-vel, \u00e9s \u00e9lvezze a gyorsabb t\u00f6bbfeladatos munkav\u00e9gz\u00e9st, a g\u00f6rd\u00fcl\u00e9kenyebb alkalmaz\u00e1steljes\u00edtm\u00e9nyt \u00e9s az \u00e1ltal\u00e1nosan tov\u00e1bbfejlesztett sz\u00e1m\u00edt\u00e1stechnikai \u00e9lm\u00e9nyt.<\/p>\n","protected":false},"excerpt":{"rendered":"<p>A TSB16D3LS1MNG\/4G t\u00edpussz\u00e1m\u00fa Kingston 4 GB-os PC3L-12800S SO-DIMM mem\u00f3ria RAM egy kiv\u00e1l\u00f3 min\u0151s\u00e9g\u0171 mem\u00f3riamodul, amelyet laptopokhoz \u00e9s kism\u00e9ret\u0171 sz\u00e1m\u00edt\u00f3g\u00e9pekhez terveztek.<\/p>\n","protected":false},"featured_media":546,"template":"","meta":[],"product_brand":[],"product_cat":[37,36],"product_tag":[],"class_list":{"0":"post-486","1":"product","2":"type-product","3":"status-publish","4":"has-post-thumbnail","6":"product_cat-ddr3-ddr3l","7":"product_cat-ram-memory","9":"first","10":"instock","11":"taxable","12":"shipping-taxable","13":"purchasable","14":"product-type-simple"},"_links":{"self":[{"href":"https:\/\/boreait.com\/hu\/wp-json\/wp\/v2\/product\/486","targetHints":{"allow":["GET"]}}],"collection":[{"href":"https:\/\/boreait.com\/hu\/wp-json\/wp\/v2\/product"}],"about":[{"href":"https:\/\/boreait.com\/hu\/wp-json\/wp\/v2\/types\/product"}],"wp:featuredmedia":[{"embeddable":true,"href":"https:\/\/boreait.com\/hu\/wp-json\/wp\/v2\/media\/546"}],"wp:attachment":[{"href":"https:\/\/boreait.com\/hu\/wp-json\/wp\/v2\/media?parent=486"}],"wp:term":[{"taxonomy":"product_brand","embeddable":true,"href":"https:\/\/boreait.com\/hu\/wp-json\/wp\/v2\/product_brand?post=486"},{"taxonomy":"product_cat","embeddable":true,"href":"https:\/\/boreait.com\/hu\/wp-json\/wp\/v2\/product_cat?post=486"},{"taxonomy":"product_tag","embeddable":true,"href":"https:\/\/boreait.com\/hu\/wp-json\/wp\/v2\/product_tag?post=486"}],"curies":[{"name":"wp","href":"https:\/\/api.w.org\/{rel}","templated":true}]}}