{"id":4852,"date":"2025-09-17T11:06:12","date_gmt":"2025-09-17T09:06:12","guid":{"rendered":"https:\/\/boreait.com\/hu\/?post_type=product&#038;p=4852"},"modified":"2026-01-18T13:57:49","modified_gmt":"2026-01-18T12:57:49","slug":"uj-eredeti-samsung-aaep485dbe-headset-kivalo-minosegu-hang-es-kenyelem","status":"publish","type":"product","link":"https:\/\/boreait.com\/hu\/termek\/uj-eredeti-samsung-aaep485dbe-headset-kivalo-minosegu-hang-es-kenyelem\/","title":{"rendered":"\u00daJ Eredeti Samsung AAEP485DBE headset &#8211; Kiv\u00e1l\u00f3 min\u0151s\u00e9g\u0171 hang \u00e9s k\u00e9nyelem"},"content":{"rendered":"<p>Az Eredeti Samsung AAEP485DBE fejhallgat\u00f3 az \u00d6n jegye egy magasabb szint\u0171 audio utaz\u00e1sra. A k\u00e9nyelemre \u00e9s a kiv\u00e9teles hangmin\u0151s\u00e9gre tervezett fejhallgat\u00f3 figyelemre m\u00e9lt\u00f3 hallgat\u00e1si \u00e9lm\u00e9nyt biztos\u00edt a Samsung k\u00e9sz\u00fcl\u00e9kek felhaszn\u00e1l\u00f3inak.<\/p>\n<p>F\u0151bb jellemz\u0151k:<\/p>\n<ul>\n<li>Eredeti eredeti Samsung term\u00e9k (AAEP485DBE modell)<\/li>\n<li>Kiv\u00e1l\u00f3 min\u0151s\u00e9g\u0171 hangkimenet<\/li>\n<li>K\u00e9nyelmes kialak\u00edt\u00e1s a hosszabb haszn\u00e1lathoz<\/li>\n<li>K\u00fcl\u00f6nb\u00f6z\u0151 Samsung k\u00e9sz\u00fcl\u00e9kekkel kompatibilis<\/li>\n<li>\u00daJ!<\/li>\n<\/ul>\n<p>Mer\u00fclj\u00f6n el a krist\u00e1lytiszta hangz\u00e1sban, mik\u00f6zben hosszan tart\u00f3 haszn\u00e1lat k\u00f6zben is k\u00e9nyelmesen \u00e9rezheti mag\u00e1t. Ak\u00e1r zen\u00e9t hallgat, ak\u00e1r telefon\u00e1l, ak\u00e1r multim\u00e9di\u00e1s tartalmat \u00e9lvez, ez a Samsung fejhallgat\u00f3 optim\u00e1lis hang\u00e9lm\u00e9nyt biztos\u00edt.<\/p>\n<p>K\u00e9rj\u00fck, vegye figyelembe, hogy ezen a list\u00e1n az Eredeti Eredeti Samsung AAEP485DBE Headset hiteles f\u00e9nyk\u00e9pei tal\u00e1lhat\u00f3k. B\u00e1rmilyen k\u00e9rd\u00e9ssel vagy tov\u00e1bbi inform\u00e1ci\u00f3val kapcsolatban forduljon hozz\u00e1nk bizalommal. N\u00f6velje hang\u00e9lm\u00e9ny\u00e9t ezzel az eredeti Samsung headsettel, amelyet \u00fagy terveztek, hogy t\u00f6k\u00e9letesen kieg\u00e9sz\u00edtse Samsung k\u00e9sz\u00fcl\u00e9k\u00e9t.<\/p>\n","protected":false},"excerpt":{"rendered":"<p>Fokozza hang\u00e9lm\u00e9ny\u00e9t az eredeti Samsung AAEP485DBE fejhallgat\u00f3val. A k\u00e9nyelemre \u00e9s kiv\u00e1l\u00f3 min\u0151s\u00e9g\u0171 hangz\u00e1sra tervezett fejhallgat\u00f3 z\u00f6kken\u0151mentes hallgat\u00e1si \u00e9lm\u00e9nyt biztos\u00edt. K\u00fcl\u00f6nf\u00e9le Samsung k\u00e9sz\u00fcl\u00e9kekkel kompatibilis, \u00e9lvezze a tiszta hangz\u00e1st \u00e9s a k\u00e9nyelmet az eleg\u00e1ns \u00e9s tart\u00f3s kialak\u00edt\u00e1sban.<\/p>\n","protected":false},"featured_media":4904,"template":"","meta":[],"product_brand":[],"product_cat":[20],"product_tag":[60],"class_list":{"0":"post-4852","1":"product","2":"type-product","3":"status-publish","4":"has-post-thumbnail","6":"product_cat-cables","7":"product_tag-samsung","9":"first","10":"instock","11":"taxable","12":"shipping-taxable","13":"purchasable","14":"product-type-simple"},"_links":{"self":[{"href":"https:\/\/boreait.com\/hu\/wp-json\/wp\/v2\/product\/4852","targetHints":{"allow":["GET"]}}],"collection":[{"href":"https:\/\/boreait.com\/hu\/wp-json\/wp\/v2\/product"}],"about":[{"href":"https:\/\/boreait.com\/hu\/wp-json\/wp\/v2\/types\/product"}],"wp:featuredmedia":[{"embeddable":true,"href":"https:\/\/boreait.com\/hu\/wp-json\/wp\/v2\/media\/4904"}],"wp:attachment":[{"href":"https:\/\/boreait.com\/hu\/wp-json\/wp\/v2\/media?parent=4852"}],"wp:term":[{"taxonomy":"product_brand","embeddable":true,"href":"https:\/\/boreait.com\/hu\/wp-json\/wp\/v2\/product_brand?post=4852"},{"taxonomy":"product_cat","embeddable":true,"href":"https:\/\/boreait.com\/hu\/wp-json\/wp\/v2\/product_cat?post=4852"},{"taxonomy":"product_tag","embeddable":true,"href":"https:\/\/boreait.com\/hu\/wp-json\/wp\/v2\/product_tag?post=4852"}],"curies":[{"name":"wp","href":"https:\/\/api.w.org\/{rel}","templated":true}]}}