{"id":4850,"date":"2025-09-17T11:06:12","date_gmt":"2025-09-17T09:06:12","guid":{"rendered":"https:\/\/boreait.com\/hu\/?post_type=product&#038;p=4850"},"modified":"2025-09-17T11:06:57","modified_gmt":"2025-09-17T09:06:57","slug":"9-mm-es-guc0n-gub0n-dvd%c2%b1rw-iro-iro-lenovo-g50-hez","status":"publish","type":"product","link":"https:\/\/boreait.com\/hu\/termek\/9-mm-es-guc0n-gub0n-dvd%c2%b1rw-iro-iro-lenovo-g50-hez\/","title":{"rendered":"9 mm-es GUC0N GUB0N DVD\u00b1RW \u00edr\u00f3 \u00edr\u00f3 Lenovo G50-hez"},"content":{"rendered":"<p>A 9 mm-es GUC0N GUB0N DVD\u00b1RW \u00edr\u00f3t \u00fagy tervezt\u00e9k, hogy kompatibilis legyen a Lenovo G50-nel, b\u0151v\u00edtve a k\u00e9pess\u00e9geiket. Ezzel a DVD-\u00edr\u00f3val k\u00fcl\u00f6nf\u00e9le lemezform\u00e1tumokat olvashat \u00e9s \u00edrhat, bele\u00e9rtve a DVD\u00b1R, DVD\u00b1RW \u00e9s CD-R\/RW lemezeket.<\/p>\n<p>F\u0151bb jellemz\u0151k:<\/p>\n<ul>\n<li>9 mm-es v\u00e9kony kialak\u00edt\u00e1s kompatibilis laptopokhoz<\/li>\n<li>DVD\u00b1RW funkci\u00f3<\/li>\n<li>Kompatibilis a Lenovo G50 \u00e9s az Acer Aspire E15 ES1-512 k\u00e9sz\u00fcl\u00e9kekkel<\/li>\n<li>K\u00fcl\u00f6nf\u00e9le lemezform\u00e1tumok olvas\u00e1s\u00e1ra, \u00edr\u00e1s\u00e1ra \u00e9s lej\u00e1tsz\u00e1s\u00e1ra alkalmas<\/li>\n<\/ul>\n<p>Az adatok biztons\u00e1gi ment\u00e9s\u00e9hez, szoftvertelep\u00edt\u00e9shez vagy sz\u00f3rakoztat\u00e1shoz ide\u00e1lis ez a DVD-\u00edr\u00f3, amely k\u00e9nyelmet \u00e9s sokoldal\u00fas\u00e1got biztos\u00edt. Ak\u00e1r adatokat kell lemezre \u00edrnia, ak\u00e1r egyszer\u0171en csak filmeket vagy zen\u00e9t szeretne \u00e9lvezni, ez az \u00edr\u00f3 biztos\u00edtja az ilyen feladatokhoz sz\u00fcks\u00e9ges eszk\u00f6z\u00f6ket.<\/p>\n<p>K\u00e9rj\u00fck, vegye figyelembe, hogy ez a lista val\u00f3s f\u00e9nyk\u00e9peket tartalmaz a 9 mm-es GUC0N GUB0N DVD\u00b1RW \u00edr\u00f3r\u00f3l, \u00e9s nem tartalmaz telep\u00edt\u00e9si utas\u00edt\u00e1st. Ha tov\u00e1bbi inform\u00e1ci\u00f3ra van sz\u00fcks\u00e9ge, vagy k\u00e9rd\u00e9se van, forduljon bizalommal.<\/p>\n<p>Friss\u00edtse Lenovo G50 k\u00e9sz\u00fcl\u00e9k\u00e9t ezzel a DVD-\u00edr\u00f3val, \u00e9s \u00e9lvezze a kib\u0151v\u00edtett funkci\u00f3kat \u00e9s sz\u00f3rakoz\u00e1si lehet\u0151s\u00e9geket laptopj\u00e1n.<\/p>\n","protected":false},"excerpt":{"rendered":"<p>Fejlessze Lenovo G50 k\u00e9sz\u00fcl\u00e9k\u00e9t a 9 mm-es GUC0N GUB0N DVD\u00b1RW \u00edr\u00f3val. Ezzel a DVD-\u00edr\u00f3val k\u00fcl\u00f6nf\u00e9le lemezform\u00e1tumokat olvashat \u00e9s \u00edrhat, \u00edgy \u00e9rt\u00e9kes kieg\u00e9sz\u00edt\u0151je laptopja sz\u00e1m\u00e1ra. T\u00f6k\u00e9letes adatok biztons\u00e1gi ment\u00e9s\u00e9hez, szoftverek telep\u00edt\u00e9s\u00e9hez vagy kedvenc DVD-inek lej\u00e1tsz\u00e1s\u00e1hoz. N\u00f6velje laptopja funkcionalit\u00e1s\u00e1t ezzel a sokoldal\u00fa DVD-\u00edr\u00f3val.<\/p>\n","protected":false},"featured_media":4890,"template":"","meta":[],"product_brand":[],"product_cat":[27],"product_tag":[26],"class_list":{"0":"post-4850","1":"product","2":"type-product","3":"status-publish","4":"has-post-thumbnail","6":"product_cat-motherboards-board-parts","7":"product_tag-lenovo","9":"first","10":"instock","11":"taxable","12":"shipping-taxable","13":"purchasable","14":"product-type-simple"},"_links":{"self":[{"href":"https:\/\/boreait.com\/hu\/wp-json\/wp\/v2\/product\/4850","targetHints":{"allow":["GET"]}}],"collection":[{"href":"https:\/\/boreait.com\/hu\/wp-json\/wp\/v2\/product"}],"about":[{"href":"https:\/\/boreait.com\/hu\/wp-json\/wp\/v2\/types\/product"}],"wp:featuredmedia":[{"embeddable":true,"href":"https:\/\/boreait.com\/hu\/wp-json\/wp\/v2\/media\/4890"}],"wp:attachment":[{"href":"https:\/\/boreait.com\/hu\/wp-json\/wp\/v2\/media?parent=4850"}],"wp:term":[{"taxonomy":"product_brand","embeddable":true,"href":"https:\/\/boreait.com\/hu\/wp-json\/wp\/v2\/product_brand?post=4850"},{"taxonomy":"product_cat","embeddable":true,"href":"https:\/\/boreait.com\/hu\/wp-json\/wp\/v2\/product_cat?post=4850"},{"taxonomy":"product_tag","embeddable":true,"href":"https:\/\/boreait.com\/hu\/wp-json\/wp\/v2\/product_tag?post=4850"}],"curies":[{"name":"wp","href":"https:\/\/api.w.org\/{rel}","templated":true}]}}