{"id":485,"date":"2025-09-17T09:27:19","date_gmt":"2025-09-17T07:27:19","guid":{"rendered":"https:\/\/boreait.com\/hu\/?post_type=product&#038;p=485"},"modified":"2026-01-14T08:34:24","modified_gmt":"2026-01-14T07:34:24","slug":"samsung-4gb-ddr3l-1600mhz-laptop-ram-pc3l-12800s-1rx8-memoria-204-pin-sodimm-m471b173db0-yk0","status":"publish","type":"product","link":"https:\/\/boreait.com\/hu\/termek\/samsung-4gb-ddr3l-1600mhz-laptop-ram-pc3l-12800s-1rx8-memoria-204-pin-sodimm-m471b173db0-yk0\/","title":{"rendered":"Samsung 4GB DDR3L 1600MHz Laptop RAM PC3L 12800S 1Rx8 Mem\u00f3ria 204 Pin SODIMM m471b173db0-yk0"},"content":{"rendered":"<p>A Samsung 4gb m471b173db0-yk0-r\u00f3l: A RAM modul DDR3L technol\u00f3gi\u00e1t haszn\u00e1l, ami a &#8222;Double Data Rate 3 Low Voltage&#8221; r\u00f6vid\u00edt\u00e9se. Ez a technol\u00f3gia gyorsabb adat\u00e1tviteli sebess\u00e9get \u00e9s jobb \u00e1ltal\u00e1nos rendszerteljes\u00edtm\u00e9nyt tesz lehet\u0151v\u00e9 a r\u00e9gebbi DDR2 modulokhoz k\u00e9pest. Az &#8222;L&#8221; a DDR3L-ben alacsony fesz\u00fclts\u00e9g\u0171 m\u0171k\u00f6d\u00e9st jelez, ami azt jelenti, hogy alacsonyabb fesz\u00fclts\u00e9gen (1,35 V) m\u0171k\u00f6dik, mint a szabv\u00e1nyos DDR3 modulok, ami cs\u00f6kkenti az energiafogyaszt\u00e1st \u00e9s a h\u0151termel\u00e9st.<\/p>\n<p>A mem\u00f3ria 1600 MHz-es (vagy 1,6 GHz-es) \u00f3rajelen m\u0171k\u00f6dik, ami meghat\u00e1rozza, hogy milyen sebess\u00e9ggel lehet adatokat olvasni vagy \u00edrni a modulb\u00f3l. A magasabb \u00f3rajel gyorsabb adat\u00e1tvitelt \u00e9s jobb rendszer reag\u00e1l\u00e1st jelent.<\/p>\n<p>A PC3L 12800S specifik\u00e1ci\u00f3ja azt jelzi, hogy a RAM-modul megfelel a PC3L-12800 szabv\u00e1nynak, amely egyen\u00e9rt\u00e9k\u0171 a DDR3-1600-zal. Az &#8222;S&#8221; a Small Outline Dual Inline Memory Module (SODIMM) r\u00f6vid\u00edt\u00e9se, amely kifejezetten laptopokhoz \u00e9s kism\u00e9ret\u0171 rendszerekhez k\u00e9sz\u00fclt. A modul 204 t\u0171vel rendelkezik, ami a SODIMM-ek szabv\u00e1nyos t\u0171sz\u00e1ma.<\/p>\n<p>Az 1Rx8 jel\u00f6l\u00e9s azt jelzi, hogy a modulnak egyetlen rangja van, \u00e9s nyolc mem\u00f3riachipet haszn\u00e1l a modul egyik oldal\u00e1n. Ez a konfigur\u00e1ci\u00f3 hat\u00e9kony adathozz\u00e1f\u00e9r\u00e9st \u00e9s jobb mem\u00f3riateljes\u00edtm\u00e9nyt tesz lehet\u0151v\u00e9.<\/p>\n<p>\u00d6sszess\u00e9g\u00e9ben elmondhat\u00f3, hogy a 4 GB-os DDR3L 1600 MHz-es laptop RAM PC3L 12800S 1Rx8 mem\u00f3ria 204 Pin SODIMM egy megb\u00edzhat\u00f3 \u00e9s energiahat\u00e9kony mem\u00f3riamodul, amely n\u00f6velheti laptopja teljes\u00edtm\u00e9ny\u00e9t \u00e9s v\u00e1laszk\u00e9szs\u00e9g\u00e9t, \u00edgy alkalmass\u00e1 teszi a mindennapi sz\u00e1m\u00edt\u00e1stechnikai feladatokra, a k\u00f6nny\u0171 t\u00f6bbfeladatos b\u00f6ng\u00e9sz\u00e9sre, valamint.<\/p>\n","protected":false},"excerpt":{"rendered":"<p>A 4 GB-os DDR3L 1600 MHz-es laptop RAM PC3L 12800S 1Rx8 mem\u00f3ria 204 Pin SODIMM egy nagy teljes\u00edtm\u00e9ny\u0171 mem\u00f3riamodul, amelyet kifejezetten laptopokhoz terveztek. 4 GB-os kapacit\u00e1st k\u00edn\u00e1l, amely elegend\u0151 a legt\u00f6bb mindennapi sz\u00e1m\u00edt\u00e1stechnikai feladathoz \u00e9s a k\u00f6nny\u0171 t\u00f6bbfeladatos munkav\u00e9gz\u00e9shez.<\/p>\n","protected":false},"featured_media":545,"template":"","meta":[],"product_brand":[],"product_cat":[37,36],"product_tag":[],"class_list":{"0":"post-485","1":"product","2":"type-product","3":"status-publish","4":"has-post-thumbnail","6":"product_cat-ddr3-ddr3l","7":"product_cat-ram-memory","9":"first","10":"instock","11":"taxable","12":"shipping-taxable","13":"purchasable","14":"product-type-simple"},"_links":{"self":[{"href":"https:\/\/boreait.com\/hu\/wp-json\/wp\/v2\/product\/485","targetHints":{"allow":["GET"]}}],"collection":[{"href":"https:\/\/boreait.com\/hu\/wp-json\/wp\/v2\/product"}],"about":[{"href":"https:\/\/boreait.com\/hu\/wp-json\/wp\/v2\/types\/product"}],"wp:featuredmedia":[{"embeddable":true,"href":"https:\/\/boreait.com\/hu\/wp-json\/wp\/v2\/media\/545"}],"wp:attachment":[{"href":"https:\/\/boreait.com\/hu\/wp-json\/wp\/v2\/media?parent=485"}],"wp:term":[{"taxonomy":"product_brand","embeddable":true,"href":"https:\/\/boreait.com\/hu\/wp-json\/wp\/v2\/product_brand?post=485"},{"taxonomy":"product_cat","embeddable":true,"href":"https:\/\/boreait.com\/hu\/wp-json\/wp\/v2\/product_cat?post=485"},{"taxonomy":"product_tag","embeddable":true,"href":"https:\/\/boreait.com\/hu\/wp-json\/wp\/v2\/product_tag?post=485"}],"curies":[{"name":"wp","href":"https:\/\/api.w.org\/{rel}","templated":true}]}}