{"id":4849,"date":"2025-09-17T11:06:12","date_gmt":"2025-09-17T09:06:12","guid":{"rendered":"https:\/\/boreait.com\/hu\/?post_type=product&#038;p=4849"},"modified":"2025-09-17T11:06:56","modified_gmt":"2025-09-17T09:06:56","slug":"dell-latitude-e6410-e6510-atg-laptop-meghajto-cg4r9","status":"publish","type":"product","link":"https:\/\/boreait.com\/hu\/termek\/dell-latitude-e6410-e6510-atg-laptop-meghajto-cg4r9\/","title":{"rendered":"Dell Latitude E6410 E6510 ATG laptop meghajt\u00f3 CG4R9"},"content":{"rendered":"<p>Keltse \u00fajra \u00e9letre Dell Latitude E6410, E6510 vagy E6410 ATG laptopj\u00e1t a Dell CG4R9 meghajt\u00f3val. Ezt az el\u0151lap n\u00e9lk\u00fcli meghajt\u00f3t alaposan tesztelt\u00e9k.<\/p>\n<p>Kifejezetten a Dell Latitude modellekhez tervezett meghajt\u00f3 megb\u00edzhat\u00f3 csere, amely biztos\u00edtja, hogy laptopja a lehet\u0151 legjobban m\u0171k\u00f6dj\u00f6n. T\u00f6k\u00e9letesen illeszkedik azok sz\u00e1m\u00e1ra, akik egy tesztelt \u00e9s megb\u00edzhat\u00f3 meghajt\u00f3t keresnek, amely megb\u00edzhat\u00f3s\u00e1got \u00e9s teljes\u00edtm\u00e9nyt is \u00edg\u00e9r.<\/p>\n<p>F\u0151bb jellemz\u0151k:<\/p>\n<ul>\n<li>Kompatibilis a Dell Latitude E6410, E6510, E6410 ATG laptopokkal<\/li>\n<li>A meghajt\u00f3 nem tartalmaz el\u0151lapot<\/li>\n<\/ul>\n<p>Ezen a Dell Latitude E6410 E6510 ATG CG4R9 laptopmeghajt\u00f3 adatlapj\u00e1n val\u00f3s f\u00e9nyk\u00e9pek tal\u00e1lhat\u00f3k a term\u00e9kr\u0151l. K\u00e9rj\u00fck, vegye figyelembe, hogy a csomag nem tartalmaz telep\u00edt\u00e9si utas\u00edt\u00e1st. Ha tov\u00e1bbi r\u00e9szletekre van sz\u00fcks\u00e9ge, vagy k\u00e9rd\u00e9se van, forduljon hozz\u00e1nk bizalommal. Ezzel a tesztelt \u00e9s megb\u00edzhat\u00f3 meghajt\u00f3val \u00fajra z\u00f6kken\u0151mentesen m\u0171k\u00f6dhet Dell laptopja.<\/p>\n","protected":false},"excerpt":{"rendered":"<p>Helyezze \u00fajra m\u0171k\u00f6d\u00e9sbe Dell Latitude E6410, E6510 vagy E6410 ATG laptopj\u00e1t a Dell CG4R9 meghajt\u00f3val. Ez a meghajt\u00f3 ide\u00e1lis csere el\u0151lap n\u00e9lk\u00fcl. Keltse \u00faj \u00e9letre k\u00e9sz\u00fcl\u00e9k\u00e9t egy megb\u00edzhat\u00f3 \u00e9s tesztelt meghajt\u00f3val, amely biztos\u00edtja laptopja megb\u00edzhat\u00f3s\u00e1g\u00e1t \u00e9s teljes\u00edtm\u00e9ny\u00e9t.<\/p>\n","protected":false},"featured_media":4889,"template":"","meta":[],"product_brand":[],"product_cat":[27],"product_tag":[17],"class_list":{"0":"post-4849","1":"product","2":"type-product","3":"status-publish","4":"has-post-thumbnail","6":"product_cat-motherboards-board-parts","7":"product_tag-dell","9":"first","10":"instock","11":"taxable","12":"shipping-taxable","13":"purchasable","14":"product-type-simple"},"_links":{"self":[{"href":"https:\/\/boreait.com\/hu\/wp-json\/wp\/v2\/product\/4849","targetHints":{"allow":["GET"]}}],"collection":[{"href":"https:\/\/boreait.com\/hu\/wp-json\/wp\/v2\/product"}],"about":[{"href":"https:\/\/boreait.com\/hu\/wp-json\/wp\/v2\/types\/product"}],"wp:featuredmedia":[{"embeddable":true,"href":"https:\/\/boreait.com\/hu\/wp-json\/wp\/v2\/media\/4889"}],"wp:attachment":[{"href":"https:\/\/boreait.com\/hu\/wp-json\/wp\/v2\/media?parent=4849"}],"wp:term":[{"taxonomy":"product_brand","embeddable":true,"href":"https:\/\/boreait.com\/hu\/wp-json\/wp\/v2\/product_brand?post=4849"},{"taxonomy":"product_cat","embeddable":true,"href":"https:\/\/boreait.com\/hu\/wp-json\/wp\/v2\/product_cat?post=4849"},{"taxonomy":"product_tag","embeddable":true,"href":"https:\/\/boreait.com\/hu\/wp-json\/wp\/v2\/product_tag?post=4849"}],"curies":[{"name":"wp","href":"https:\/\/api.w.org\/{rel}","templated":true}]}}