{"id":4846,"date":"2025-09-17T11:06:11","date_gmt":"2025-09-17T09:06:11","guid":{"rendered":"https:\/\/boreait.com\/hu\/?post_type=product&#038;p=4846"},"modified":"2025-09-17T11:06:52","modified_gmt":"2025-09-17T09:06:52","slug":"611895-001-kabel-pro-elite-3x-sata-hp-compaq-8000-6000-y-6005-pro-elite-sorozathoz","status":"publish","type":"product","link":"https:\/\/boreait.com\/hu\/termek\/611895-001-kabel-pro-elite-3x-sata-hp-compaq-8000-6000-y-6005-pro-elite-sorozathoz\/","title":{"rendered":"611895-001 k\u00e1bel Pro Elite 3X SATA HP Compaq 8000, 6000 y 6005 Pro Elite sorozathoz"},"content":{"rendered":"<p>A 611895-001 k\u00e1bel a Pro Elite 3X SATA-hoz z\u00f6kken\u0151mentes kompatibilit\u00e1st biztos\u00edt a HP Compaq 8000, 6000 \u00e9s 6005 Pro Elite sorozat\u00fa asztali rendszerekkel. Ez a k\u00e1bel lehet\u0151v\u00e9 teszi a SATA-eszk\u00f6z\u00f6k csatlakoztat\u00e1s\u00e1t, hat\u00e9kony adat\u00e1tvitelt \u00e9s kiv\u00e1l\u00f3 teljes\u00edtm\u00e9nyt k\u00edn\u00e1lva.<\/p>\n<p>Kompatibilit\u00e1s: HP Compaq 8000, 6000 \u00e9s 6005 Pro Elite sorozat cikksz\u00e1ma: 611895-001<\/p>\n<p>Ezzel a k\u00e1bellel z\u00f6kken\u0151mentes adat\u00e1tvitelt \u00e9s csatlakoz\u00e1st biztos\u00edthat asztali rendszer\u00e9hez. F\u00fcggetlen\u00fcl att\u00f3l, hogy k\u00e1belt kell cser\u00e9lnie, vagy b\u0151v\u00edtenie kell rendszere k\u00e9pess\u00e9geit, ez a HP-kompatibilis k\u00e1bel megfelel a csatlakoz\u00e1si \u00e9s megb\u00edzhat\u00f3 teljes\u00edtm\u00e9ny ir\u00e1nti ig\u00e9nyeknek.<\/p>\n<p>K\u00e9rj\u00fck, vegye figyelembe, hogy ezen a list\u00e1n a 611895-001 k\u00e1bel Pro Elite 3X SATA-hoz val\u00f3s term\u00e9kk\u00e9pei l\u00e1that\u00f3k. Ha tov\u00e1bbi inform\u00e1ci\u00f3ra van sz\u00fcks\u00e9ge, vagy k\u00e9rd\u00e9se van, forduljon hozz\u00e1nk bizalommal. N\u00f6velje HP Compaq asztali sz\u00e1m\u00edt\u00f3g\u00e9pe csatlakoztathat\u00f3s\u00e1g\u00e1t ezzel a megb\u00edzhat\u00f3, kompatibilis k\u00e1bellel.<\/p>\n","protected":false},"excerpt":{"rendered":"<p>N\u00f6velje HP Compaq 8000, 6000 \u00e9s 6005 Pro Elite Series csatlakoztathat\u00f3s\u00e1g\u00e1t a 611895-001 k\u00e1bellel a Pro Elite 3X SATA-hoz. Ez a k\u00e1bel biztos\u00edtja a hat\u00e9kony adat\u00e1tvitelt \u00e9s a rendszerrel val\u00f3 kompatibilit\u00e1st. T\u00f6k\u00e9letes a megl\u00e9v\u0151 k\u00e1bel friss\u00edt\u00e9s\u00e9hez vagy cser\u00e9j\u00e9hez, hogy fenntartsa az asztali rendszer optim\u00e1lis teljes\u00edtm\u00e9ny\u00e9t.<\/p>\n","protected":false},"featured_media":4886,"template":"","meta":[],"product_brand":[],"product_cat":[20],"product_tag":[25],"class_list":{"0":"post-4846","1":"product","2":"type-product","3":"status-publish","4":"has-post-thumbnail","6":"product_cat-cables","7":"product_tag-hp","9":"first","10":"instock","11":"taxable","12":"shipping-taxable","13":"purchasable","14":"product-type-simple"},"_links":{"self":[{"href":"https:\/\/boreait.com\/hu\/wp-json\/wp\/v2\/product\/4846","targetHints":{"allow":["GET"]}}],"collection":[{"href":"https:\/\/boreait.com\/hu\/wp-json\/wp\/v2\/product"}],"about":[{"href":"https:\/\/boreait.com\/hu\/wp-json\/wp\/v2\/types\/product"}],"wp:featuredmedia":[{"embeddable":true,"href":"https:\/\/boreait.com\/hu\/wp-json\/wp\/v2\/media\/4886"}],"wp:attachment":[{"href":"https:\/\/boreait.com\/hu\/wp-json\/wp\/v2\/media?parent=4846"}],"wp:term":[{"taxonomy":"product_brand","embeddable":true,"href":"https:\/\/boreait.com\/hu\/wp-json\/wp\/v2\/product_brand?post=4846"},{"taxonomy":"product_cat","embeddable":true,"href":"https:\/\/boreait.com\/hu\/wp-json\/wp\/v2\/product_cat?post=4846"},{"taxonomy":"product_tag","embeddable":true,"href":"https:\/\/boreait.com\/hu\/wp-json\/wp\/v2\/product_tag?post=4846"}],"curies":[{"name":"wp","href":"https:\/\/api.w.org\/{rel}","templated":true}]}}