{"id":484,"date":"2025-09-17T09:27:19","date_gmt":"2025-09-17T07:27:19","guid":{"rendered":"https:\/\/boreait.com\/hu\/?post_type=product&#038;p=484"},"modified":"2025-09-17T09:27:45","modified_gmt":"2025-09-17T07:27:45","slug":"intel-core-i5-3470-processzor-6m-gyorsitotar-akar-360-ghz-sr0t8","status":"publish","type":"product","link":"https:\/\/boreait.com\/hu\/termek\/intel-core-i5-3470-processzor-6m-gyorsitotar-akar-360-ghz-sr0t8\/","title":{"rendered":"Intel\u00ae Core\u2122 i5-3470 processzor 6M gyors\u00edt\u00f3t\u00e1r, ak\u00e1r 3,60 GHz SR0T8"},"content":{"rendered":"<p>A 6 MB-os gyors\u00edt\u00f3t\u00e1rral rendelkez\u0151 Intel\u00ae Core\u2122 i5-3470 SR0T8 processzor vill\u00e1mgyors adathozz\u00e1f\u00e9r\u00e9st biztos\u00edt, lehet\u0151v\u00e9 t\u00e9ve az inform\u00e1ci\u00f3k figyelemrem\u00e9lt\u00f3 sebess\u00e9g\u0171 lek\u00e9r\u00e9s\u00e9t \u00e9s feldolgoz\u00e1s\u00e1t. Ak\u00e1r t\u00f6bb alkalmaz\u00e1s k\u00f6z\u00f6tt dolgozik, ak\u00e1r er\u0151forr\u00e1s-ig\u00e9nyes programokat futtat, ez a processzor z\u00f6kken\u0151mentes m\u0171k\u00f6d\u00e9st biztos\u00edt a teljes\u00edtm\u00e9ny cs\u00f6kken\u00e9se n\u00e9lk\u00fcl.<\/p>\n<p>Az ak\u00e1r 3,20 GHz-es alap \u00f3rajellel az Intel\u00ae Core\u2122 i5-3470 processzor gyors \u00e9s \u00e9rz\u00e9keny teljes\u00edtm\u00e9nyt ny\u00fajt, \u00e9s k\u00f6nnyed\u00e9n kezeli a mindennapi sz\u00e1m\u00edt\u00e1stechnikai feladatait. Extra l\u00f6k\u00e9sre van sz\u00fcks\u00e9ge? Az Intel\u00ae Turbo Boost technol\u00f3gi\u00e1nak k\u00f6sz\u00f6nhet\u0151en a processzor dinamikusan 3,60 GHz-re n\u00f6velheti \u00f3rajel\u00e9t, \u00edgy kiv\u00e9teles teljes\u00edtm\u00e9nyt ny\u00fajt, amikor a legnagyobb sz\u00fcks\u00e9g van r\u00e1.<\/p>\n<p>Az Intel fejlett architekt\u00far\u00e1j\u00e1ra \u00e9p\u00fcl\u0151 processzor fokozott energiahat\u00e9konys\u00e1got k\u00edn\u00e1l, optim\u00e1lis teljes\u00edtm\u00e9nyt biztos\u00edtva az energiafogyaszt\u00e1s minimaliz\u00e1l\u00e1sa mellett. Ez azt jelenti, hogy \u00e9lvezheti a nagy sebess\u00e9g\u0171 sz\u00e1m\u00edt\u00e1stechnika el\u0151nyeit an\u00e9lk\u00fcl, hogy agg\u00f3dnia kellene a t\u00falzott energiafogyaszt\u00e1s vagy h\u0151termel\u00e9s miatt.<\/p>\n<p>Az Intel\u00ae Core\u2122 i5-3470 processzor rendk\u00edv\u00fcl sokoldal\u00fa, \u00e9s sz\u00e1mos eszk\u00f6zzel \u00e9s rendszerrel kompatibilis. Ak\u00e1r asztali sz\u00e1m\u00edt\u00f3g\u00e9pet \u00e9p\u00edt, ak\u00e1r megl\u00e9v\u0151 rendszer\u00e9t friss\u00edti, ez a processzor biztos\u00edtja a sz\u00fcks\u00e9ges rugalmass\u00e1got. T\u00e1mogatja a k\u00fcl\u00f6nb\u00f6z\u0151 foglalatt\u00edpusokat, \u00e9s kompatibilis mind a Windows, mind a macOS oper\u00e1ci\u00f3s rendszerekkel, biztos\u00edtva a z\u00f6kken\u0151mentes integr\u00e1ci\u00f3t a k\u00edv\u00e1nt k\u00f6rnyezetbe.<\/p>\n<p>Ak\u00e1r professzion\u00e1lis, aki megb\u00edzhat\u00f3 teljes\u00edtm\u00e9nyre v\u00e1gyik az ig\u00e9nyes feladatokhoz, vagy egy h\u00e9tk\u00f6znapi felhaszn\u00e1l\u00f3, aki jav\u00edtani szeretn\u00e9 a sz\u00e1m\u00edt\u00e1si \u00e9lm\u00e9nyt, az Intel\u00ae Core\u2122 i5-3470 processzor kiv\u00e1l\u00f3 v\u00e1laszt\u00e1s. Tapasztalja meg a kiv\u00e9teles sebess\u00e9get, hat\u00e9konys\u00e1got \u00e9s reakci\u00f3k\u00e9szs\u00e9get ezzel a figyelemre m\u00e9lt\u00f3 processzorral, \u00e9s emelje sz\u00e1m\u00edt\u00e1si k\u00e9pess\u00e9geit a k\u00f6vetkez\u0151 szintre.<\/p>\n","protected":false},"excerpt":{"rendered":"<p>Bemutatjuk az Intel\u00ae Core\u2122 i5-3470 processzort, egy nagy teljes\u00edtm\u00e9ny\u0171 sz\u00e1m\u00edt\u00e1stechnikai megold\u00e1st, amelyet arra terveztek, hogy teljes\u00edtm\u00e9ny\u00e9t \u00e9s termel\u00e9kenys\u00e9g\u00e9t \u00faj magass\u00e1gokba emelje. Leny\u0171g\u00f6z\u0151 funkci\u00f3ival \u00e9s \u00e9lvonalbeli technol\u00f3gi\u00e1j\u00e1val ez a processzor z\u00f6kken\u0151mentes \u00e9s hat\u00e9kony sz\u00e1m\u00edt\u00e1stechnikai \u00e9lm\u00e9nyt ny\u00fajt.<\/p>\n","protected":false},"featured_media":544,"template":"","meta":[],"product_brand":[],"product_cat":[39],"product_tag":[],"class_list":{"0":"post-484","1":"product","2":"type-product","3":"status-publish","4":"has-post-thumbnail","6":"product_cat-processors-cpu","8":"first","9":"instock","10":"taxable","11":"shipping-taxable","12":"purchasable","13":"product-type-simple"},"_links":{"self":[{"href":"https:\/\/boreait.com\/hu\/wp-json\/wp\/v2\/product\/484","targetHints":{"allow":["GET"]}}],"collection":[{"href":"https:\/\/boreait.com\/hu\/wp-json\/wp\/v2\/product"}],"about":[{"href":"https:\/\/boreait.com\/hu\/wp-json\/wp\/v2\/types\/product"}],"wp:featuredmedia":[{"embeddable":true,"href":"https:\/\/boreait.com\/hu\/wp-json\/wp\/v2\/media\/544"}],"wp:attachment":[{"href":"https:\/\/boreait.com\/hu\/wp-json\/wp\/v2\/media?parent=484"}],"wp:term":[{"taxonomy":"product_brand","embeddable":true,"href":"https:\/\/boreait.com\/hu\/wp-json\/wp\/v2\/product_brand?post=484"},{"taxonomy":"product_cat","embeddable":true,"href":"https:\/\/boreait.com\/hu\/wp-json\/wp\/v2\/product_cat?post=484"},{"taxonomy":"product_tag","embeddable":true,"href":"https:\/\/boreait.com\/hu\/wp-json\/wp\/v2\/product_tag?post=484"}],"curies":[{"name":"wp","href":"https:\/\/api.w.org\/{rel}","templated":true}]}}