{"id":4832,"date":"2025-09-17T11:05:47","date_gmt":"2025-09-17T09:05:47","guid":{"rendered":"https:\/\/boreait.com\/hu\/?post_type=product&#038;p=4832"},"modified":"2025-09-17T11:06:50","modified_gmt":"2025-09-17T09:06:50","slug":"2016-2017-vegi-a1708-13-macbook-pro-ezust-also-borito-a-kategorias-allapot","status":"publish","type":"product","link":"https:\/\/boreait.com\/hu\/termek\/2016-2017-vegi-a1708-13-macbook-pro-ezust-also-borito-a-kategorias-allapot\/","title":{"rendered":"2016\/2017 v\u00e9gi A1708 13&#8243; MacBook Pro ez\u00fcst als\u00f3 bor\u00edt\u00f3 \u2013 A kateg\u00f3ri\u00e1s \u00e1llapot!"},"content":{"rendered":"<p>Revitaliz\u00e1lja 2016\/2017 v\u00e9gi A1708 13&#8243;-es MacBook Pro-j\u00e1t ezzel az A oszt\u00e1ly\u00fa ez\u00fcst als\u00f3 bor\u00edt\u00f3val. Az eredeti specifik\u00e1ci\u00f3knak megfelel\u0151en kialak\u00edtott bor\u00edt\u00f3 hib\u00e1tlan cserealkatr\u00e9sz a MacBook Pro-hoz.<\/p>\n<p>F\u0151bb r\u00e9szletek:<\/p>\n<ul>\n<li>Kompatibilit\u00e1s: 2016\/2017 v\u00e9ge A1708 13&#8243; MacBook Pro<\/li>\n<li>Sz\u00edn: ez\u00fcst<\/li>\n<li>\u00c1llapot: az adatlapon szerepl\u0151 fot\u00f3n l\u00e1that\u00f3!<\/li>\n<\/ul>\n<p>K\u00e9rj\u00fck, vegye figyelembe, hogy ez a lista kifejezetten az als\u00f3 bor\u00edt\u00f3hoz k\u00e9sz\u00fclt, \u00e9s nem tartalmaz tov\u00e1bbi \u00f6sszetev\u0151ket. Ide\u00e1lis megold\u00e1s azoknak, akik szeretn\u00e9k vissza\u00e1ll\u00edtani vagy friss\u00edteni MacBook Pro-jukat. Az A kateg\u00f3ri\u00e1s \u00e1llapot biztos\u00edtja, hogy a huzat kiv\u00e1l\u00f3 min\u0151s\u00e9g\u0171, minim\u00e1lis kop\u00e1snyomokkal.<\/p>\n<p>Ezen a list\u00e1n a 2016\/2017 v\u00e9g\u00e9n k\u00e9sz\u00fclt A1708 13&#8243;-es MacBook Pro ez\u00fcst als\u00f3 bor\u00edt\u00f3j\u00e1nak val\u00f3s fot\u00f3i l\u00e1that\u00f3k. K\u00e9rj\u00fck, vegye figyelembe, hogy a csomag nem tartalmaz telep\u00edt\u00e9si utas\u00edt\u00e1sokat. Ha k\u00e9rd\u00e9se van, vagy tov\u00e1bbi seg\u00edts\u00e9gre van sz\u00fcks\u00e9ge, forduljon hozz\u00e1nk bizalommal. \u00daj\u00edtsa meg MacBook Pro megjelen\u00e9s\u00e9t, \u00e9s \u0151rizze meg karcs\u00fa, professzion\u00e1lis megjelen\u00e9s\u00e9t ezzel a Grade A Cover A Silver B-vel.<\/p>\n","protected":false},"excerpt":{"rendered":"<p>T\u00f6k\u00e9letes\u00edtse 2016\/2017 v\u00e9gi A1708 13&#8243;-es MacBook Pro-j\u00e1t ezzel az A oszt\u00e1ly\u00fa ez\u00fcst als\u00f3 bor\u00edt\u00f3val. T\u00f6k\u00e9letes a s\u00e9r\u00fclt vagy elhaszn\u00e1l\u00f3dott bor\u00edt\u00e1s cser\u00e9j\u00e9hez, ez a kiv\u00e1l\u00f3 min\u0151s\u00e9g\u0171 cserealkatr\u00e9sz visszaadja MacBook Proj\u00e1nak eleg\u00e1ns megjelen\u00e9s\u00e9t. Megjegyz\u00e9s: Ez a lista csak az als\u00f3 bor\u00edt\u00f3ra vonatkozik. Tapasztalja meg a legjobb min\u0151s\u00e9g\u0171 MacBookokat.<\/p>\n","protected":false},"featured_media":4885,"template":"","meta":[],"product_brand":[],"product_cat":[16],"product_tag":[63],"class_list":{"0":"post-4832","1":"product","2":"type-product","3":"status-publish","4":"has-post-thumbnail","6":"product_cat-laptop-housing","7":"product_tag-apple","9":"first","10":"instock","11":"taxable","12":"shipping-taxable","13":"purchasable","14":"product-type-simple"},"_links":{"self":[{"href":"https:\/\/boreait.com\/hu\/wp-json\/wp\/v2\/product\/4832","targetHints":{"allow":["GET"]}}],"collection":[{"href":"https:\/\/boreait.com\/hu\/wp-json\/wp\/v2\/product"}],"about":[{"href":"https:\/\/boreait.com\/hu\/wp-json\/wp\/v2\/types\/product"}],"wp:featuredmedia":[{"embeddable":true,"href":"https:\/\/boreait.com\/hu\/wp-json\/wp\/v2\/media\/4885"}],"wp:attachment":[{"href":"https:\/\/boreait.com\/hu\/wp-json\/wp\/v2\/media?parent=4832"}],"wp:term":[{"taxonomy":"product_brand","embeddable":true,"href":"https:\/\/boreait.com\/hu\/wp-json\/wp\/v2\/product_brand?post=4832"},{"taxonomy":"product_cat","embeddable":true,"href":"https:\/\/boreait.com\/hu\/wp-json\/wp\/v2\/product_cat?post=4832"},{"taxonomy":"product_tag","embeddable":true,"href":"https:\/\/boreait.com\/hu\/wp-json\/wp\/v2\/product_tag?post=4832"}],"curies":[{"name":"wp","href":"https:\/\/api.w.org\/{rel}","templated":true}]}}