{"id":4830,"date":"2025-09-17T11:05:46","date_gmt":"2025-09-17T09:05:46","guid":{"rendered":"https:\/\/boreait.com\/hu\/?post_type=product&#038;p=4830"},"modified":"2025-09-17T11:06:45","modified_gmt":"2025-09-17T09:06:45","slug":"apple-macbook-pro-13-a1708-2016-vege-2017-kozepe-a2159-2019-cpu-hutoventilatorok","status":"publish","type":"product","link":"https:\/\/boreait.com\/hu\/termek\/apple-macbook-pro-13-a1708-2016-vege-2017-kozepe-a2159-2019-cpu-hutoventilatorok\/","title":{"rendered":"Apple MacBook Pro 13&#8243; A1708 2016 v\u00e9ge, 2017 k\u00f6zepe, A2159 2019 CPU h\u0171t\u0151ventil\u00e1torok"},"content":{"rendered":"<p>A SUNON MG70050V1-C150-S9A \u00e9s MG70050v1-160-S9A h\u0171t\u0151ventil\u00e1torok \u00e1tfog\u00f3 h\u0171t\u00e9si megold\u00e1st k\u00edn\u00e1lnak laptopja sz\u00e1m\u00e1ra. Ezeket az 5 V-os csupasz bal oldali ventil\u00e1torokat \u00fagy tervezt\u00e9k, hogy hat\u00e9konyan oszlatj\u00e1k el a h\u0151t, megakad\u00e1lyozz\u00e1k a t\u00falmeleged\u00e9st, \u00e9s biztos\u00edts\u00e1k a laptop egyenletes \u00e9s megb\u00edzhat\u00f3 teljes\u00edtm\u00e9ny\u00e9t.<\/p>\n<p>F\u0151bb jellemz\u0151k:<\/p>\n<ul>\n<li>Modell: SUNON MG70050V1-C150-S9A &amp; MG70050v1-160-S9A<\/li>\n<li>H\u0171t\u00e9s: 2 ventil\u00e1toros rendszer<\/li>\n<li>Fesz\u00fclts\u00e9g: 5V<\/li>\n<li>Elhelyez\u00e9s: \u00fcresen balra<\/li>\n<\/ul>\n<p>Ezeket a ventil\u00e1torokat \u00fagy tervezt\u00e9k, hogy fenntarts\u00e1k az optim\u00e1lis h\u0151m\u00e9rs\u00e9kletet, \u00edgy stabil \u00e9s hat\u00e9kony m\u0171k\u00f6d\u00e9si k\u00f6rnyezetet biztos\u00edtanak laptopja sz\u00e1m\u00e1ra. Legyen sz\u00f3 j\u00e1t\u00e9kr\u00f3l, munk\u00e1r\u00f3l vagy egyszer\u0171en csak b\u00f6ng\u00e9sz\u00e9sr\u0151l, ezek a h\u0171t\u0151ventil\u00e1torok gondoskodnak arr\u00f3l, hogy laptopja alkatr\u00e9szei v\u00e9dve legyenek a h\u0151 okozta k\u00e1rokt\u00f3l.<\/p>\n<p>K\u00e9rj\u00fck, vegye figyelembe, hogy a lista val\u00f3di f\u00e9nyk\u00e9peket tartalmaz a SUNON MG70050V1-C150-S9A \u00e9s MG70050v1-160-S9A h\u0171t\u0151ventil\u00e1torokr\u00f3l. Nincsenek telep\u00edt\u00e9si utas\u00edt\u00e1sok. B\u00e1rmilyen k\u00e9rd\u00e9ssel vagy tov\u00e1bbi inform\u00e1ci\u00f3val kapcsolatban forduljon hozz\u00e1nk bizalommal. Ezekkel a SUNON h\u0171t\u0151ventil\u00e1torokkal tartsa h\u0171v\u00f6sen laptopj\u00e1t, \u00e9s a legjobb teljes\u00edtm\u00e9nyt ny\u00fajtja.<\/p>\n","protected":false},"excerpt":{"rendered":"<p>Fokozza laptopja h\u0171t\u00e9s\u00e9t a SUNON MG70050V1-C150-S9A \u00e9s MG70050v1-160-S9A h\u0171t\u0151ventil\u00e1torokkal. Ez az 5 V-os csupasz bal oldali h\u0171t\u0151rendszer hat\u00e9kony h\u0151elvezet\u00e9st biztos\u00edt, meg\u0151rzi laptopja optim\u00e1lis teljes\u00edtm\u00e9ny\u00e9t. Tartsa a k\u00e9sz\u00fcl\u00e9k z\u00f6kken\u0151mentes m\u0171k\u00f6d\u00e9s\u00e9t, \u00e9s megakad\u00e1lyozza a t\u00falmeleged\u00e9st, \u00edgy biztos\u00edtva a hosszabb \u00e9lettartamot \u00e9s a megb\u00edzhat\u00f3s\u00e1got.<\/p>\n","protected":false},"featured_media":4881,"template":"","meta":[],"product_brand":[],"product_cat":[33],"product_tag":[63],"class_list":{"0":"post-4830","1":"product","2":"type-product","3":"status-publish","4":"has-post-thumbnail","6":"product_cat-cpu-fans-heatsinks","7":"product_tag-apple","9":"first","10":"instock","11":"taxable","12":"shipping-taxable","13":"purchasable","14":"product-type-simple"},"_links":{"self":[{"href":"https:\/\/boreait.com\/hu\/wp-json\/wp\/v2\/product\/4830","targetHints":{"allow":["GET"]}}],"collection":[{"href":"https:\/\/boreait.com\/hu\/wp-json\/wp\/v2\/product"}],"about":[{"href":"https:\/\/boreait.com\/hu\/wp-json\/wp\/v2\/types\/product"}],"wp:featuredmedia":[{"embeddable":true,"href":"https:\/\/boreait.com\/hu\/wp-json\/wp\/v2\/media\/4881"}],"wp:attachment":[{"href":"https:\/\/boreait.com\/hu\/wp-json\/wp\/v2\/media?parent=4830"}],"wp:term":[{"taxonomy":"product_brand","embeddable":true,"href":"https:\/\/boreait.com\/hu\/wp-json\/wp\/v2\/product_brand?post=4830"},{"taxonomy":"product_cat","embeddable":true,"href":"https:\/\/boreait.com\/hu\/wp-json\/wp\/v2\/product_cat?post=4830"},{"taxonomy":"product_tag","embeddable":true,"href":"https:\/\/boreait.com\/hu\/wp-json\/wp\/v2\/product_tag?post=4830"}],"curies":[{"name":"wp","href":"https:\/\/api.w.org\/{rel}","templated":true}]}}