{"id":483,"date":"2025-09-17T09:27:19","date_gmt":"2025-09-17T07:27:19","guid":{"rendered":"https:\/\/boreait.com\/hu\/?post_type=product&#038;p=483"},"modified":"2026-01-14T08:34:11","modified_gmt":"2026-01-14T07:34:11","slug":"intel-core-i5-4460-sr1qk","status":"publish","type":"product","link":"https:\/\/boreait.com\/hu\/termek\/intel-core-i5-4460-sr1qk\/","title":{"rendered":"Intel\u00ae Core\u2122 i5-4460 SR1QK"},"content":{"rendered":"<p>A jelent\u0151s, 6 MB gyors\u00edt\u00f3t\u00e1rral felszerelt Core\u2122 i5-4460 SR1QK processzor vill\u00e1mgyors v\u00e1laszk\u00e9szs\u00e9get \u00e9s z\u00f6kken\u0151mentes t\u00f6bbfeladatos munkav\u00e9gz\u00e9st biztos\u00edt. Nem sz\u00e1m\u00edt, mennyire megterhel\u0151ek a feladatai, ez a processzor k\u00f6nnyed\u00e9n megbirk\u00f3zik vel\u00fck, sima \u00e9s hat\u00e9kony teljes\u00edtm\u00e9nyt ny\u00fajtva.<\/p>\n<p>Az ak\u00e1r 3,40 GHz-et is el\u00e9r\u0151 \u00f3rajellel a Core\u2122 i5-4460 processzor hihetetlen feldolgoz\u00e1si teljes\u00edtm\u00e9nyt k\u00edn\u00e1l. F\u00fcggetlen\u00fcl att\u00f3l, hogy er\u0151forr\u00e1sig\u00e9nyes alkalmaz\u00e1sokat futtat, nagy felbont\u00e1s\u00fa multim\u00e9di\u00e1t szerkeszt, vagy a leg\u00fajabb j\u00e1t\u00e9kokkal j\u00e1tszik, ez a processzor kiv\u00e9teles sebess\u00e9get \u00e9s reakci\u00f3k\u00e9szs\u00e9get biztos\u00edt, z\u00f6kken\u0151mentes sz\u00e1m\u00edt\u00e1stechnikai \u00e9lm\u00e9nyt biztos\u00edtva.<\/p>\n<p>Az Intel\u00ae Core\u2122 i5-4460 processzor fejlett Intel\u00ae Turbo Boost technol\u00f3gi\u00e1val is b\u00fcszk\u00e9lkedhet, amely dinamikusan n\u00f6veli az \u00f3rajelet a munkaterhel\u00e9snek megfelel\u0151en. Ez azt jelenti, hogy amikor extra teljes\u00edtm\u00e9nyre van sz\u00fcks\u00e9ge, a processzor automatikusan be\u00e1ll\u00edtja a frekvenci\u00e1j\u00e1t, jelent\u0151s teljes\u00edtm\u00e9nyn\u00f6veked\u00e9st biztos\u00edtva minden k\u00e9zi beavatkoz\u00e1s n\u00e9lk\u00fcl.<\/p>\n<p>Az Intel \u00e9lvonalbeli architekt\u00far\u00e1j\u00e1ra \u00e9p\u00fcl\u0151 processzor hat\u00e9kony energiafogyaszt\u00e1st biztos\u00edt, \u00edgy az energiahat\u00e9konys\u00e1g fel\u00e1ldoz\u00e1sa n\u00e9lk\u00fcl \u00e9lvezheti a nagy teljes\u00edtm\u00e9ny\u0171 sz\u00e1m\u00edt\u00e1stechnik\u00e1t. Ak\u00e1r agg\u00f3dik a k\u00f6rnyezet miatt, ak\u00e1r egyszer\u0171en csak cs\u00f6kkenteni szeretn\u00e9 villanysz\u00e1ml\u00e1it, a Core\u2122 i5-4460 processzor kiv\u00e1l\u00f3 v\u00e1laszt\u00e1s.<\/p>\n<p>Kiv\u00e9teles teljes\u00edtm\u00e9nye mellett ezt a processzort \u00fagy is tervezt\u00e9k, hogy z\u00f6kken\u0151mentes \u00e9s mag\u00e1val ragad\u00f3 vizu\u00e1lis \u00e9lm\u00e9nyt ny\u00fajtson. Az integr\u00e1lt Intel\u00ae HD Graphics seg\u00edts\u00e9g\u00e9vel leny\u0171g\u00f6z\u0151 l\u00e1tv\u00e1nyt, \u00e9l\u00e9nk sz\u00edneket \u00e9s sima grafikai megjelen\u00edt\u00e9st t\u00e1mogat, \u00edgy l\u00e9legzetel\u00e1ll\u00edt\u00f3 r\u00e9szletess\u00e9ggel \u00e9lvezheti a filmeket, j\u00e1t\u00e9kokat \u00e9s multim\u00e9di\u00e1s tartalmakat.<\/p>\n<p>Friss\u00edtse sz\u00e1m\u00edt\u00e1stechnikai \u00e9lm\u00e9ny\u00e9t az Intel\u00ae Core\u2122 i5-4460 processzorral. Leny\u0171g\u00f6z\u0151 teljes\u00edtm\u00e9ny\u00e9vel, hat\u00e9kony energiafogyaszt\u00e1s\u00e1val \u00e9s mag\u00e1val ragad\u00f3 grafikus k\u00e9pess\u00e9geivel ez a processzor t\u00f6k\u00e9letes v\u00e1laszt\u00e1s azoknak a felhaszn\u00e1l\u00f3knak, akik megb\u00edzhat\u00f3 \u00e9s nagy teljes\u00edtm\u00e9ny\u0171 megold\u00e1st keresnek. Fedezze fel val\u00f3di potenci\u00e1lj\u00e1t, \u00e9s v\u00e9gezzen el minden feladatot magabiztosan ezzel az \u00e9lvonalbeli processzorral.<\/p>\n","protected":false},"excerpt":{"rendered":"<p>Bemutatjuk az Intel\u00ae Core\u2122 i5-4460 processzort, egy nagy teljes\u00edtm\u00e9ny\u0171 sz\u00e1m\u00edt\u00e1stechnikai megold\u00e1st, amelyet a termel\u00e9kenys\u00e9g n\u00f6vel\u00e9s\u00e9re \u00e9s a digit\u00e1lis \u00e9lm\u00e9nyek jav\u00edt\u00e1s\u00e1ra terveztek. \u00c9lvonalbeli technol\u00f3gi\u00e1j\u00e1val \u00e9s leny\u0171g\u00f6z\u0151 teljes\u00edtm\u00e9ny\u00e9vel ez a processzor t\u00f6k\u00e9letes mind a munk\u00e1hoz, mind a j\u00e1t\u00e9khoz.<\/p>\n<p>&nbsp;<\/p>\n","protected":false},"featured_media":518,"template":"","meta":[],"product_brand":[],"product_cat":[39],"product_tag":[],"class_list":{"0":"post-483","1":"product","2":"type-product","3":"status-publish","4":"has-post-thumbnail","6":"product_cat-processors-cpu","8":"first","9":"instock","10":"taxable","11":"shipping-taxable","12":"purchasable","13":"product-type-simple"},"_links":{"self":[{"href":"https:\/\/boreait.com\/hu\/wp-json\/wp\/v2\/product\/483","targetHints":{"allow":["GET"]}}],"collection":[{"href":"https:\/\/boreait.com\/hu\/wp-json\/wp\/v2\/product"}],"about":[{"href":"https:\/\/boreait.com\/hu\/wp-json\/wp\/v2\/types\/product"}],"wp:featuredmedia":[{"embeddable":true,"href":"https:\/\/boreait.com\/hu\/wp-json\/wp\/v2\/media\/518"}],"wp:attachment":[{"href":"https:\/\/boreait.com\/hu\/wp-json\/wp\/v2\/media?parent=483"}],"wp:term":[{"taxonomy":"product_brand","embeddable":true,"href":"https:\/\/boreait.com\/hu\/wp-json\/wp\/v2\/product_brand?post=483"},{"taxonomy":"product_cat","embeddable":true,"href":"https:\/\/boreait.com\/hu\/wp-json\/wp\/v2\/product_cat?post=483"},{"taxonomy":"product_tag","embeddable":true,"href":"https:\/\/boreait.com\/hu\/wp-json\/wp\/v2\/product_tag?post=483"}],"curies":[{"name":"wp","href":"https:\/\/api.w.org\/{rel}","templated":true}]}}