{"id":4829,"date":"2025-09-17T11:05:46","date_gmt":"2025-09-17T09:05:46","guid":{"rendered":"https:\/\/boreait.com\/hu\/?post_type=product&#038;p=4829"},"modified":"2025-09-17T11:06:42","modified_gmt":"2025-09-17T09:06:42","slug":"macbook-pro-15-retina-antenna-bar-2016-vege-2019-eredeti-cserealkatresz","status":"publish","type":"product","link":"https:\/\/boreait.com\/hu\/termek\/macbook-pro-15-retina-antenna-bar-2016-vege-2019-eredeti-cserealkatresz\/","title":{"rendered":"MacBook Pro 15&#8243; Retina Antenna Bar (2016 v\u00e9ge-2019) \u2013 Eredeti cserealkatr\u00e9sz"},"content":{"rendered":"<p>A MacBook Pro 15&#8243; Retina (2016 v\u00e9ge-2019) Antenna Bar l\u00e9tfontoss\u00e1g\u00fa eleme laptopja vezet\u00e9k n\u00e9lk\u00fcli kapcsolat\u00e1nak. Ha probl\u00e9m\u00e1kat tapasztal a Wi-Fi- vagy Bluetooth-kapcsolattal, ennek az antennar\u00fadnak a cser\u00e9je vissza\u00e1ll\u00edthatja az optim\u00e1lis teljes\u00edtm\u00e9nyt.<\/p>\n<p>Az eredeti Apple cserealkatr\u00e9sznek tervezett antennar\u00fad z\u00f6kken\u0151mentes integr\u00e1ci\u00f3t biztos\u00edt MacBook Pro-j\u00e1val. Kifejezetten a 2016 v\u00e9g\u00e9t\u0151l 2019-ig terjed\u0151 15 h\u00fcvelykes MacBook Pro modellekhez lett kialak\u00edtva, t\u00f6k\u00e9letes illeszked\u00e9st \u00e9s funkcionalit\u00e1st k\u00edn\u00e1lva, amelyet egy eredeti Apple-komponenst\u0151l elv\u00e1rhat.<\/p>\n<p>F\u0151bb jellemz\u0151k:<\/p>\n<ul>\n<li>Kompatibilis MacBook Pro 15&#8243; Retin\u00e1val (2016 v\u00e9ge\u20132019)<\/li>\n<li>Eredeti Apple cserealkatr\u00e9sz<\/li>\n<li>Gondoskodik a megfelel\u0151 Wi-Fi- \u00e9s Bluetooth-kapcsolatr\u00f3l<\/li>\n<li>K\u00f6nnyen telep\u00edthet\u0151 (professzion\u00e1lis telep\u00edt\u00e9s javasolt)<\/li>\n<\/ul>\n<p>K\u00e9rj\u00fck, vegye figyelembe, hogy ez a lista val\u00f3s f\u00e9nyk\u00e9peket mutat be a MacBook Pro 15&#8243; Retina (2016 v\u00e9ge-2019) Antenna Bar-r\u00f3l. Nem tartalmaz utas\u00edt\u00e1sokat, de ennek a k\u00e9nyes alkatr\u00e9sznek a professzion\u00e1lis telep\u00edt\u00e9se javasolt. Ha k\u00e9rd\u00e9se van, vagy tov\u00e1bbi inform\u00e1ci\u00f3ra van sz\u00fcks\u00e9ge, forduljon bizalommal. \u00c1ll\u00edtsa helyre MacBook Pro g\u00e9peit ezzel a vezet\u00e9k n\u00e9lk\u00fcli, eredeti Apple-kapacit\u00e1ssal.<\/p>\n","protected":false},"excerpt":{"rendered":"<p>Cser\u00e9lje ki a s\u00e9r\u00fclt vagy hib\u00e1s MacBook Pro 15&#8243; Retina (2016-2019 v\u00e9ge) antennarudat erre az eredeti cserealkatr\u00e9szre. Ez az antennar\u00fad n\u00e9lk\u00fcl\u00f6zhetetlen a MacBook Pro optim\u00e1lis Wi-Fi- \u00e9s Bluetooth-kapcsolat\u00e1nak biztos\u00edt\u00e1s\u00e1hoz. Ezzel az eredeti Apple-komponenssel eszk\u00f6ze a lehet\u0151 legjobb teljes\u00edtm\u00e9nyt ny\u00fajtja.<\/p>\n","protected":false},"featured_media":4880,"template":"","meta":[],"product_brand":[],"product_cat":[27],"product_tag":[63],"class_list":{"0":"post-4829","1":"product","2":"type-product","3":"status-publish","4":"has-post-thumbnail","6":"product_cat-motherboards-board-parts","7":"product_tag-apple","9":"first","10":"instock","11":"taxable","12":"shipping-taxable","13":"purchasable","14":"product-type-simple"},"_links":{"self":[{"href":"https:\/\/boreait.com\/hu\/wp-json\/wp\/v2\/product\/4829","targetHints":{"allow":["GET"]}}],"collection":[{"href":"https:\/\/boreait.com\/hu\/wp-json\/wp\/v2\/product"}],"about":[{"href":"https:\/\/boreait.com\/hu\/wp-json\/wp\/v2\/types\/product"}],"wp:featuredmedia":[{"embeddable":true,"href":"https:\/\/boreait.com\/hu\/wp-json\/wp\/v2\/media\/4880"}],"wp:attachment":[{"href":"https:\/\/boreait.com\/hu\/wp-json\/wp\/v2\/media?parent=4829"}],"wp:term":[{"taxonomy":"product_brand","embeddable":true,"href":"https:\/\/boreait.com\/hu\/wp-json\/wp\/v2\/product_brand?post=4829"},{"taxonomy":"product_cat","embeddable":true,"href":"https:\/\/boreait.com\/hu\/wp-json\/wp\/v2\/product_cat?post=4829"},{"taxonomy":"product_tag","embeddable":true,"href":"https:\/\/boreait.com\/hu\/wp-json\/wp\/v2\/product_tag?post=4829"}],"curies":[{"name":"wp","href":"https:\/\/api.w.org\/{rel}","templated":true}]}}